{"id":4998,"date":"2019-05-28T16:58:38","date_gmt":"2019-05-28T14:58:38","guid":{"rendered":"https:\/\/fh-staging.vengo.cloud\/?product=gottlieber-retro-schmuckdose"},"modified":"2025-12-02T11:31:08","modified_gmt":"2025-12-02T10:31:08","slug":"gottlieber-boite-a-bijoux-retro-chateau-de-gottlieben","status":"publish","type":"product","link":"https:\/\/fh-staging.vengo.cloud\/fr-ch\/p\/gottlieber-retro-schmuckdose-schloss-gottlieben","title":{"rendered":"Gottlieber Bo\u00eete \u00e0 bijoux r\u00e9tro \"Ch\u00e2teau de Gottlieben"},"content":{"rendered":"<p>Silence harmonieux \u00e0 Gottlieben. Notre regard se pose sur le lac limpide du Rhin et sur le ch\u00e2teau de Gottlieben, situ\u00e9 \u00e0 l'extr\u00e9mit\u00e9 est de la petite commune. La photo de l'ann\u00e9e 1860 invite \u00e0 la r\u00eaverie et fait de la bo\u00eete r\u00e9tro redessin\u00e9e avec des d\u00e9tails gracieusement travaill\u00e9s un v\u00e9ritable accroche-regard. Rempli du m\u00e9lange traditionnel.<\/p>\n<p>Depuis janvier 2023, les bricelets de notre m\u00e9lange traditionnel sont v\u00e9g\u00e9taliens et sans huile de palme.<\/p>\n<p style=\"text-align: left\"><strong>Garniture de bricelets<\/strong><br \/>\nPralin\u00e9, moka, gianduja<\/p>\n<p style=\"text-align: left\"><strong>Contenu<\/strong><br \/>\n28 bouch\u00e9es (v\u00e9g\u00e9taliennes), 420 g<\/p>\n<p style=\"text-align: left\"><strong>Masse<\/strong><br \/>\n240 x 160 x 55 mm<\/p>\n<div class=\"ce_text block\">\n<p><a href=\"https:\/\/www.gottlieber.ch\/de\/online-shop\/naehrwertinformationen\" target=\"_blank\" rel=\"noopener\">Informations nutritionnelles et conseils pour les personnes allergiques<\/a><\/p>\n<\/div>","protected":false},"excerpt":{"rendered":"<p>Rempli de 28 bricelets Gottlieber du m\u00e9lange traditionnel (Pralin\u00e9, Mocca, Gianduja).<\/p>","protected":false},"featured_media":4999,"template":"","meta":[],"product_brand":[],"product_cat":[42,114,885,52,54],"product_tag":[286],"woo-feed-brand":[],"class_list":{"0":"post-4998","1":"product","2":"type-product","3":"status-publish","4":"has-post-thumbnail","6":"product_cat-kueche","7":"product_cat-schokolade-sweets","8":"product_cat-koestlichkeiten","9":"product_cat-geschenke","10":"product_cat-feinkost","11":"product_tag-gottlieber-spezialitaten-ag","13":"first","14":"instock","15":"taxable","16":"shipping-taxable","17":"purchasable","18":"product-type-simple"},"_links":{"self":[{"href":"https:\/\/fh-staging.vengo.cloud\/fr-ch\/wp-json\/wp\/v2\/product\/4998","targetHints":{"allow":["GET"]}}],"collection":[{"href":"https:\/\/fh-staging.vengo.cloud\/fr-ch\/wp-json\/wp\/v2\/product"}],"about":[{"href":"https:\/\/fh-staging.vengo.cloud\/fr-ch\/wp-json\/wp\/v2\/types\/product"}],"wp:featuredmedia":[{"embeddable":true,"href":"https:\/\/fh-staging.vengo.cloud\/fr-ch\/wp-json\/wp\/v2\/media\/4999"}],"wp:attachment":[{"href":"https:\/\/fh-staging.vengo.cloud\/fr-ch\/wp-json\/wp\/v2\/media?parent=4998"}],"wp:term":[{"taxonomy":"product_brand","embeddable":true,"href":"https:\/\/fh-staging.vengo.cloud\/fr-ch\/wp-json\/wp\/v2\/product_brand?post=4998"},{"taxonomy":"product_cat","embeddable":true,"href":"https:\/\/fh-staging.vengo.cloud\/fr-ch\/wp-json\/wp\/v2\/product_cat?post=4998"},{"taxonomy":"product_tag","embeddable":true,"href":"https:\/\/fh-staging.vengo.cloud\/fr-ch\/wp-json\/wp\/v2\/product_tag?post=4998"},{"taxonomy":"woo-feed-brand","embeddable":true,"href":"https:\/\/fh-staging.vengo.cloud\/fr-ch\/wp-json\/wp\/v2\/woo-feed-brand?post=4998"}],"curies":[{"name":"wp","href":"https:\/\/api.w.org\/{rel}","templated":true}]}}