{"id":4974,"date":"2019-05-21T13:33:23","date_gmt":"2019-05-21T11:33:23","guid":{"rendered":"https:\/\/fh-staging.vengo.cloud\/?product=gottlieber-geschenkset-black-white"},"modified":"2025-12-02T11:31:11","modified_gmt":"2025-12-02T10:31:11","slug":"gottlieber-set-cadeau-black-white","status":"publish","type":"product","link":"https:\/\/fh-staging.vengo.cloud\/fr-ch\/p\/gottlieber-geschenkset-black-white","title":{"rendered":"Set cadeau Gottlieber \"Black &amp; White"},"content":{"rendered":"<div class=\"description\">\n<p>Le coffret cadeau \"Black &amp; White\" en offre pour tous les go\u00fbts : les amateurs de chocolat noir seront g\u00e2t\u00e9s avec les mini-bouch\u00e9es Black Special Grand Cru. Ceux qui pr\u00e9f\u00e8rent l'exotisme et la l\u00e9g\u00e8ret\u00e9 se d\u00e9lecteront des mini bouch\u00e9es cr\u00e9meuses et fra\u00eeches de Noix de Coco. La collection raffin\u00e9e est compl\u00e9t\u00e9e par les noisettes et les amandes au cacao Gottlieber tr\u00e8s appr\u00e9ci\u00e9es.<\/p>\n<\/div>\n<p style=\"text-align: left\"><strong>Garniture de bricelets<\/strong><br \/>\nNoix de Coco, Black Special Grand Cru<\/p>\n<p style=\"text-align: left\"><strong>Contenu<\/strong><br \/>\n22 Mini-bouch\u00e9es Noix de Coco, 85 g<br \/>\n22 mini-bouch\u00e9es Black Special Grand Cru, 95 g<br \/>\nNoisettes au chocolat blanc, 200 g<br \/>\nAmandes de cacao, 200 g<\/p>\n<p><strong>Masse<\/strong><br \/>\n365 x 380 x 98 mm<\/p>\n<p style=\"text-align: left\"><a href=\"https:\/\/www.gottlieber.ch\/de\/online-shop\/naehrwertinformationen\" target=\"_blank\" rel=\"noopener\"> Informations nutritionnelles et conseils pour les personnes allergiques<\/a><\/p>","protected":false},"excerpt":{"rendered":"<p>Collection cadeau raffin\u00e9e de la maison Gottlieber avec des mini bouch\u00e9es Noix de Coco et Black Special Grand Cru ainsi qu'une bo\u00eete d'amandes au cacao et une bo\u00eete de noisettes.<\/p>","protected":false},"featured_media":40513,"template":"","meta":[],"product_brand":[],"product_cat":[114,42,885,52,54],"product_tag":[286],"woo-feed-brand":[],"class_list":{"0":"post-4974","1":"product","2":"type-product","3":"status-publish","4":"has-post-thumbnail","6":"product_cat-schokolade-sweets","7":"product_cat-kueche","8":"product_cat-koestlichkeiten","9":"product_cat-geschenke","10":"product_cat-feinkost","11":"product_tag-gottlieber-spezialitaten-ag","13":"first","14":"instock","15":"taxable","16":"shipping-taxable","17":"purchasable","18":"product-type-simple"},"_links":{"self":[{"href":"https:\/\/fh-staging.vengo.cloud\/fr-ch\/wp-json\/wp\/v2\/product\/4974","targetHints":{"allow":["GET"]}}],"collection":[{"href":"https:\/\/fh-staging.vengo.cloud\/fr-ch\/wp-json\/wp\/v2\/product"}],"about":[{"href":"https:\/\/fh-staging.vengo.cloud\/fr-ch\/wp-json\/wp\/v2\/types\/product"}],"wp:featuredmedia":[{"embeddable":true,"href":"https:\/\/fh-staging.vengo.cloud\/fr-ch\/wp-json\/wp\/v2\/media\/40513"}],"wp:attachment":[{"href":"https:\/\/fh-staging.vengo.cloud\/fr-ch\/wp-json\/wp\/v2\/media?parent=4974"}],"wp:term":[{"taxonomy":"product_brand","embeddable":true,"href":"https:\/\/fh-staging.vengo.cloud\/fr-ch\/wp-json\/wp\/v2\/product_brand?post=4974"},{"taxonomy":"product_cat","embeddable":true,"href":"https:\/\/fh-staging.vengo.cloud\/fr-ch\/wp-json\/wp\/v2\/product_cat?post=4974"},{"taxonomy":"product_tag","embeddable":true,"href":"https:\/\/fh-staging.vengo.cloud\/fr-ch\/wp-json\/wp\/v2\/product_tag?post=4974"},{"taxonomy":"woo-feed-brand","embeddable":true,"href":"https:\/\/fh-staging.vengo.cloud\/fr-ch\/wp-json\/wp\/v2\/woo-feed-brand?post=4974"}],"curies":[{"name":"wp","href":"https:\/\/api.w.org\/{rel}","templated":true}]}}