{"id":49385,"date":"2024-11-29T14:12:13","date_gmt":"2024-11-29T13:12:13","guid":{"rendered":"https:\/\/fh-staging.vengo.cloud\/de-ch\/?post_type=product&#038;p=49385"},"modified":"2025-10-16T15:43:14","modified_gmt":"2025-10-16T13:43:14","slug":"bougeoir-djana-petit","status":"publish","type":"product","link":"https:\/\/fh-staging.vengo.cloud\/fr-ch\/p\/kerzenstaender-djana-klein","title":{"rendered":"Chandelier Djana petit"},"content":{"rendered":"<p>D\u00e9couvre l'\u00e9l\u00e9gance intemporelle du <strong>Chandelier Djana<\/strong>. Avec une hauteur impressionnante de 74 cm et une largeur de 18 cm, ce bougeoir \u00e9l\u00e9gant apporte une atmosph\u00e8re chaleureuse et accueillante dans chaque pi\u00e8ce.<\/p>","protected":false},"excerpt":{"rendered":"<p>Chandelier Djana : un \u00e9clairage \u00e9l\u00e9gant pour ta maison<\/p>","protected":false},"featured_media":49386,"template":"","meta":[],"product_brand":[],"product_cat":[104,23,1000,797,1024,999,909,1179,911,28],"product_tag":[983],"woo-feed-brand":[],"class_list":{"0":"post-49385","1":"product","2":"type-product","3":"status-publish","4":"has-post-thumbnail","6":"product_cat-kerzenhalter","7":"product_cat-home-living","8":"product_cat-valentinstagsdeko","9":"product_cat-muttertag","10":"product_cat-muttertagsdeko","11":"product_cat-valentinstag","12":"product_cat-weihnachten","13":"product_cat-weihnachtsdeko","14":"product_cat-accessoires","15":"product_cat-kerzen-lichter","16":"product_tag-selection-by-fleurophome","18":"first","19":"instock","20":"taxable","21":"shipping-taxable","22":"purchasable","23":"product-type-simple"},"_links":{"self":[{"href":"https:\/\/fh-staging.vengo.cloud\/fr-ch\/wp-json\/wp\/v2\/product\/49385","targetHints":{"allow":["GET"]}}],"collection":[{"href":"https:\/\/fh-staging.vengo.cloud\/fr-ch\/wp-json\/wp\/v2\/product"}],"about":[{"href":"https:\/\/fh-staging.vengo.cloud\/fr-ch\/wp-json\/wp\/v2\/types\/product"}],"wp:featuredmedia":[{"embeddable":true,"href":"https:\/\/fh-staging.vengo.cloud\/fr-ch\/wp-json\/wp\/v2\/media\/49386"}],"wp:attachment":[{"href":"https:\/\/fh-staging.vengo.cloud\/fr-ch\/wp-json\/wp\/v2\/media?parent=49385"}],"wp:term":[{"taxonomy":"product_brand","embeddable":true,"href":"https:\/\/fh-staging.vengo.cloud\/fr-ch\/wp-json\/wp\/v2\/product_brand?post=49385"},{"taxonomy":"product_cat","embeddable":true,"href":"https:\/\/fh-staging.vengo.cloud\/fr-ch\/wp-json\/wp\/v2\/product_cat?post=49385"},{"taxonomy":"product_tag","embeddable":true,"href":"https:\/\/fh-staging.vengo.cloud\/fr-ch\/wp-json\/wp\/v2\/product_tag?post=49385"},{"taxonomy":"woo-feed-brand","embeddable":true,"href":"https:\/\/fh-staging.vengo.cloud\/fr-ch\/wp-json\/wp\/v2\/woo-feed-brand?post=49385"}],"curies":[{"name":"wp","href":"https:\/\/api.w.org\/{rel}","templated":true}]}}