{"id":49221,"date":"2024-11-28T07:22:18","date_gmt":"2024-11-28T06:22:18","guid":{"rendered":"https:\/\/fh-staging.vengo.cloud\/de-ch\/p\/batterien-aa-4stk-blister"},"modified":"2025-04-01T03:57:40","modified_gmt":"2025-04-01T01:57:40","slug":"piles-aa-4stk-blister","status":"publish","type":"product","link":"https:\/\/fh-staging.vengo.cloud\/fr-ch\/p\/batterien-aa-4stk-blister","title":{"rendered":"Batterien &#8218;AA&#8216; 4stk Blister"},"content":{"rendered":"<p>Avec une \u00e9mission d'\u00e9nergie pr\u00e9cise et de longue dur\u00e9e, les piles alcalines sont la source d'\u00e9nergie id\u00e9ale pour les appareils quotidiens les plus divers avec une consommation moyenne. Cela comprend les appareils \u00e9lectriques comme les t\u00e9l\u00e9commandes, les lampes de poche, les r\u00e9veils ou les horloges murales. Avec la pile, tu as toujours une alimentation ind\u00e9pendante \u00e0 port\u00e9e de main en cas de panne de courant ou d'une autre urgence.<\/p>\n<p><strong>Sp\u00e9cifications<\/strong><br \/>\nTension de fonctionnement : 1,5 volt<br \/>\nType de pile : LR6<br \/>\nCapacit\u00e9 : 2960 mAh<br \/>\nCouleur : noir<br \/>\nLongueur : 1,45 cm<br \/>\nLargeur : 1,45 cm<br \/>\nHauteur : 5,05 cm<br \/>\nPoids brut : 98 g<br \/>\nPoids net : 23 g<br \/>\nGarantie : 24 mois<br \/>\nDimension de l'emballage (largeur) : 1,40 cm<br \/>\nDimensions de l'emballage (hauteur) : 12.00 cm<br \/>\nDimensions de l'emballage (profondeur) : 8.30 cm<br \/>\nCat\u00e9gorie d'articles : Alcaline<\/p>","protected":false},"excerpt":{"rendered":"<p>La source d'\u00e9nergie id\u00e9ale pour les appareils quotidiens les plus divers<\/p>","protected":false},"featured_media":49220,"template":"","meta":[],"product_brand":[],"product_cat":[29,23],"product_tag":[289],"woo-feed-brand":[],"class_list":{"0":"post-49221","1":"product","2":"type-product","3":"status-publish","4":"has-post-thumbnail","6":"product_cat-do-it-yourself","7":"product_cat-home-living","8":"product_tag-blumengarten-kung-ag","10":"first","11":"instock","12":"taxable","13":"shipping-taxable","14":"purchasable","15":"product-type-simple"},"_links":{"self":[{"href":"https:\/\/fh-staging.vengo.cloud\/fr-ch\/wp-json\/wp\/v2\/product\/49221","targetHints":{"allow":["GET"]}}],"collection":[{"href":"https:\/\/fh-staging.vengo.cloud\/fr-ch\/wp-json\/wp\/v2\/product"}],"about":[{"href":"https:\/\/fh-staging.vengo.cloud\/fr-ch\/wp-json\/wp\/v2\/types\/product"}],"wp:featuredmedia":[{"embeddable":true,"href":"https:\/\/fh-staging.vengo.cloud\/fr-ch\/wp-json\/wp\/v2\/media\/49220"}],"wp:attachment":[{"href":"https:\/\/fh-staging.vengo.cloud\/fr-ch\/wp-json\/wp\/v2\/media?parent=49221"}],"wp:term":[{"taxonomy":"product_brand","embeddable":true,"href":"https:\/\/fh-staging.vengo.cloud\/fr-ch\/wp-json\/wp\/v2\/product_brand?post=49221"},{"taxonomy":"product_cat","embeddable":true,"href":"https:\/\/fh-staging.vengo.cloud\/fr-ch\/wp-json\/wp\/v2\/product_cat?post=49221"},{"taxonomy":"product_tag","embeddable":true,"href":"https:\/\/fh-staging.vengo.cloud\/fr-ch\/wp-json\/wp\/v2\/product_tag?post=49221"},{"taxonomy":"woo-feed-brand","embeddable":true,"href":"https:\/\/fh-staging.vengo.cloud\/fr-ch\/wp-json\/wp\/v2\/woo-feed-brand?post=49221"}],"curies":[{"name":"wp","href":"https:\/\/api.w.org\/{rel}","templated":true}]}}