{"id":49101,"date":"2024-11-27T10:00:33","date_gmt":"2024-11-27T09:00:33","guid":{"rendered":"https:\/\/fh-staging.vengo.cloud\/de-ch\/?post_type=product&#038;p=49101"},"modified":"2025-10-22T09:04:07","modified_gmt":"2025-10-22T07:04:07","slug":"montre-dublin","status":"publish","type":"product","link":"https:\/\/fh-staging.vengo.cloud\/fr-ch\/p\/uhr-dublin","title":{"rendered":"Horloge Dublin"},"content":{"rendered":"<p>D\u00e9couvre la combinaison parfaite entre <strong>Design classique<\/strong> et <strong>l'\u00e9l\u00e9gance moderne<\/strong> avec la <strong>Horloge Dublin<\/strong>. Cette charmante horloge au look de r\u00e9veil ajoute une touche de charme r\u00e9tro \u00e0 n'importe quelle pi\u00e8ce et s'adapte parfaitement \u00e0 diff\u00e9rents styles d'int\u00e9rieur.<\/p>\n<p><strong><br \/>\nRemarque importante :<\/strong><br \/>\nPas de piles incluses : Les piles ne sont pas incluses et doivent \u00eatre achet\u00e9es s\u00e9par\u00e9ment.<\/p>","protected":false},"excerpt":{"rendered":"<p>L'horloge Dublin : un look de r\u00e9veil classique pour une \u00e9l\u00e9gance moderne<\/p>","protected":false},"featured_media":49211,"template":"","meta":[],"product_brand":[],"product_cat":[30,23,1190],"product_tag":[983],"woo-feed-brand":[],"class_list":{"0":"post-49101","1":"product","2":"type-product","3":"status-publish","4":"has-post-thumbnail","6":"product_cat-deko-accessoires","7":"product_cat-home-living","8":"product_cat-dekoobjekte","9":"product_tag-selection-by-fleurophome","11":"first","12":"instock","13":"taxable","14":"shipping-taxable","15":"purchasable","16":"product-type-simple"},"_links":{"self":[{"href":"https:\/\/fh-staging.vengo.cloud\/fr-ch\/wp-json\/wp\/v2\/product\/49101","targetHints":{"allow":["GET"]}}],"collection":[{"href":"https:\/\/fh-staging.vengo.cloud\/fr-ch\/wp-json\/wp\/v2\/product"}],"about":[{"href":"https:\/\/fh-staging.vengo.cloud\/fr-ch\/wp-json\/wp\/v2\/types\/product"}],"wp:featuredmedia":[{"embeddable":true,"href":"https:\/\/fh-staging.vengo.cloud\/fr-ch\/wp-json\/wp\/v2\/media\/49211"}],"wp:attachment":[{"href":"https:\/\/fh-staging.vengo.cloud\/fr-ch\/wp-json\/wp\/v2\/media?parent=49101"}],"wp:term":[{"taxonomy":"product_brand","embeddable":true,"href":"https:\/\/fh-staging.vengo.cloud\/fr-ch\/wp-json\/wp\/v2\/product_brand?post=49101"},{"taxonomy":"product_cat","embeddable":true,"href":"https:\/\/fh-staging.vengo.cloud\/fr-ch\/wp-json\/wp\/v2\/product_cat?post=49101"},{"taxonomy":"product_tag","embeddable":true,"href":"https:\/\/fh-staging.vengo.cloud\/fr-ch\/wp-json\/wp\/v2\/product_tag?post=49101"},{"taxonomy":"woo-feed-brand","embeddable":true,"href":"https:\/\/fh-staging.vengo.cloud\/fr-ch\/wp-json\/wp\/v2\/woo-feed-brand?post=49101"}],"curies":[{"name":"wp","href":"https:\/\/api.w.org\/{rel}","templated":true}]}}