{"id":4858,"date":"2019-05-06T17:02:16","date_gmt":"2019-05-06T15:02:16","guid":{"rendered":"https:\/\/fh-staging.vengo.cloud\/?product=rose-boxli-weiss-blume-3000"},"modified":"2025-11-13T17:23:05","modified_gmt":"2025-11-13T16:23:05","slug":"rose-boexli-blanc-fleur-3000","status":"publish","type":"product","link":"https:\/\/fh-staging.vengo.cloud\/fr-ch\/p\/rose-boexli-weiss-blume-3000","title":{"rendered":"Rose-B\u00f6xli blanc - fleur 3000"},"content":{"rendered":"<p>Cette bo\u00eete de roses contient 9 roses nobles blanches fra\u00eeches blume 3000. Les roses sont parfaitement hydrat\u00e9es gr\u00e2ce \u00e0 un emballage humide en cours de route. Enl\u00e8ve simplement l'emballage humide, ajoute de l'eau et profite longtemps de la beaut\u00e9 des roses. Note que la couleur des roses peut \u00eatre l\u00e9g\u00e8rement diff\u00e9rente de celle des images du produit.<\/p>\n<p><strong>Durabilit\u00e9 &amp; commerce \u00e9quitable :<\/strong><\/p>\n<ul>\n<li>Garantie de conservation : 5 jours<\/li>\n<li>100% Certifi\u00e9 Fairtrade<\/li>\n<\/ul>\n<p><strong>Composition :<\/strong><\/p>\n<ul>\n<li>9 roses nobles en blanc<\/li>\n<li>B\u00f6xli avec insert de remplissage d'eau<\/li>\n<\/ul>","protected":false},"excerpt":{"rendered":"<p>Des roses pr\u00e9cieuses fra\u00eeches dans un boxli en rose tr\u00e8s tendance - 100% Des roses certifi\u00e9es Fairtrade pour une qualit\u00e9 et une durabilit\u00e9 optimales.<\/p>","protected":false},"featured_media":4859,"template":"","meta":[],"product_brand":[],"product_cat":[112,23,26,52,55],"product_tag":[284],"woo-feed-brand":[],"class_list":{"0":"post-4858","1":"product","2":"type-product","3":"status-publish","4":"has-post-thumbnail","6":"product_cat-schnittblumen","7":"product_cat-home-living","8":"product_cat-blumen-pflanzen","9":"product_cat-geschenke","10":"product_cat-blumige-geschenke","11":"product_tag-blume-3000","13":"first","14":"instock","15":"taxable","16":"shipping-taxable","17":"purchasable","18":"product-type-simple"},"_links":{"self":[{"href":"https:\/\/fh-staging.vengo.cloud\/fr-ch\/wp-json\/wp\/v2\/product\/4858","targetHints":{"allow":["GET"]}}],"collection":[{"href":"https:\/\/fh-staging.vengo.cloud\/fr-ch\/wp-json\/wp\/v2\/product"}],"about":[{"href":"https:\/\/fh-staging.vengo.cloud\/fr-ch\/wp-json\/wp\/v2\/types\/product"}],"wp:featuredmedia":[{"embeddable":true,"href":"https:\/\/fh-staging.vengo.cloud\/fr-ch\/wp-json\/wp\/v2\/media\/4859"}],"wp:attachment":[{"href":"https:\/\/fh-staging.vengo.cloud\/fr-ch\/wp-json\/wp\/v2\/media?parent=4858"}],"wp:term":[{"taxonomy":"product_brand","embeddable":true,"href":"https:\/\/fh-staging.vengo.cloud\/fr-ch\/wp-json\/wp\/v2\/product_brand?post=4858"},{"taxonomy":"product_cat","embeddable":true,"href":"https:\/\/fh-staging.vengo.cloud\/fr-ch\/wp-json\/wp\/v2\/product_cat?post=4858"},{"taxonomy":"product_tag","embeddable":true,"href":"https:\/\/fh-staging.vengo.cloud\/fr-ch\/wp-json\/wp\/v2\/product_tag?post=4858"},{"taxonomy":"woo-feed-brand","embeddable":true,"href":"https:\/\/fh-staging.vengo.cloud\/fr-ch\/wp-json\/wp\/v2\/woo-feed-brand?post=4858"}],"curies":[{"name":"wp","href":"https:\/\/api.w.org\/{rel}","templated":true}]}}