{"id":48316,"date":"2024-12-09T10:41:15","date_gmt":"2024-12-09T09:41:15","guid":{"rendered":"https:\/\/fh-staging.vengo.cloud\/de-ch\/p\/canada-women-m"},"modified":"2025-04-01T03:56:23","modified_gmt":"2025-04-01T01:56:23","slug":"canada-femmes-m","status":"publish","type":"product","link":"https:\/\/fh-staging.vengo.cloud\/fr-ch\/p\/canada-women-m","title":{"rendered":"Canada Femmes M"},"content":{"rendered":"<p>Canada Women - Le gant id\u00e9al pour le printemps ou l'automne. Convient pour tous les travaux de jardinage.<\/p>\n<p data-pm-slice=\"1 1 []\">Gr\u00e2ce \u00e0 la fonction \u00e9cran tactile, tous les appareils comme le t\u00e9l\u00e9phone portable, le smartphone ou la tablette peuvent \u00eatre utilis\u00e9s sans probl\u00e8me. N'enl\u00e8ve plus tes gants lorsque ton smartphone sonne.<\/p>\n<p><strong>Taille : 8 ou M<\/strong><\/p>","protected":false},"excerpt":{"rendered":"<p>Convient \u00e0 tous les travaux de jardinage. Compatible avec l'\u00e9cran tactile<\/p>","protected":false},"featured_media":48332,"template":"","meta":[],"product_brand":[],"product_cat":[39,34,1064],"product_tag":[973],"woo-feed-brand":[],"class_list":{"0":"post-48316","1":"product","2":"type-product","3":"status-publish","4":"has-post-thumbnail","6":"product_cat-gartenzubehoer","7":"product_cat-garten-balkon","8":"product_cat-gartenhandschuhe","9":"product_tag-samen-mauser","11":"first","12":"instock","13":"taxable","14":"shipping-taxable","15":"purchasable","16":"product-type-simple"},"_links":{"self":[{"href":"https:\/\/fh-staging.vengo.cloud\/fr-ch\/wp-json\/wp\/v2\/product\/48316","targetHints":{"allow":["GET"]}}],"collection":[{"href":"https:\/\/fh-staging.vengo.cloud\/fr-ch\/wp-json\/wp\/v2\/product"}],"about":[{"href":"https:\/\/fh-staging.vengo.cloud\/fr-ch\/wp-json\/wp\/v2\/types\/product"}],"wp:featuredmedia":[{"embeddable":true,"href":"https:\/\/fh-staging.vengo.cloud\/fr-ch\/wp-json\/wp\/v2\/media\/48332"}],"wp:attachment":[{"href":"https:\/\/fh-staging.vengo.cloud\/fr-ch\/wp-json\/wp\/v2\/media?parent=48316"}],"wp:term":[{"taxonomy":"product_brand","embeddable":true,"href":"https:\/\/fh-staging.vengo.cloud\/fr-ch\/wp-json\/wp\/v2\/product_brand?post=48316"},{"taxonomy":"product_cat","embeddable":true,"href":"https:\/\/fh-staging.vengo.cloud\/fr-ch\/wp-json\/wp\/v2\/product_cat?post=48316"},{"taxonomy":"product_tag","embeddable":true,"href":"https:\/\/fh-staging.vengo.cloud\/fr-ch\/wp-json\/wp\/v2\/product_tag?post=48316"},{"taxonomy":"woo-feed-brand","embeddable":true,"href":"https:\/\/fh-staging.vengo.cloud\/fr-ch\/wp-json\/wp\/v2\/woo-feed-brand?post=48316"}],"curies":[{"name":"wp","href":"https:\/\/api.w.org\/{rel}","templated":true}]}}