{"id":48312,"date":"2024-12-09T10:41:15","date_gmt":"2024-12-09T09:41:15","guid":{"rendered":"https:\/\/fh-staging.vengo.cloud\/de-ch\/p\/handschuh-nerine-s"},"modified":"2025-04-01T03:56:28","modified_gmt":"2025-04-01T01:56:28","slug":"gant-nerine-s","status":"publish","type":"product","link":"https:\/\/fh-staging.vengo.cloud\/fr-ch\/p\/handschuh-nerine-s","title":{"rendered":"Gant NERINE S"},"content":{"rendered":"<p>Gant en polyamide avec rev\u00eatement en latex. Paume imperm\u00e9able et tr\u00e8s bonne dext\u00e9rit\u00e9. Id\u00e9al pour les travaux de jardinage l\u00e9gers. Tr\u00e8s confortable, en violet.<\/p>\n<p><strong>Taille 8 ou S<\/strong><\/p>","protected":false},"excerpt":{"rendered":"<p>Id\u00e9al pour les travaux de jardinage l\u00e9gers.<\/p>","protected":false},"featured_media":48333,"template":"","meta":[],"product_brand":[],"product_cat":[39,34,1064],"product_tag":[973],"woo-feed-brand":[],"class_list":{"0":"post-48312","1":"product","2":"type-product","3":"status-publish","4":"has-post-thumbnail","6":"product_cat-gartenzubehoer","7":"product_cat-garten-balkon","8":"product_cat-gartenhandschuhe","9":"product_tag-samen-mauser","11":"first","12":"instock","13":"taxable","14":"shipping-taxable","15":"purchasable","16":"product-type-simple"},"_links":{"self":[{"href":"https:\/\/fh-staging.vengo.cloud\/fr-ch\/wp-json\/wp\/v2\/product\/48312","targetHints":{"allow":["GET"]}}],"collection":[{"href":"https:\/\/fh-staging.vengo.cloud\/fr-ch\/wp-json\/wp\/v2\/product"}],"about":[{"href":"https:\/\/fh-staging.vengo.cloud\/fr-ch\/wp-json\/wp\/v2\/types\/product"}],"wp:featuredmedia":[{"embeddable":true,"href":"https:\/\/fh-staging.vengo.cloud\/fr-ch\/wp-json\/wp\/v2\/media\/48333"}],"wp:attachment":[{"href":"https:\/\/fh-staging.vengo.cloud\/fr-ch\/wp-json\/wp\/v2\/media?parent=48312"}],"wp:term":[{"taxonomy":"product_brand","embeddable":true,"href":"https:\/\/fh-staging.vengo.cloud\/fr-ch\/wp-json\/wp\/v2\/product_brand?post=48312"},{"taxonomy":"product_cat","embeddable":true,"href":"https:\/\/fh-staging.vengo.cloud\/fr-ch\/wp-json\/wp\/v2\/product_cat?post=48312"},{"taxonomy":"product_tag","embeddable":true,"href":"https:\/\/fh-staging.vengo.cloud\/fr-ch\/wp-json\/wp\/v2\/product_tag?post=48312"},{"taxonomy":"woo-feed-brand","embeddable":true,"href":"https:\/\/fh-staging.vengo.cloud\/fr-ch\/wp-json\/wp\/v2\/woo-feed-brand?post=48312"}],"curies":[{"name":"wp","href":"https:\/\/api.w.org\/{rel}","templated":true}]}}