{"id":48308,"date":"2024-12-09T10:41:16","date_gmt":"2024-12-09T09:41:16","guid":{"rendered":"https:\/\/fh-staging.vengo.cloud\/de-ch\/p\/kinderhandschuh-bird-margot"},"modified":"2025-06-20T14:44:48","modified_gmt":"2025-06-20T12:44:48","slug":"gants-pour-enfants-bird-margot","status":"publish","type":"product","link":"https:\/\/fh-staging.vengo.cloud\/fr-ch\/p\/kinderhandschuh-bird-margot","title":{"rendered":"Gant pour enfant Bird Margot"},"content":{"rendered":"<p>Gant pour enfants en polyamide 100 % avec enduction latex. Pour les travaux de jardinage l\u00e9gers. Imperm\u00e9able \u00e0 la paume de la main. Avec lani\u00e8re pour ne pas perdre le gant.\n6-8 ans<\/p>\n<p><strong>6-8 ans<\/strong><\/p>","protected":false},"excerpt":{"rendered":"<p>Pour les travaux de jardinage l\u00e9gers<\/p>","protected":false},"featured_media":48724,"template":"","meta":[],"product_brand":[],"product_cat":[39,34,1064,1122,59,60],"product_tag":[973],"woo-feed-brand":[],"class_list":{"0":"post-48308","1":"product","2":"type-product","3":"status-publish","4":"has-post-thumbnail","6":"product_cat-gartenzubehoer","7":"product_cat-garten-balkon","8":"product_cat-gartenhandschuhe","9":"product_cat-kids-im-gruenen","10":"product_cat-kids","11":"product_cat-kindertextilien","12":"product_tag-samen-mauser","14":"first","15":"instock","16":"taxable","17":"shipping-taxable","18":"purchasable","19":"product-type-simple"},"_links":{"self":[{"href":"https:\/\/fh-staging.vengo.cloud\/fr-ch\/wp-json\/wp\/v2\/product\/48308","targetHints":{"allow":["GET"]}}],"collection":[{"href":"https:\/\/fh-staging.vengo.cloud\/fr-ch\/wp-json\/wp\/v2\/product"}],"about":[{"href":"https:\/\/fh-staging.vengo.cloud\/fr-ch\/wp-json\/wp\/v2\/types\/product"}],"wp:featuredmedia":[{"embeddable":true,"href":"https:\/\/fh-staging.vengo.cloud\/fr-ch\/wp-json\/wp\/v2\/media\/48724"}],"wp:attachment":[{"href":"https:\/\/fh-staging.vengo.cloud\/fr-ch\/wp-json\/wp\/v2\/media?parent=48308"}],"wp:term":[{"taxonomy":"product_brand","embeddable":true,"href":"https:\/\/fh-staging.vengo.cloud\/fr-ch\/wp-json\/wp\/v2\/product_brand?post=48308"},{"taxonomy":"product_cat","embeddable":true,"href":"https:\/\/fh-staging.vengo.cloud\/fr-ch\/wp-json\/wp\/v2\/product_cat?post=48308"},{"taxonomy":"product_tag","embeddable":true,"href":"https:\/\/fh-staging.vengo.cloud\/fr-ch\/wp-json\/wp\/v2\/product_tag?post=48308"},{"taxonomy":"woo-feed-brand","embeddable":true,"href":"https:\/\/fh-staging.vengo.cloud\/fr-ch\/wp-json\/wp\/v2\/woo-feed-brand?post=48308"}],"curies":[{"name":"wp","href":"https:\/\/api.w.org\/{rel}","templated":true}]}}