{"id":48255,"date":"2024-12-20T09:47:39","date_gmt":"2024-12-20T08:47:39","guid":{"rendered":"https:\/\/fh-staging.vengo.cloud\/?post_type=product&#038;p=48255"},"modified":"2025-04-01T03:49:14","modified_gmt":"2025-04-01T01:49:14","slug":"boite-murale-blanc-naturel-avec-set-de-3-plantes-silver-shine-bundle","status":"publish","type":"product","link":"https:\/\/fh-staging.vengo.cloud\/fr-ch\/p\/wandbox-naturweiss-inkl-3er-pflanzenset-silver-shine-bundle","title":{"rendered":"Bo\u00eete murale blanc naturel avec set de 3 plantes Silver Shine (Bundle)"},"content":{"rendered":"<p>\"The Box\" est le premier jalon de la d\u00e9marche d'Urban GREENERY pour rendre les villes \u00e0 nouveau plus vertes. Il s'agit d'un syst\u00e8me de v\u00e9g\u00e9talisation murale professionnel qui allie design et fonctionnalit\u00e9 \u00e0 la durabilit\u00e9.<\/p>\n<p>\"The Box\" a \u00e9t\u00e9 d\u00e9velopp\u00e9e en collaboration avec des jardiniers et garantit la meilleure sant\u00e9 des plantes. Le syst\u00e8me d'arrosage intelligent avec voile capillaire et indicateur de niveau d'eau minimise les soins, tandis que le dos ferm\u00e9 prot\u00e8ge les murs.<br \/>\nLe syst\u00e8me est con\u00e7u de mani\u00e8re modulaire et peut \u00eatre \u00e9tendu de mani\u00e8re simple et flexible. Qu'il s'agisse d'un petit accroche-regard ou d'un mur entier de plantes, tout est r\u00e9alisable en quelques minutes gr\u00e2ce au syst\u00e8me de rails innovant de \"The Box\". Les plantes sont les stars, mais les modules eux-m\u00eames s\u00e9duisent par leur design minimaliste et moderne et leur apparence de qualit\u00e9. L'intervalle d'arrosage pour The Box est de 14 \u00e0 21 jours. Si tu as plusieurs boxes, seule la rang\u00e9e sup\u00e9rieure est arros\u00e9e \u00e0 chaque fois.<\/p>\n<p><strong>Mat\u00e9riaux<\/strong><br \/>\nLes modules Basis.BOX sont fabriqu\u00e9s \u00e0 partir de granul\u00e9s de PP recycl\u00e9s provenant de l'UE.<\/p>\n<p><strong>Production<br \/>\n<\/strong>Tous les modules de \"The Box\" sont produits en Allemagne. Pour cela, ils misent sur des processus de production durables avec l'utilisation de la chaleur r\u00e9siduelle, la regranulation et l'utilisation d'\u00e9lectricit\u00e9 verte.<strong><br \/>\n<\/strong><\/p>\n<p><strong>Construction et installation<\/strong><br \/>\nModularit\u00e9 : le syst\u00e8me brevet\u00e9 d'embo\u00eetement des rails de montage permet une extension parfaitement adapt\u00e9e.<br \/>\nFonctionnel : le syst\u00e8me d'irrigation est extensible verticalement et garantit un entretien minimal, m\u00eame pour les plantations murales de grande taille.<br \/>\nConfortable : The Box est pr\u00e9-assembl\u00e9e et d\u00e9j\u00e0 remplie de substrat de qualit\u00e9 sup\u00e9rieure en terreau bio premium. La plantation se fait rapidement avec un minimum de salet\u00e9.<\/p>\n<p><strong>Plantes et soins<br \/>\n<\/strong><\/p>\n<ul>\n<li>Box.3 est aliment\u00e9 en eau fra\u00eeche par le trou d'arrosage en moyenne deux fois par mois.<strong><br \/>\n<\/strong><\/li>\n<li>Le syst\u00e8me d'irrigation est connect\u00e9 verticalement et garantit, dans le cas de plusieurs modules install\u00e9s, que toute une rang\u00e9e d'un mur de plantes est aliment\u00e9e par une seule ouverture d'arrosage.<\/li>\n<li>Il est recommand\u00e9 d'utiliser des engrais liquides.<\/li>\n<\/ul>\n<p>&nbsp;<\/p>\n<p><strong>Contenu de la livraison<\/strong><\/p>\n<ul>\n<li>Bo\u00eete.3<\/li>\n<li>1x sac de terreau bio<\/li>\n<li>Set de 3 plantes Green Paradise :<br \/>\n- Fittonia verschaffeltii<br \/>\n- Scindapsus pictus<br \/>\n- Tradescantia Pink Joy<\/li>\n<\/ul>\n<p>&nbsp;<\/p>\n<ul>\n<li><strong>Des indices :<br \/>\n<\/strong>- Les <a href=\"https:\/\/fh-staging.vengo.cloud\/fr-ch\/p\/kit-de-montage-original-the-box\/\">Rails de fixation<\/a> sont <strong>pas<\/strong> inclus dans la livraison et peuvent \u00eatre achet\u00e9s s\u00e9par\u00e9ment dans notre boutique en ligne.<br \/>\n- Pour les plantes, selon la saison, il peut y avoir <strong>Divergences<\/strong> venir.<\/li>\n<\/ul>","protected":false},"excerpt":{"rendered":"<p>Le site <a href=\"https:\/\/fh-staging.vengo.cloud\/fr-ch\/p\/kit-de-montage-original-the-box\/\">Rails de fixation<\/a> sont <strong>pas<\/strong> inclus dans la livraison et peuvent \u00eatre achet\u00e9s s\u00e9par\u00e9ment dans notre boutique en ligne.<\/p>","protected":false},"featured_media":48258,"template":"","meta":[],"product_brand":[],"product_cat":[896,23,862],"product_tag":[282],"woo-feed-brand":[],"class_list":{"0":"post-48255","1":"product","2":"type-product","3":"status-publish","4":"has-post-thumbnail","6":"product_cat-wandbox","7":"product_cat-home-living","8":"product_cat-innenbegruenung","9":"product_tag-fleurop-interflora","11":"first","12":"instock","13":"taxable","14":"shipping-taxable","15":"product-type-grouped"},"_links":{"self":[{"href":"https:\/\/fh-staging.vengo.cloud\/fr-ch\/wp-json\/wp\/v2\/product\/48255","targetHints":{"allow":["GET"]}}],"collection":[{"href":"https:\/\/fh-staging.vengo.cloud\/fr-ch\/wp-json\/wp\/v2\/product"}],"about":[{"href":"https:\/\/fh-staging.vengo.cloud\/fr-ch\/wp-json\/wp\/v2\/types\/product"}],"wp:featuredmedia":[{"embeddable":true,"href":"https:\/\/fh-staging.vengo.cloud\/fr-ch\/wp-json\/wp\/v2\/media\/48258"}],"wp:attachment":[{"href":"https:\/\/fh-staging.vengo.cloud\/fr-ch\/wp-json\/wp\/v2\/media?parent=48255"}],"wp:term":[{"taxonomy":"product_brand","embeddable":true,"href":"https:\/\/fh-staging.vengo.cloud\/fr-ch\/wp-json\/wp\/v2\/product_brand?post=48255"},{"taxonomy":"product_cat","embeddable":true,"href":"https:\/\/fh-staging.vengo.cloud\/fr-ch\/wp-json\/wp\/v2\/product_cat?post=48255"},{"taxonomy":"product_tag","embeddable":true,"href":"https:\/\/fh-staging.vengo.cloud\/fr-ch\/wp-json\/wp\/v2\/product_tag?post=48255"},{"taxonomy":"woo-feed-brand","embeddable":true,"href":"https:\/\/fh-staging.vengo.cloud\/fr-ch\/wp-json\/wp\/v2\/woo-feed-brand?post=48255"}],"curies":[{"name":"wp","href":"https:\/\/api.w.org\/{rel}","templated":true}]}}