{"id":48247,"date":"2024-12-09T10:41:20","date_gmt":"2024-12-09T09:41:20","guid":{"rendered":"https:\/\/fh-staging.vengo.cloud\/de-ch\/p\/pflanzsttze-mohn"},"modified":"2025-07-09T12:47:45","modified_gmt":"2025-07-09T10:47:45","slug":"supports-de-plantes-pour-coquelicots","status":"publish","type":"product","link":"https:\/\/fh-staging.vengo.cloud\/fr-ch\/p\/pflanzstuetze-mohn","title":{"rendered":"Tuteur de plantation coquelicot"},"content":{"rendered":"<p>Ce joli support d\u00e9coratif pour plantes en forme de coquelicot est fabriqu\u00e9 en acier au look rouille. Id\u00e9al comme d\u00e9coration de jardin.<\/p>\n<p><strong>Taille 76.2 cm<\/strong><\/p>","protected":false},"excerpt":{"rendered":"<p>Id\u00e9al comme d\u00e9coration de jardin.<\/p>","protected":false},"featured_media":59059,"template":"","meta":[],"product_brand":[],"product_cat":[35,34],"product_tag":[973],"woo-feed-brand":[],"class_list":{"0":"post-48247","1":"product","2":"type-product","3":"status-publish","4":"has-post-thumbnail","6":"product_cat-gartendeko","7":"product_cat-garten-balkon","8":"product_tag-samen-mauser","10":"first","11":"instock","12":"taxable","13":"shipping-taxable","14":"purchasable","15":"product-type-simple"},"_links":{"self":[{"href":"https:\/\/fh-staging.vengo.cloud\/fr-ch\/wp-json\/wp\/v2\/product\/48247","targetHints":{"allow":["GET"]}}],"collection":[{"href":"https:\/\/fh-staging.vengo.cloud\/fr-ch\/wp-json\/wp\/v2\/product"}],"about":[{"href":"https:\/\/fh-staging.vengo.cloud\/fr-ch\/wp-json\/wp\/v2\/types\/product"}],"wp:featuredmedia":[{"embeddable":true,"href":"https:\/\/fh-staging.vengo.cloud\/fr-ch\/wp-json\/wp\/v2\/media\/59059"}],"wp:attachment":[{"href":"https:\/\/fh-staging.vengo.cloud\/fr-ch\/wp-json\/wp\/v2\/media?parent=48247"}],"wp:term":[{"taxonomy":"product_brand","embeddable":true,"href":"https:\/\/fh-staging.vengo.cloud\/fr-ch\/wp-json\/wp\/v2\/product_brand?post=48247"},{"taxonomy":"product_cat","embeddable":true,"href":"https:\/\/fh-staging.vengo.cloud\/fr-ch\/wp-json\/wp\/v2\/product_cat?post=48247"},{"taxonomy":"product_tag","embeddable":true,"href":"https:\/\/fh-staging.vengo.cloud\/fr-ch\/wp-json\/wp\/v2\/product_tag?post=48247"},{"taxonomy":"woo-feed-brand","embeddable":true,"href":"https:\/\/fh-staging.vengo.cloud\/fr-ch\/wp-json\/wp\/v2\/woo-feed-brand?post=48247"}],"curies":[{"name":"wp","href":"https:\/\/api.w.org\/{rel}","templated":true}]}}