{"id":48226,"date":"2024-12-09T10:41:23","date_gmt":"2024-12-09T09:41:23","guid":{"rendered":"https:\/\/fh-staging.vengo.cloud\/de-ch\/p\/taschengrtel-tamerice-one-size-man-woman-anthracite"},"modified":"2025-05-12T14:42:19","modified_gmt":"2025-05-12T12:42:19","slug":"ceinture-de-poche-tamerice-one-size-man-woman-anthracite","status":"publish","type":"product","link":"https:\/\/fh-staging.vengo.cloud\/fr-ch\/p\/taschenguertel-tamerice-one-size-man-woman-anthracite","title":{"rendered":"Ceinture de poche TAMERICE One Size Man Woman Anthracite"},"content":{"rendered":"<p>La ceinture pratique Tamerice dispose d'un r\u00e9glage \u00e0 la taille. Les trois poches qui la composent sont amovibles, tu peux donc changer la disposition de la ceinture selon tes besoins. Cette ceinture \u00e9quip\u00e9e est parfaite pour ranger tous les outils n\u00e9cessaires aux petits travaux autour de la maison, ce qui en fait un compagnon id\u00e9al pour ton passe-temps favori.<\/p>","protected":false},"excerpt":{"rendered":"<p>La ceinture pratique Tamerice dispose d'un r\u00e9glage \u00e0 la taille.<\/p>","protected":false},"featured_media":52433,"template":"","meta":[],"product_brand":[],"product_cat":[39,1089,1088,34,1065],"product_tag":[973],"woo-feed-brand":[],"class_list":{"0":"post-48226","1":"product","2":"type-product","3":"status-publish","4":"has-post-thumbnail","6":"product_cat-gartenzubehoer","7":"product_cat-hobbygaertner","8":"product_cat-vatertag","9":"product_cat-garten-balkon","10":"product_cat-gartenschuerze","11":"product_tag-samen-mauser","13":"first","14":"instock","15":"taxable","16":"shipping-taxable","17":"purchasable","18":"product-type-simple"},"_links":{"self":[{"href":"https:\/\/fh-staging.vengo.cloud\/fr-ch\/wp-json\/wp\/v2\/product\/48226","targetHints":{"allow":["GET"]}}],"collection":[{"href":"https:\/\/fh-staging.vengo.cloud\/fr-ch\/wp-json\/wp\/v2\/product"}],"about":[{"href":"https:\/\/fh-staging.vengo.cloud\/fr-ch\/wp-json\/wp\/v2\/types\/product"}],"wp:featuredmedia":[{"embeddable":true,"href":"https:\/\/fh-staging.vengo.cloud\/fr-ch\/wp-json\/wp\/v2\/media\/52433"}],"wp:attachment":[{"href":"https:\/\/fh-staging.vengo.cloud\/fr-ch\/wp-json\/wp\/v2\/media?parent=48226"}],"wp:term":[{"taxonomy":"product_brand","embeddable":true,"href":"https:\/\/fh-staging.vengo.cloud\/fr-ch\/wp-json\/wp\/v2\/product_brand?post=48226"},{"taxonomy":"product_cat","embeddable":true,"href":"https:\/\/fh-staging.vengo.cloud\/fr-ch\/wp-json\/wp\/v2\/product_cat?post=48226"},{"taxonomy":"product_tag","embeddable":true,"href":"https:\/\/fh-staging.vengo.cloud\/fr-ch\/wp-json\/wp\/v2\/product_tag?post=48226"},{"taxonomy":"woo-feed-brand","embeddable":true,"href":"https:\/\/fh-staging.vengo.cloud\/fr-ch\/wp-json\/wp\/v2\/woo-feed-brand?post=48226"}],"curies":[{"name":"wp","href":"https:\/\/api.w.org\/{rel}","templated":true}]}}