{"id":48193,"date":"2024-12-09T10:41:28","date_gmt":"2024-12-09T09:41:28","guid":{"rendered":"https:\/\/fh-staging.vengo.cloud\/de-ch\/p\/kinder-winterhandschuh-bear-prosper"},"modified":"2025-06-20T14:44:43","modified_gmt":"2025-06-20T12:44:43","slug":"gants-dhiver-pour-enfants-bear-prosper","status":"publish","type":"product","link":"https:\/\/fh-staging.vengo.cloud\/fr-ch\/p\/kinder-winterhandschuh-bear-prosper","title":{"rendered":"Gants d'hiver pour enfants Bear Prosper"},"content":{"rendered":"<p>Gant 'douillet' super doux en coton 70%, polyamide 30%, s\u00e9rigraphie PVC sur la paume. Pour les travaux de jardinage l\u00e9gers pendant l'intersaison. Avec lani\u00e8re pour ne pas perdre le gant.\n3-6 ans<\/p>\n<p><strong>De 3 \u00e0 6 ans<\/strong><\/p>","protected":false},"excerpt":{"rendered":"<p>Pour les travaux de jardinage l\u00e9gers pendant l'intersaison.<\/p>","protected":false},"featured_media":48372,"template":"","meta":[],"product_brand":[],"product_cat":[60,34,1064,39,1122,59],"product_tag":[973],"woo-feed-brand":[],"class_list":{"0":"post-48193","1":"product","2":"type-product","3":"status-publish","4":"has-post-thumbnail","6":"product_cat-kindertextilien","7":"product_cat-garten-balkon","8":"product_cat-gartenhandschuhe","9":"product_cat-gartenzubehoer","10":"product_cat-kids-im-gruenen","11":"product_cat-kids","12":"product_tag-samen-mauser","14":"first","15":"instock","16":"taxable","17":"shipping-taxable","18":"purchasable","19":"product-type-simple"},"_links":{"self":[{"href":"https:\/\/fh-staging.vengo.cloud\/fr-ch\/wp-json\/wp\/v2\/product\/48193","targetHints":{"allow":["GET"]}}],"collection":[{"href":"https:\/\/fh-staging.vengo.cloud\/fr-ch\/wp-json\/wp\/v2\/product"}],"about":[{"href":"https:\/\/fh-staging.vengo.cloud\/fr-ch\/wp-json\/wp\/v2\/types\/product"}],"wp:featuredmedia":[{"embeddable":true,"href":"https:\/\/fh-staging.vengo.cloud\/fr-ch\/wp-json\/wp\/v2\/media\/48372"}],"wp:attachment":[{"href":"https:\/\/fh-staging.vengo.cloud\/fr-ch\/wp-json\/wp\/v2\/media?parent=48193"}],"wp:term":[{"taxonomy":"product_brand","embeddable":true,"href":"https:\/\/fh-staging.vengo.cloud\/fr-ch\/wp-json\/wp\/v2\/product_brand?post=48193"},{"taxonomy":"product_cat","embeddable":true,"href":"https:\/\/fh-staging.vengo.cloud\/fr-ch\/wp-json\/wp\/v2\/product_cat?post=48193"},{"taxonomy":"product_tag","embeddable":true,"href":"https:\/\/fh-staging.vengo.cloud\/fr-ch\/wp-json\/wp\/v2\/product_tag?post=48193"},{"taxonomy":"woo-feed-brand","embeddable":true,"href":"https:\/\/fh-staging.vengo.cloud\/fr-ch\/wp-json\/wp\/v2\/woo-feed-brand?post=48193"}],"curies":[{"name":"wp","href":"https:\/\/api.w.org\/{rel}","templated":true}]}}