{"id":48171,"date":"2024-12-09T10:41:31","date_gmt":"2024-12-09T09:41:31","guid":{"rendered":"https:\/\/fh-staging.vengo.cloud\/de-ch\/p\/giesskanne-pilea-elfenbein"},"modified":"2025-05-14T11:40:03","modified_gmt":"2025-05-14T09:40:03","slug":"arrosoir-pilea-ivoire","status":"publish","type":"product","link":"https:\/\/fh-staging.vengo.cloud\/fr-ch\/p\/giesskanne-pilea-elfenbein","title":{"rendered":"Arrosoir Pilea ivoire"},"content":{"rendered":"<p>L'arrosoir pour plantes d'int\u00e9rieur est parfait pour l'int\u00e9rieur, que ce soit dans les pi\u00e8ces \u00e0 vivre ou sur le balcon. Fabriqu\u00e9 \u00e0 partir de mat\u00e9riaux recycl\u00e9s.<\/p>\n<p><strong>Taille 3.8 l<\/strong><\/p>","protected":false},"excerpt":{"rendered":"<p>Fabriqu\u00e9 \u00e0 partir de mat\u00e9riaux recycl\u00e9s<\/p>","protected":false},"featured_media":48864,"template":"","meta":[],"product_brand":[],"product_cat":[37,34],"product_tag":[973],"woo-feed-brand":[],"class_list":{"0":"post-48171","1":"product","2":"type-product","3":"status-publish","4":"has-post-thumbnail","6":"product_cat-giesskannen","7":"product_cat-garten-balkon","8":"product_tag-samen-mauser","10":"first","11":"instock","12":"taxable","13":"shipping-taxable","14":"purchasable","15":"product-type-simple"},"_links":{"self":[{"href":"https:\/\/fh-staging.vengo.cloud\/fr-ch\/wp-json\/wp\/v2\/product\/48171","targetHints":{"allow":["GET"]}}],"collection":[{"href":"https:\/\/fh-staging.vengo.cloud\/fr-ch\/wp-json\/wp\/v2\/product"}],"about":[{"href":"https:\/\/fh-staging.vengo.cloud\/fr-ch\/wp-json\/wp\/v2\/types\/product"}],"wp:featuredmedia":[{"embeddable":true,"href":"https:\/\/fh-staging.vengo.cloud\/fr-ch\/wp-json\/wp\/v2\/media\/48864"}],"wp:attachment":[{"href":"https:\/\/fh-staging.vengo.cloud\/fr-ch\/wp-json\/wp\/v2\/media?parent=48171"}],"wp:term":[{"taxonomy":"product_brand","embeddable":true,"href":"https:\/\/fh-staging.vengo.cloud\/fr-ch\/wp-json\/wp\/v2\/product_brand?post=48171"},{"taxonomy":"product_cat","embeddable":true,"href":"https:\/\/fh-staging.vengo.cloud\/fr-ch\/wp-json\/wp\/v2\/product_cat?post=48171"},{"taxonomy":"product_tag","embeddable":true,"href":"https:\/\/fh-staging.vengo.cloud\/fr-ch\/wp-json\/wp\/v2\/product_tag?post=48171"},{"taxonomy":"woo-feed-brand","embeddable":true,"href":"https:\/\/fh-staging.vengo.cloud\/fr-ch\/wp-json\/wp\/v2\/woo-feed-brand?post=48171"}],"curies":[{"name":"wp","href":"https:\/\/api.w.org\/{rel}","templated":true}]}}