{"id":48157,"date":"2024-12-09T10:41:34","date_gmt":"2024-12-09T09:41:34","guid":{"rendered":"https:\/\/fh-staging.vengo.cloud\/de-ch\/p\/gartenschlauch-flexi-30-m-10"},"modified":"2025-04-01T03:51:34","modified_gmt":"2025-04-01T01:51:34","slug":"tuyau-de-jardin-flexi-30-m-10","status":"publish","type":"product","link":"https:\/\/fh-staging.vengo.cloud\/fr-ch\/p\/gartenschlauch-flexi-30-m-10","title":{"rendered":"Tuyau d'arrosage Flexi 30 m + 10"},"content":{"rendered":"<p>Le tuyau d'arrosage flexible s'\u00e9tend jusqu'\u00e0 trois fois sa longueur sous la pression de l'eau. Plus besoin de s'emm\u00ealer ou de se plier. Apr\u00e8s utilisation, il se r\u00e9tracte automatiquement, ce qui \u00e9conomise de la place et le rend super l\u00e9ger. Ce tuyau n\u00e9cessite une pression continue d'au moins 4 bars pour fonctionner de mani\u00e8re optimale.<\/p>","protected":false},"excerpt":{"rendered":"<p>Le tuyau d'arrosage flexible s'\u00e9tend jusqu'\u00e0 trois fois sa longueur sous la pression de l'eau.<\/p>","protected":false},"featured_media":48838,"template":"","meta":[],"product_brand":[],"product_cat":[39,34],"product_tag":[973],"woo-feed-brand":[],"class_list":{"0":"post-48157","1":"product","2":"type-product","3":"status-publish","4":"has-post-thumbnail","6":"product_cat-gartenzubehoer","7":"product_cat-garten-balkon","8":"product_tag-samen-mauser","10":"first","11":"instock","12":"taxable","13":"shipping-taxable","14":"purchasable","15":"product-type-simple"},"_links":{"self":[{"href":"https:\/\/fh-staging.vengo.cloud\/fr-ch\/wp-json\/wp\/v2\/product\/48157","targetHints":{"allow":["GET"]}}],"collection":[{"href":"https:\/\/fh-staging.vengo.cloud\/fr-ch\/wp-json\/wp\/v2\/product"}],"about":[{"href":"https:\/\/fh-staging.vengo.cloud\/fr-ch\/wp-json\/wp\/v2\/types\/product"}],"wp:featuredmedia":[{"embeddable":true,"href":"https:\/\/fh-staging.vengo.cloud\/fr-ch\/wp-json\/wp\/v2\/media\/48838"}],"wp:attachment":[{"href":"https:\/\/fh-staging.vengo.cloud\/fr-ch\/wp-json\/wp\/v2\/media?parent=48157"}],"wp:term":[{"taxonomy":"product_brand","embeddable":true,"href":"https:\/\/fh-staging.vengo.cloud\/fr-ch\/wp-json\/wp\/v2\/product_brand?post=48157"},{"taxonomy":"product_cat","embeddable":true,"href":"https:\/\/fh-staging.vengo.cloud\/fr-ch\/wp-json\/wp\/v2\/product_cat?post=48157"},{"taxonomy":"product_tag","embeddable":true,"href":"https:\/\/fh-staging.vengo.cloud\/fr-ch\/wp-json\/wp\/v2\/product_tag?post=48157"},{"taxonomy":"woo-feed-brand","embeddable":true,"href":"https:\/\/fh-staging.vengo.cloud\/fr-ch\/wp-json\/wp\/v2\/woo-feed-brand?post=48157"}],"curies":[{"name":"wp","href":"https:\/\/api.w.org\/{rel}","templated":true}]}}