{"id":48127,"date":"2024-12-09T10:41:38","date_gmt":"2024-12-09T09:41:38","guid":{"rendered":"https:\/\/fh-staging.vengo.cloud\/de-ch\/p\/zink-wanne-nature-26-cm"},"modified":"2025-11-10T13:59:29","modified_gmt":"2025-11-10T12:59:29","slug":"zink-baignoire-nature-o-26-cm","status":"publish","type":"product","link":"https:\/\/fh-staging.vengo.cloud\/fr-ch\/p\/zink-wanne-nature-o-26-cm","title":{"rendered":"Bac en zinc nature, \u00f8 26 cm"},"content":{"rendered":"<p>Donne \u00e0 ta maison ou \u00e0 ton jardin un charme rustique avec notre bac d\u00e9coratif en zinc. La poign\u00e9e en bois la rend non seulement facile \u00e0 transporter, mais elle est \u00e9galement id\u00e9ale comme pot de fleurs ou comme aide pratique dans la maison et le jardin.\nHauteur : 12 cm\n\u00d8 26 cm<\/p>\n<p><strong>Hauteur : 12 cm<\/strong><br \/>\n<strong>\u00d8 26 cm<\/strong><\/p>","protected":false},"excerpt":{"rendered":"<p>Donne \u00e0 ta maison ou \u00e0 ton jardin un charme rustique avec notre baignoire d\u00e9corative en zinc.<\/p>","protected":false},"featured_media":52409,"template":"","meta":[],"product_brand":[],"product_cat":[40,23,27,34],"product_tag":[973],"woo-feed-brand":[],"class_list":{"0":"post-48127","1":"product","2":"type-product","3":"status-publish","4":"has-post-thumbnail","6":"product_cat-uebertoepfe","7":"product_cat-home-living","8":"product_cat-vasen-gefaesse","9":"product_cat-garten-balkon","10":"product_tag-samen-mauser","12":"first","13":"instock","14":"taxable","15":"shipping-taxable","16":"purchasable","17":"product-type-simple"},"_links":{"self":[{"href":"https:\/\/fh-staging.vengo.cloud\/fr-ch\/wp-json\/wp\/v2\/product\/48127","targetHints":{"allow":["GET"]}}],"collection":[{"href":"https:\/\/fh-staging.vengo.cloud\/fr-ch\/wp-json\/wp\/v2\/product"}],"about":[{"href":"https:\/\/fh-staging.vengo.cloud\/fr-ch\/wp-json\/wp\/v2\/types\/product"}],"wp:featuredmedia":[{"embeddable":true,"href":"https:\/\/fh-staging.vengo.cloud\/fr-ch\/wp-json\/wp\/v2\/media\/52409"}],"wp:attachment":[{"href":"https:\/\/fh-staging.vengo.cloud\/fr-ch\/wp-json\/wp\/v2\/media?parent=48127"}],"wp:term":[{"taxonomy":"product_brand","embeddable":true,"href":"https:\/\/fh-staging.vengo.cloud\/fr-ch\/wp-json\/wp\/v2\/product_brand?post=48127"},{"taxonomy":"product_cat","embeddable":true,"href":"https:\/\/fh-staging.vengo.cloud\/fr-ch\/wp-json\/wp\/v2\/product_cat?post=48127"},{"taxonomy":"product_tag","embeddable":true,"href":"https:\/\/fh-staging.vengo.cloud\/fr-ch\/wp-json\/wp\/v2\/product_tag?post=48127"},{"taxonomy":"woo-feed-brand","embeddable":true,"href":"https:\/\/fh-staging.vengo.cloud\/fr-ch\/wp-json\/wp\/v2\/woo-feed-brand?post=48127"}],"curies":[{"name":"wp","href":"https:\/\/api.w.org\/{rel}","templated":true}]}}