{"id":48116,"date":"2024-12-09T10:41:40","date_gmt":"2024-12-09T09:41:40","guid":{"rendered":"https:\/\/fh-staging.vengo.cloud\/de-ch\/p\/hochbeet-classic-douglasie-fsc"},"modified":"2025-12-18T10:44:00","modified_gmt":"2025-12-18T09:44:00","slug":"parterre-sureleve-classic-douglasie-fsc","status":"publish","type":"product","link":"https:\/\/fh-staging.vengo.cloud\/fr-ch\/p\/hochbeet-classic-douglasie-fsc","title":{"rendered":"Parterre sur\u00e9lev\u00e9 CLASSIC Douglas FSC"},"content":{"rendered":"<p>Le parterre sur\u00e9lev\u00e9 \"CLASSIC Douglasie FSC\" est un parterre attrayant en bois de douglas non trait\u00e9 avec une \u00e9paisseur de planche solide de 20 mm. Les solides pieds m\u00e9talliques noirs mats en acier galvanis\u00e9 et peint par poudrage donnent \u00e0 ce parterre sur\u00e9lev\u00e9 non seulement un aspect moderne, mais assurent \u00e9galement sa stabilit\u00e9. La livraison comprend \u00e9galement un liner int\u00e9rieur compos\u00e9 d'un film et d'un agrotextile.<\/p>\n<p><strong>Taille 98 x 50 x 80 cm<\/strong><\/p>","protected":false},"excerpt":{"rendered":"<p>Le parterre sur\u00e9lev\u00e9 \"CLASSIC Douglasie FSC\" est un parterre attrayant en bois de douglas non trait\u00e9 avec une \u00e9paisseur de planche solide de 20 mm.<\/p>","protected":false},"featured_media":48464,"template":"","meta":[],"product_brand":[],"product_cat":[38,34],"product_tag":[973],"woo-feed-brand":[],"class_list":{"0":"post-48116","1":"product","2":"type-product","3":"status-publish","4":"has-post-thumbnail","6":"product_cat-hochbeete","7":"product_cat-garten-balkon","8":"product_tag-samen-mauser","10":"first","11":"instock","12":"taxable","13":"shipping-taxable","14":"purchasable","15":"product-type-simple"},"_links":{"self":[{"href":"https:\/\/fh-staging.vengo.cloud\/fr-ch\/wp-json\/wp\/v2\/product\/48116","targetHints":{"allow":["GET"]}}],"collection":[{"href":"https:\/\/fh-staging.vengo.cloud\/fr-ch\/wp-json\/wp\/v2\/product"}],"about":[{"href":"https:\/\/fh-staging.vengo.cloud\/fr-ch\/wp-json\/wp\/v2\/types\/product"}],"wp:featuredmedia":[{"embeddable":true,"href":"https:\/\/fh-staging.vengo.cloud\/fr-ch\/wp-json\/wp\/v2\/media\/48464"}],"wp:attachment":[{"href":"https:\/\/fh-staging.vengo.cloud\/fr-ch\/wp-json\/wp\/v2\/media?parent=48116"}],"wp:term":[{"taxonomy":"product_brand","embeddable":true,"href":"https:\/\/fh-staging.vengo.cloud\/fr-ch\/wp-json\/wp\/v2\/product_brand?post=48116"},{"taxonomy":"product_cat","embeddable":true,"href":"https:\/\/fh-staging.vengo.cloud\/fr-ch\/wp-json\/wp\/v2\/product_cat?post=48116"},{"taxonomy":"product_tag","embeddable":true,"href":"https:\/\/fh-staging.vengo.cloud\/fr-ch\/wp-json\/wp\/v2\/product_tag?post=48116"},{"taxonomy":"woo-feed-brand","embeddable":true,"href":"https:\/\/fh-staging.vengo.cloud\/fr-ch\/wp-json\/wp\/v2\/woo-feed-brand?post=48116"}],"curies":[{"name":"wp","href":"https:\/\/api.w.org\/{rel}","templated":true}]}}