{"id":48102,"date":"2024-12-09T10:41:42","date_gmt":"2024-12-09T09:41:42","guid":{"rendered":"https:\/\/fh-staging.vengo.cloud\/de-ch\/p\/wegleuchte-regenbogen"},"modified":"2025-04-01T03:50:52","modified_gmt":"2025-04-01T01:50:52","slug":"feu-de-chemin-arc-en-ciel","status":"publish","type":"product","link":"https:\/\/fh-staging.vengo.cloud\/fr-ch\/p\/wegleuchte-regenbogen","title":{"rendered":"Lampe de chemin Arc-en-ciel"},"content":{"rendered":"<p>Fais l'exp\u00e9rience d'un \u00e9clairage \u00e9l\u00e9gant pour ton espace ext\u00e9rieur gr\u00e2ce \u00e0 nos lampes de chemin \u00e0 \u00e9nergie solaire au design moderne craquel\u00e9. Les couleurs changeantes cr\u00e9ent un effet arc-en-ciel sur le sol, et les lampes sont fabriqu\u00e9es en acier inoxydable et en verre de haute qualit\u00e9. Ces luminaires \u00e9l\u00e9gants offrent non seulement un \u00e9clairage pratique, mais constituent \u00e9galement une d\u00e9coration attrayante pendant la journ\u00e9e.<\/p>\n<p><strong>LED de couleur uniquement<\/strong><br \/>\n<strong>Boule \u00d8 8 cm<\/strong><br \/>\n<strong>Batterie : AA<\/strong><br \/>\n<strong>Hauteur : 37 cm<\/strong><\/p>","protected":false},"excerpt":{"rendered":"<p>Fais l'exp\u00e9rience d'un \u00e9clairage \u00e9l\u00e9gant pour ton ext\u00e9rieur gr\u00e2ce \u00e0 nos lampes de chemin \u00e0 \u00e9nergie solaire au design moderne craquel\u00e9.<\/p>","protected":false},"featured_media":48473,"template":"","meta":[],"product_brand":[],"product_cat":[35,23,108,28,34],"product_tag":[973],"woo-feed-brand":[],"class_list":{"0":"post-48102","1":"product","2":"type-product","3":"status-publish","4":"has-post-thumbnail","6":"product_cat-gartendeko","7":"product_cat-home-living","8":"product_cat-lichterketten-laternen","9":"product_cat-kerzen-lichter","10":"product_cat-garten-balkon","11":"product_tag-samen-mauser","13":"first","14":"instock","15":"taxable","16":"shipping-taxable","17":"purchasable","18":"product-type-simple"},"_links":{"self":[{"href":"https:\/\/fh-staging.vengo.cloud\/fr-ch\/wp-json\/wp\/v2\/product\/48102","targetHints":{"allow":["GET"]}}],"collection":[{"href":"https:\/\/fh-staging.vengo.cloud\/fr-ch\/wp-json\/wp\/v2\/product"}],"about":[{"href":"https:\/\/fh-staging.vengo.cloud\/fr-ch\/wp-json\/wp\/v2\/types\/product"}],"wp:featuredmedia":[{"embeddable":true,"href":"https:\/\/fh-staging.vengo.cloud\/fr-ch\/wp-json\/wp\/v2\/media\/48473"}],"wp:attachment":[{"href":"https:\/\/fh-staging.vengo.cloud\/fr-ch\/wp-json\/wp\/v2\/media?parent=48102"}],"wp:term":[{"taxonomy":"product_brand","embeddable":true,"href":"https:\/\/fh-staging.vengo.cloud\/fr-ch\/wp-json\/wp\/v2\/product_brand?post=48102"},{"taxonomy":"product_cat","embeddable":true,"href":"https:\/\/fh-staging.vengo.cloud\/fr-ch\/wp-json\/wp\/v2\/product_cat?post=48102"},{"taxonomy":"product_tag","embeddable":true,"href":"https:\/\/fh-staging.vengo.cloud\/fr-ch\/wp-json\/wp\/v2\/product_tag?post=48102"},{"taxonomy":"woo-feed-brand","embeddable":true,"href":"https:\/\/fh-staging.vengo.cloud\/fr-ch\/wp-json\/wp\/v2\/woo-feed-brand?post=48102"}],"curies":[{"name":"wp","href":"https:\/\/api.w.org\/{rel}","templated":true}]}}