{"id":48092,"date":"2024-12-09T10:41:44","date_gmt":"2024-12-09T09:41:44","guid":{"rendered":"https:\/\/fh-staging.vengo.cloud\/de-ch\/p\/wegleuchte-majestic"},"modified":"2025-05-14T11:45:40","modified_gmt":"2025-05-14T09:45:40","slug":"lampe-de-chemin-majestic","status":"publish","type":"product","link":"https:\/\/fh-staging.vengo.cloud\/fr-ch\/p\/wegleuchte-majestic","title":{"rendered":"Lampe de chemin Majestic"},"content":{"rendered":"<p>Embellis ton jardin avec notre \u00e9clairage d'all\u00e9e solaire au design moderne craquel\u00e9. Fabriqu\u00e9 en acier inoxydable et en verre de haute qualit\u00e9, ce luminaire ajoute une touche contemporaine et \u00e9l\u00e9gante \u00e0 ton espace ext\u00e9rieur.<\/p>\n<p>LED blanches et color\u00e9es.<br \/>\n\u00d8 de la boule : 10 cm<br \/>\nBatterie : AA<br \/>\nHauteur : 47 cm<\/p>","protected":false},"excerpt":{"rendered":"<p>Donne \u00e0 ton espace ext\u00e9rieur une touche contemporaine et styl\u00e9e.<\/p>","protected":false},"featured_media":48091,"template":"","meta":[],"product_brand":[],"product_cat":[35,23,108,28,34],"product_tag":[973],"woo-feed-brand":[],"class_list":{"0":"post-48092","1":"product","2":"type-product","3":"status-publish","4":"has-post-thumbnail","6":"product_cat-gartendeko","7":"product_cat-home-living","8":"product_cat-lichterketten-laternen","9":"product_cat-kerzen-lichter","10":"product_cat-garten-balkon","11":"product_tag-samen-mauser","13":"first","14":"instock","15":"taxable","16":"shipping-taxable","17":"purchasable","18":"product-type-simple"},"_links":{"self":[{"href":"https:\/\/fh-staging.vengo.cloud\/fr-ch\/wp-json\/wp\/v2\/product\/48092","targetHints":{"allow":["GET"]}}],"collection":[{"href":"https:\/\/fh-staging.vengo.cloud\/fr-ch\/wp-json\/wp\/v2\/product"}],"about":[{"href":"https:\/\/fh-staging.vengo.cloud\/fr-ch\/wp-json\/wp\/v2\/types\/product"}],"wp:featuredmedia":[{"embeddable":true,"href":"https:\/\/fh-staging.vengo.cloud\/fr-ch\/wp-json\/wp\/v2\/media\/48091"}],"wp:attachment":[{"href":"https:\/\/fh-staging.vengo.cloud\/fr-ch\/wp-json\/wp\/v2\/media?parent=48092"}],"wp:term":[{"taxonomy":"product_brand","embeddable":true,"href":"https:\/\/fh-staging.vengo.cloud\/fr-ch\/wp-json\/wp\/v2\/product_brand?post=48092"},{"taxonomy":"product_cat","embeddable":true,"href":"https:\/\/fh-staging.vengo.cloud\/fr-ch\/wp-json\/wp\/v2\/product_cat?post=48092"},{"taxonomy":"product_tag","embeddable":true,"href":"https:\/\/fh-staging.vengo.cloud\/fr-ch\/wp-json\/wp\/v2\/product_tag?post=48092"},{"taxonomy":"woo-feed-brand","embeddable":true,"href":"https:\/\/fh-staging.vengo.cloud\/fr-ch\/wp-json\/wp\/v2\/woo-feed-brand?post=48092"}],"curies":[{"name":"wp","href":"https:\/\/api.w.org\/{rel}","templated":true}]}}