{"id":48090,"date":"2024-12-09T10:41:44","date_gmt":"2024-12-09T09:41:44","guid":{"rendered":"https:\/\/fh-staging.vengo.cloud\/de-ch\/p\/solarlaterne-damasque"},"modified":"2025-04-01T03:50:42","modified_gmt":"2025-04-01T01:50:42","slug":"lanterne-solaire-damasque","status":"publish","type":"product","link":"https:\/\/fh-staging.vengo.cloud\/fr-ch\/p\/solarlaterne-damasque","title":{"rendered":"Lanterne solaire Damasque"},"content":{"rendered":"<p>Profite non seulement de la lumi\u00e8re avec notre lanterne solaire, mais aussi de magnifiques effets lumineux qui enchanteront les jardins et les murs des maisons. Cette lanterne \u00e9cologique utilise la puissance du soleil pour cr\u00e9er un \u00e9clairage d'ambiance \u00e0 l'ext\u00e9rieur.<\/p>\n<p>LED blanche<br \/>\nTaille 23.5 x 22.5 cm<\/p>","protected":false},"excerpt":{"rendered":"<p>Avec notre lanterne solaire, profite non seulement de la lumi\u00e8re, mais aussi de magnifiques effets lumineux qui enchanteront les jardins et les murs des maisons.<\/p>","protected":false},"featured_media":48835,"template":"","meta":[],"product_brand":[],"product_cat":[35,34],"product_tag":[973],"woo-feed-brand":[],"class_list":{"0":"post-48090","1":"product","2":"type-product","3":"status-publish","4":"has-post-thumbnail","6":"product_cat-gartendeko","7":"product_cat-garten-balkon","8":"product_tag-samen-mauser","10":"first","11":"instock","12":"taxable","13":"shipping-taxable","14":"purchasable","15":"product-type-simple"},"_links":{"self":[{"href":"https:\/\/fh-staging.vengo.cloud\/fr-ch\/wp-json\/wp\/v2\/product\/48090","targetHints":{"allow":["GET"]}}],"collection":[{"href":"https:\/\/fh-staging.vengo.cloud\/fr-ch\/wp-json\/wp\/v2\/product"}],"about":[{"href":"https:\/\/fh-staging.vengo.cloud\/fr-ch\/wp-json\/wp\/v2\/types\/product"}],"wp:featuredmedia":[{"embeddable":true,"href":"https:\/\/fh-staging.vengo.cloud\/fr-ch\/wp-json\/wp\/v2\/media\/48835"}],"wp:attachment":[{"href":"https:\/\/fh-staging.vengo.cloud\/fr-ch\/wp-json\/wp\/v2\/media?parent=48090"}],"wp:term":[{"taxonomy":"product_brand","embeddable":true,"href":"https:\/\/fh-staging.vengo.cloud\/fr-ch\/wp-json\/wp\/v2\/product_brand?post=48090"},{"taxonomy":"product_cat","embeddable":true,"href":"https:\/\/fh-staging.vengo.cloud\/fr-ch\/wp-json\/wp\/v2\/product_cat?post=48090"},{"taxonomy":"product_tag","embeddable":true,"href":"https:\/\/fh-staging.vengo.cloud\/fr-ch\/wp-json\/wp\/v2\/product_tag?post=48090"},{"taxonomy":"woo-feed-brand","embeddable":true,"href":"https:\/\/fh-staging.vengo.cloud\/fr-ch\/wp-json\/wp\/v2\/woo-feed-brand?post=48090"}],"curies":[{"name":"wp","href":"https:\/\/api.w.org\/{rel}","templated":true}]}}