{"id":48060,"date":"2024-12-09T10:41:49","date_gmt":"2024-12-09T09:41:49","guid":{"rendered":"https:\/\/fh-staging.vengo.cloud\/de-ch\/p\/fussmatte-autumn-leaves"},"modified":"2025-04-01T03:50:14","modified_gmt":"2025-04-01T01:50:14","slug":"tapis-de-sol-autumn-leaves","status":"publish","type":"product","link":"https:\/\/fh-staging.vengo.cloud\/fr-ch\/p\/fussmatte-autumn-leaves","title":{"rendered":"Tapis de sol Autumn Leaves"},"content":{"rendered":"<p>Le dessus r\u00e9sistant en fibres de coco naturelles \u00e9limine la boue et la salet\u00e9 des chaussures. Base en PVC antid\u00e9rapante. Facile \u00e0 nettoyer - il suffit de brosser apr\u00e8s le s\u00e9chage. Convient pour une utilisation \u00e0 l'int\u00e9rieur et \u00e0 l'ext\u00e9rieur.<\/p>","protected":false},"excerpt":{"rendered":"<p>Le paillasson avec une surface r\u00e9sistante en fibre de coco naturelle \u00e9limine la boue et la salet\u00e9 des chaussures.<\/p>","protected":false},"featured_media":48504,"template":"","meta":[],"product_brand":[],"product_cat":[31,23],"product_tag":[973],"woo-feed-brand":[],"class_list":{"0":"post-48060","1":"product","2":"type-product","3":"status-publish","4":"has-post-thumbnail","6":"product_cat-heimtextilien","7":"product_cat-home-living","8":"product_tag-samen-mauser","10":"first","11":"instock","12":"taxable","13":"shipping-taxable","14":"purchasable","15":"product-type-simple"},"_links":{"self":[{"href":"https:\/\/fh-staging.vengo.cloud\/fr-ch\/wp-json\/wp\/v2\/product\/48060","targetHints":{"allow":["GET"]}}],"collection":[{"href":"https:\/\/fh-staging.vengo.cloud\/fr-ch\/wp-json\/wp\/v2\/product"}],"about":[{"href":"https:\/\/fh-staging.vengo.cloud\/fr-ch\/wp-json\/wp\/v2\/types\/product"}],"wp:featuredmedia":[{"embeddable":true,"href":"https:\/\/fh-staging.vengo.cloud\/fr-ch\/wp-json\/wp\/v2\/media\/48504"}],"wp:attachment":[{"href":"https:\/\/fh-staging.vengo.cloud\/fr-ch\/wp-json\/wp\/v2\/media?parent=48060"}],"wp:term":[{"taxonomy":"product_brand","embeddable":true,"href":"https:\/\/fh-staging.vengo.cloud\/fr-ch\/wp-json\/wp\/v2\/product_brand?post=48060"},{"taxonomy":"product_cat","embeddable":true,"href":"https:\/\/fh-staging.vengo.cloud\/fr-ch\/wp-json\/wp\/v2\/product_cat?post=48060"},{"taxonomy":"product_tag","embeddable":true,"href":"https:\/\/fh-staging.vengo.cloud\/fr-ch\/wp-json\/wp\/v2\/product_tag?post=48060"},{"taxonomy":"woo-feed-brand","embeddable":true,"href":"https:\/\/fh-staging.vengo.cloud\/fr-ch\/wp-json\/wp\/v2\/woo-feed-brand?post=48060"}],"curies":[{"name":"wp","href":"https:\/\/api.w.org\/{rel}","templated":true}]}}