{"id":47942,"date":"2024-11-17T22:34:52","date_gmt":"2024-11-17T21:34:52","guid":{"rendered":"https:\/\/fh-staging.vengo.cloud\/de-ch\/p\/steckschaum-schale-tabledeco-maxi-48cm-1-stueck"},"modified":"2025-10-22T11:01:00","modified_gmt":"2025-10-22T09:01:00","slug":"mousse-emboitable-coque-tabledeco-maxi-48cm-1-piece","status":"publish","type":"product","link":"https:\/\/fh-staging.vengo.cloud\/fr-ch\/p\/steckschaum-schale-tabledeco-maxi-48cm-1-stueck","title":{"rendered":"Steckschaum-Schale &#8218;Tabledeco&#8216; maxi 48cm 1 St\u00fcck"},"content":{"rendered":"<p>Mousse de bouturage allong\u00e9e<br \/>\nLa coupe en mousse \u00e0 piquer \"Table Deco\" est la base parfaite pour des d\u00e9corations de table et de pi\u00e8ce \u00e9l\u00e9gantes, comme par exemple une frise de l'Avent allong\u00e9e avec quatre bougies. Elle permet un travail cr\u00e9atif et offre des conditions optimales pour des compositions florales fra\u00eeches.<\/p>\n<p><strong>Caract\u00e9ristiques :<\/strong><br \/>\n- Disposer sur le c\u00f4t\u00e9 : Gr\u00e2ce \u00e0 la forme plate et \u00e0 la mousse stable, les fleurs ou le feuillage d'hiver peuvent \u00eatre arrang\u00e9s sans effort, m\u00eame sur le c\u00f4t\u00e9.<br \/>\n- Grand r\u00e9servoir d'eau : le bol en plastique dispose d'un r\u00e9servoir g\u00e9n\u00e9reux qui permet un approvisionnement continu en eau.<br \/>\n- Un approvisionnement en eau s\u00fbr : La mousse de bouturage pour fleurs fra\u00eeches maintient les fleurs et les feuillages d'hiver frais et favorise leur conservation.<\/p>\n<p><strong>Application :<\/strong><br \/>\n- Mettre la masse \u00e0 enfiler \u00e0 l'envers sur l'eau et la laisser s'imbiber, ne pas la presser sous l'eau.<br \/>\n- Enfoncer les tiges des fleurs le plus profond\u00e9ment possible dans la mousse de bouturage afin de maximiser l'absorption d'eau.<br \/>\n- Remplis toujours compl\u00e8tement le r\u00e9servoir d'eau dans le bac en plastique pour garantir la fra\u00eecheur des fleurs.<\/p>\n<p>Contenu de la livraison : bac en plastique avec de la mousse \u00e0 piquer pour fleurs fra\u00eeches de haute qualit\u00e9, pr\u00eat pour tes chefs-d'\u0153uvre floraux.<\/p>\n<p><strong>La taille :<\/strong><br \/>\nLongueur : 48 cm<br \/>\nLargeur : 9 cm<br \/>\nHauteur : 5 cm<\/p>","protected":false},"excerpt":{"rendered":"<p>Mousse \u00e0 piquer pour les arrangements et les frises de l'Avent<\/p>","protected":false},"featured_media":47941,"template":"","meta":[],"product_brand":[],"product_cat":[29,23,1195,1178,909,911],"product_tag":[289],"woo-feed-brand":[],"class_list":{"0":"post-47942","1":"product","2":"type-product","3":"status-publish","4":"has-post-thumbnail","6":"product_cat-do-it-yourself","7":"product_cat-home-living","8":"product_cat-dekogrundlagen","9":"product_cat-diy","10":"product_cat-weihnachten","11":"product_cat-accessoires","12":"product_tag-blumengarten-kung-ag","14":"first","15":"instock","16":"taxable","17":"shipping-taxable","18":"purchasable","19":"product-type-simple"},"_links":{"self":[{"href":"https:\/\/fh-staging.vengo.cloud\/fr-ch\/wp-json\/wp\/v2\/product\/47942","targetHints":{"allow":["GET"]}}],"collection":[{"href":"https:\/\/fh-staging.vengo.cloud\/fr-ch\/wp-json\/wp\/v2\/product"}],"about":[{"href":"https:\/\/fh-staging.vengo.cloud\/fr-ch\/wp-json\/wp\/v2\/types\/product"}],"wp:featuredmedia":[{"embeddable":true,"href":"https:\/\/fh-staging.vengo.cloud\/fr-ch\/wp-json\/wp\/v2\/media\/47941"}],"wp:attachment":[{"href":"https:\/\/fh-staging.vengo.cloud\/fr-ch\/wp-json\/wp\/v2\/media?parent=47942"}],"wp:term":[{"taxonomy":"product_brand","embeddable":true,"href":"https:\/\/fh-staging.vengo.cloud\/fr-ch\/wp-json\/wp\/v2\/product_brand?post=47942"},{"taxonomy":"product_cat","embeddable":true,"href":"https:\/\/fh-staging.vengo.cloud\/fr-ch\/wp-json\/wp\/v2\/product_cat?post=47942"},{"taxonomy":"product_tag","embeddable":true,"href":"https:\/\/fh-staging.vengo.cloud\/fr-ch\/wp-json\/wp\/v2\/product_tag?post=47942"},{"taxonomy":"woo-feed-brand","embeddable":true,"href":"https:\/\/fh-staging.vengo.cloud\/fr-ch\/wp-json\/wp\/v2\/woo-feed-brand?post=47942"}],"curies":[{"name":"wp","href":"https:\/\/api.w.org\/{rel}","templated":true}]}}