{"id":47906,"date":"2024-11-16T09:40:16","date_gmt":"2024-11-16T08:40:16","guid":{"rendered":"https:\/\/fh-staging.vengo.cloud\/de-ch\/p\/aufhaengefeder-bis-300cm-1-stueck"},"modified":"2025-10-22T10:43:36","modified_gmt":"2025-10-22T08:43:36","slug":"ressort-de-suspension-jusqua-300cm-1-piece","status":"publish","type":"product","link":"https:\/\/fh-staging.vengo.cloud\/fr-ch\/p\/aufhaengefeder-bis-300cm-1-stueck","title":{"rendered":"Ressort de suspension jusqu'\u00e0 300cm 1 pi\u00e8ce"},"content":{"rendered":"<p>Ressort de suspension extensible de 30 \u00e0 300 cm<\/p>\n<p>Le ressort de suspension, \u00e9galement connu sous le nom de spirale mobile, est id\u00e9al pour suspendre facilement des d\u00e9corations. Il se fixe au plafond et peut \u00eatre \u00e9tir\u00e9 sans effort jusqu'\u00e0 une longueur de 30 \u00e0 300 cm pour placer tes d\u00e9corations \u00e0 la hauteur souhait\u00e9e. Note que le ressort ne peut pas \u00eatre r\u00e9utilis\u00e9 apr\u00e8s avoir \u00e9t\u00e9 compl\u00e8tement \u00e9tir\u00e9, ce qui fait qu'il est con\u00e7u pour un usage unique.<\/p>\n<p>- Aussi connu sous le nom de spirale mobile ou de ressort en spirale<br \/>\n- Couleur : gris m\u00e9tal<br \/>\n- Taille : 16.5cm<br \/>\n- Utilisable une seule fois<br \/>\n- Extensible jusqu'\u00e0 300cm<\/p>","protected":false},"excerpt":{"rendered":"<p>Accrocher des d\u00e9corations<\/p>","protected":false},"featured_media":47905,"template":"","meta":[],"product_brand":[],"product_cat":[29,23,1178,1194,909,911],"product_tag":[289],"woo-feed-brand":[],"class_list":{"0":"post-47906","1":"product","2":"type-product","3":"status-publish","4":"has-post-thumbnail","6":"product_cat-do-it-yourself","7":"product_cat-home-living","8":"product_cat-diy","9":"product_cat-diy-helfer","10":"product_cat-weihnachten","11":"product_cat-accessoires","12":"product_tag-blumengarten-kung-ag","14":"first","15":"instock","16":"taxable","17":"shipping-taxable","18":"purchasable","19":"product-type-simple"},"_links":{"self":[{"href":"https:\/\/fh-staging.vengo.cloud\/fr-ch\/wp-json\/wp\/v2\/product\/47906","targetHints":{"allow":["GET"]}}],"collection":[{"href":"https:\/\/fh-staging.vengo.cloud\/fr-ch\/wp-json\/wp\/v2\/product"}],"about":[{"href":"https:\/\/fh-staging.vengo.cloud\/fr-ch\/wp-json\/wp\/v2\/types\/product"}],"wp:featuredmedia":[{"embeddable":true,"href":"https:\/\/fh-staging.vengo.cloud\/fr-ch\/wp-json\/wp\/v2\/media\/47905"}],"wp:attachment":[{"href":"https:\/\/fh-staging.vengo.cloud\/fr-ch\/wp-json\/wp\/v2\/media?parent=47906"}],"wp:term":[{"taxonomy":"product_brand","embeddable":true,"href":"https:\/\/fh-staging.vengo.cloud\/fr-ch\/wp-json\/wp\/v2\/product_brand?post=47906"},{"taxonomy":"product_cat","embeddable":true,"href":"https:\/\/fh-staging.vengo.cloud\/fr-ch\/wp-json\/wp\/v2\/product_cat?post=47906"},{"taxonomy":"product_tag","embeddable":true,"href":"https:\/\/fh-staging.vengo.cloud\/fr-ch\/wp-json\/wp\/v2\/product_tag?post=47906"},{"taxonomy":"woo-feed-brand","embeddable":true,"href":"https:\/\/fh-staging.vengo.cloud\/fr-ch\/wp-json\/wp\/v2\/woo-feed-brand?post=47906"}],"curies":[{"name":"wp","href":"https:\/\/api.w.org\/{rel}","templated":true}]}}