{"id":47892,"date":"2024-11-16T09:39:49","date_gmt":"2024-11-16T08:39:49","guid":{"rendered":"https:\/\/fh-staging.vengo.cloud\/de-ch\/p\/steckmasse-ring-biodur-35cm-2-stueck"},"modified":"2025-10-22T10:59:00","modified_gmt":"2025-10-22T08:59:00","slug":"bague-a-emboiter-biodur-35cm-2-pieces","status":"publish","type":"product","link":"https:\/\/fh-staging.vengo.cloud\/fr-ch\/p\/steckmasse-ring-biodur-35cm-2-stueck","title":{"rendered":"Steckmasse Ring &#8218;biodur&#8216; 35cm 2 St\u00fcck"},"content":{"rendered":"<p>Anneau de p\u00e2te \u00e0 modeler avec support en carton<br \/>\nAnneau de p\u00e2te \u00e0 \u00e9pingler avec support en carton pour les cr\u00e9ations florales<\/p>\n<p>L'anneau de p\u00e2te \u00e0 coudre est la base id\u00e9ale pour des compositions florales cr\u00e9atives, des couronnes de l'Avent et des d\u00e9corations de table. Gr\u00e2ce \u00e0 son support en carton durable, l'anneau est aussi particuli\u00e8rement adapt\u00e9 aux fleurs fun\u00e9raires.<\/p>\n<p><strong>Caract\u00e9ristiques :<\/strong><br \/>\n- Polyvalent : parfait pour les d\u00e9corations de table et de salle ainsi que pour les couronnes de l'Avent.<br \/>\n- Durable : le support est en carton.<br \/>\n- Pratique : le support en carton sert de r\u00e9servoir d'eau pour maintenir la masse de boutures constamment humide.<\/p>\n<p><strong>Application :<\/strong><br \/>\n- Mettre la masse \u00e0 enfiler \u00e0 l'envers sur l'eau et la laisser s'imbiber, ne pas la presser sous l'eau.<br \/>\n- Il suffit de planter des feuilles d'hiver ou des fleurs dans la masse de bouturage.<br \/>\n- La verdure reste fra\u00eeche pendant toute la p\u00e9riode de l'Avent, car elle est continuellement aliment\u00e9e en eau.<\/p>\n<p>Important : pour une fra\u00eecheur optimale, remplis chaque jour la masse de bouturage avec de l'eau.<\/p>","protected":false},"excerpt":{"rendered":"<p>Anneau de p\u00e2te \u00e0 modeler 35cm<\/p>","protected":false},"featured_media":47891,"template":"","meta":[],"product_brand":[],"product_cat":[29,23,1195,1178,909,911],"product_tag":[289],"woo-feed-brand":[],"class_list":{"0":"post-47892","1":"product","2":"type-product","3":"status-publish","4":"has-post-thumbnail","6":"product_cat-do-it-yourself","7":"product_cat-home-living","8":"product_cat-dekogrundlagen","9":"product_cat-diy","10":"product_cat-weihnachten","11":"product_cat-accessoires","12":"product_tag-blumengarten-kung-ag","14":"first","15":"instock","16":"taxable","17":"shipping-taxable","18":"purchasable","19":"product-type-simple"},"_links":{"self":[{"href":"https:\/\/fh-staging.vengo.cloud\/fr-ch\/wp-json\/wp\/v2\/product\/47892","targetHints":{"allow":["GET"]}}],"collection":[{"href":"https:\/\/fh-staging.vengo.cloud\/fr-ch\/wp-json\/wp\/v2\/product"}],"about":[{"href":"https:\/\/fh-staging.vengo.cloud\/fr-ch\/wp-json\/wp\/v2\/types\/product"}],"wp:featuredmedia":[{"embeddable":true,"href":"https:\/\/fh-staging.vengo.cloud\/fr-ch\/wp-json\/wp\/v2\/media\/47891"}],"wp:attachment":[{"href":"https:\/\/fh-staging.vengo.cloud\/fr-ch\/wp-json\/wp\/v2\/media?parent=47892"}],"wp:term":[{"taxonomy":"product_brand","embeddable":true,"href":"https:\/\/fh-staging.vengo.cloud\/fr-ch\/wp-json\/wp\/v2\/product_brand?post=47892"},{"taxonomy":"product_cat","embeddable":true,"href":"https:\/\/fh-staging.vengo.cloud\/fr-ch\/wp-json\/wp\/v2\/product_cat?post=47892"},{"taxonomy":"product_tag","embeddable":true,"href":"https:\/\/fh-staging.vengo.cloud\/fr-ch\/wp-json\/wp\/v2\/product_tag?post=47892"},{"taxonomy":"woo-feed-brand","embeddable":true,"href":"https:\/\/fh-staging.vengo.cloud\/fr-ch\/wp-json\/wp\/v2\/woo-feed-brand?post=47892"}],"curies":[{"name":"wp","href":"https:\/\/api.w.org\/{rel}","templated":true}]}}