{"id":47212,"date":"2024-11-10T21:22:36","date_gmt":"2024-11-10T20:22:36","guid":{"rendered":"https:\/\/fh-staging.vengo.cloud\/de-ch\/p\/regenschirm-farbveraendernd-voegel"},"modified":"2025-12-04T13:33:35","modified_gmt":"2025-12-04T12:33:35","slug":"parapluie-changeant-de-couleur-oiseaux","status":"publish","type":"product","link":"https:\/\/fh-staging.vengo.cloud\/fr-ch\/p\/regenschirm-farbveraendernd-voegel","title":{"rendered":"Regenschirm farbver\u00e4ndernd &#8218;V\u00f6gel&#8216;"},"content":{"rendered":"<p>Cr\u00e9e un peu de magie sous la pluie avec ce parapluie aux couleurs changeantes.<\/p>\n<p>Parapluie qui change de couleur :<br \/>\n- Change de couleur sous la pluie.<br \/>\n- Joli design avec des oiseaux ou des tulipes.<br \/>\n- Convient \u00e9galement aux adultes.<\/p>\n<p>Dimensions du produit en cm : L 118 x P 118 x H 95.1<br \/>\nMat\u00e9riau : POE, PE, acier, fibre de verre<br \/>\nPoids brut : 0,586 kg<br \/>\nPoids net : 0.536 kg<\/p>","protected":false},"excerpt":{"rendered":"<p>Cr\u00e9e un peu de magie sous la pluie avec ce parapluie aux couleurs changeantes.<\/p>","protected":false},"featured_media":47211,"template":"","meta":[],"product_brand":[],"product_cat":[31,23],"product_tag":[289],"woo-feed-brand":[],"class_list":{"0":"post-47212","1":"product","2":"type-product","3":"status-publish","4":"has-post-thumbnail","6":"product_cat-heimtextilien","7":"product_cat-home-living","8":"product_tag-blumengarten-kung-ag","10":"first","11":"instock","12":"taxable","13":"shipping-taxable","14":"purchasable","15":"product-type-simple"},"_links":{"self":[{"href":"https:\/\/fh-staging.vengo.cloud\/fr-ch\/wp-json\/wp\/v2\/product\/47212","targetHints":{"allow":["GET"]}}],"collection":[{"href":"https:\/\/fh-staging.vengo.cloud\/fr-ch\/wp-json\/wp\/v2\/product"}],"about":[{"href":"https:\/\/fh-staging.vengo.cloud\/fr-ch\/wp-json\/wp\/v2\/types\/product"}],"wp:featuredmedia":[{"embeddable":true,"href":"https:\/\/fh-staging.vengo.cloud\/fr-ch\/wp-json\/wp\/v2\/media\/47211"}],"wp:attachment":[{"href":"https:\/\/fh-staging.vengo.cloud\/fr-ch\/wp-json\/wp\/v2\/media?parent=47212"}],"wp:term":[{"taxonomy":"product_brand","embeddable":true,"href":"https:\/\/fh-staging.vengo.cloud\/fr-ch\/wp-json\/wp\/v2\/product_brand?post=47212"},{"taxonomy":"product_cat","embeddable":true,"href":"https:\/\/fh-staging.vengo.cloud\/fr-ch\/wp-json\/wp\/v2\/product_cat?post=47212"},{"taxonomy":"product_tag","embeddable":true,"href":"https:\/\/fh-staging.vengo.cloud\/fr-ch\/wp-json\/wp\/v2\/product_tag?post=47212"},{"taxonomy":"woo-feed-brand","embeddable":true,"href":"https:\/\/fh-staging.vengo.cloud\/fr-ch\/wp-json\/wp\/v2\/woo-feed-brand?post=47212"}],"curies":[{"name":"wp","href":"https:\/\/api.w.org\/{rel}","templated":true}]}}