{"id":46643,"date":"2024-11-05T16:01:13","date_gmt":"2024-11-05T15:01:13","guid":{"rendered":"https:\/\/fh-staging.vengo.cloud\/de-ch\/?post_type=product&#038;p=46643"},"modified":"2026-02-09T16:23:48","modified_gmt":"2026-02-09T15:23:48","slug":"1001-organic-basic-spicy","status":"publish","type":"product","link":"https:\/\/fh-staging.vengo.cloud\/fr-ch\/p\/1001-organic-basic-spicy","title":{"rendered":"1001 ORGANIC BASIC SPICY"},"content":{"rendered":"<p>Le poivre noir prim\u00e9 et la vraie cannelle (Cinnamomum Verum) des for\u00eats tropicales sont compl\u00e9t\u00e9s par le sel marin picante Chili. Le sel est id\u00e9al pour accompagner la cuisson ou pour arrondir les desserts.<\/p>\n<p>Un cadeau dont les b\u00e9n\u00e9ficiaires ne seront pas les seuls \u00e0 profiter. Avec un set cadeau de 1001 Organic, tu peux t'engager activement pour un monde meilleur. Gr\u00e2ce \u00e0 des conditions commerciales \u00e9quitables ainsi qu'\u00e0 l'acc\u00e8s \u00e0 des march\u00e9s de niche attrayants, nos paysans et leurs familles peuvent b\u00e9n\u00e9ficier d'un niveau de vie plus \u00e9lev\u00e9. 1001 Organic investit dans la formation et l'infrastructure des petits agriculteurs et soutient les coop\u00e9ratives dans leur professionnalisation et leur conversion \u00e0 une culture certifi\u00e9e bio.<\/p>\n<p><strong>Quantit\u00e9 de remplissage :<\/strong> Poivre noir : 50g, cannelle en poudre : 40g, chili sel de mer 70g<\/p>\n<p><strong>Poivre<\/strong>: Le poivrier est une vigne qui pousse sur des arbres forestiers ou des arbres de soutien. Ses larges feuilles vertes brillantes sont dispos\u00e9es en alternance. Les petites fleurs sont regroup\u00e9es en panicules denses et \u00e9lanc\u00e9es d'environ 50 fleurs chacune. Les grains de poivre vert frais sont r\u00e9colt\u00e9s \u00e0 la main et blanchis dans de l'eau chaude pendant 10 minutes jusqu'\u00e0 ce qu'ils deviennent vert fonc\u00e9, puis s\u00e9ch\u00e9s au soleil. Le poivre rouge, blanc ou noir provient de la m\u00eame plante. Nos cultivateurs sont principalement bas\u00e9s sur les \u00eeles de Zanzibar et de Tanga.<\/p>\n<p><strong>La cannelle :<\/strong> Est un arbre \u00e0 feuilles persistantes avec des feuilles ovales, une \u00e9corce \u00e9paisse et des fruits \u00e0 baies. Les branches sont r\u00e9colt\u00e9es \u00e0 la main \u00e0 l'aide d'une machette. Apr\u00e8s la r\u00e9colte, la cannelle doit \u00eatre trait\u00e9e imm\u00e9diatement, tant que l'\u00e9corce est encore humide. Les branches coup\u00e9es sont trait\u00e9es en grattant l'\u00e9corce ext\u00e9rieure avant de s\u00e9parer la couche de cannelle du c\u0153ur du bois de la branche. Ensuite, soit nous pr\u00e9parons de petits copeaux, soit nous roulons l'\u00e9corce \u00e0 la main pour en faire de belles plumes. Nos fermiers sont principalement install\u00e9s sur les \u00eeles de Zanzibar et de Tanga.<\/p>","protected":false},"excerpt":{"rendered":"<p>Le kit d'\u00e9pices 1001 Organic contient toute la saveur des for\u00eats et de la mer de Zanzibar.<\/p>","protected":false},"featured_media":46644,"template":"","meta":[],"product_brand":[],"product_cat":[47,1022,1002,1091,797,1019,1018,984,993,999,1088,909,916,42,885,52,53],"product_tag":[949],"woo-feed-brand":[],"class_list":{"0":"post-46643","1":"product","2":"type-product","3":"status-publish","4":"has-post-thumbnail","6":"product_cat-kuechenaromen","7":"product_cat-brunch","8":"product_cat-fuer-ihn","9":"product_cat-hobbykoch","10":"product_cat-muttertag","11":"product_cat-osterbrunch","12":"product_cat-ostern","13":"product_cat-silvester","14":"product_cat-silvestergeschenke","15":"product_cat-valentinstag","16":"product_cat-vatertag","17":"product_cat-weihnachten","18":"product_cat-praesente","19":"product_cat-kueche","20":"product_cat-koestlichkeiten","21":"product_cat-geschenke","22":"product_cat-geschenksets","23":"product_tag-1001-organic","25":"first","26":"instock","27":"taxable","28":"shipping-taxable","29":"purchasable","30":"product-type-simple"},"_links":{"self":[{"href":"https:\/\/fh-staging.vengo.cloud\/fr-ch\/wp-json\/wp\/v2\/product\/46643","targetHints":{"allow":["GET"]}}],"collection":[{"href":"https:\/\/fh-staging.vengo.cloud\/fr-ch\/wp-json\/wp\/v2\/product"}],"about":[{"href":"https:\/\/fh-staging.vengo.cloud\/fr-ch\/wp-json\/wp\/v2\/types\/product"}],"wp:featuredmedia":[{"embeddable":true,"href":"https:\/\/fh-staging.vengo.cloud\/fr-ch\/wp-json\/wp\/v2\/media\/46644"}],"wp:attachment":[{"href":"https:\/\/fh-staging.vengo.cloud\/fr-ch\/wp-json\/wp\/v2\/media?parent=46643"}],"wp:term":[{"taxonomy":"product_brand","embeddable":true,"href":"https:\/\/fh-staging.vengo.cloud\/fr-ch\/wp-json\/wp\/v2\/product_brand?post=46643"},{"taxonomy":"product_cat","embeddable":true,"href":"https:\/\/fh-staging.vengo.cloud\/fr-ch\/wp-json\/wp\/v2\/product_cat?post=46643"},{"taxonomy":"product_tag","embeddable":true,"href":"https:\/\/fh-staging.vengo.cloud\/fr-ch\/wp-json\/wp\/v2\/product_tag?post=46643"},{"taxonomy":"woo-feed-brand","embeddable":true,"href":"https:\/\/fh-staging.vengo.cloud\/fr-ch\/wp-json\/wp\/v2\/woo-feed-brand?post=46643"}],"curies":[{"name":"wp","href":"https:\/\/api.w.org\/{rel}","templated":true}]}}