{"id":45820,"date":"2024-10-17T15:06:27","date_gmt":"2024-10-17T13:06:27","guid":{"rendered":"https:\/\/fh-staging.vengo.cloud\/de-ch\/?post_type=product&#038;p=45820"},"modified":"2025-04-01T04:02:40","modified_gmt":"2025-04-01T02:02:40","slug":"fleurs-de-mai-convallaria-majalis-avec-vase-fleurs-artificielles","status":"publish","type":"product","link":"https:\/\/fh-staging.vengo.cloud\/fr-ch\/p\/maiblumen-convallaria-majalis-mit-vase-kunstblumen","title":{"rendered":"Fleurs de mai Convallaria majalis avec vase (fleurs artificielles)"},"content":{"rendered":"<p style=\"text-align: left\">Wundersch\u00f6ne entz\u00fcckende Kunstblumen verleihen jedem Raum einen Hauch von Eleganz und Nat\u00fcrlichkeit. Dank modernster Kunstfasern sind sie kaum von echten Bl\u00fcten zu unterscheiden. Ob im Wohnzimmer, im B\u00fcro oder in der Praxis \u2013 sie sind eine \u00e4usserst elegante Dekoration, die allein beim Anblick gute Laune verbreitet. Diese Bl\u00fcten ben\u00f6tigen keine spezielle Pflege, kein Wasser und k\u00f6nnen sogar an dunkleren Orten oder in zugigen Bereichen platziert werden.<\/p>\n<div class=\"flex flex-grow flex-col max-w-full\">\n<div class=\"min-h-[20px] text-message flex flex-col items-start whitespace-pre-wrap break-words [.text-message+&amp;]:mt-5 juice:w-full juice:items-end overflow-x-auto gap-2\" dir=\"auto\" data-message-author-role=\"assistant\" data-message-id=\"af04baf7-1b4b-4901-896b-74280409b31b\">\n<div class=\"flex w-full flex-col gap-1 juice:empty:hidden juice:first:pt-[3px]\">\n<div class=\"markdown prose w-full break-words dark:prose-invert light\">\n<p>Der angegebene Preis gilt pro Vase mit Blumen\/Bl\u00fcte, wobei sich das Design der Vase je nach Verf\u00fcgbarkeit variieren kann.<\/p>\n<p>Bitte beachte, dass es zu Farbabweichungen zwischen der auf der Webseite abgebildeten Farbe und der tats\u00e4chlichen Farbe kommen kann, bedingt durch Lichtverh\u00e4ltnisse, Monitorhelligkeit und Kontrasteinstellungen.<\/p>\n<p>Beim Auspacken m\u00fcssen die Kunstbl\u00fcten allenfalls vorsichtig etwas in Form gebracht werden, um wieder ihre volle Sch\u00f6nheit zu entfalten.<\/p>\n<\/div>\n<\/div>\n<\/div>\n<\/div>\n","protected":false},"excerpt":{"rendered":"<p>Magnifique bouquet de fleurs de mai avec vase ; gr\u00e2ce aux fibres synth\u00e9tiques modernes, les fleurs artificielles se distinguent \u00e0 peine des vraies.<br \/>\nD\u00e9cor\u00e9e en plus avec du gypsophile s\u00e9ch\u00e9 et de l'eucalyptus<br \/>\nH env. 28cm \/ L env. 15cm \/ Vase vide sans bouquet H env. 14 cm<\/p>","protected":false},"featured_media":45834,"template":"","meta":[],"product_brand":[],"product_cat":[107,23,26],"product_tag":[290],"woo-feed-brand":[],"class_list":{"0":"post-45820","1":"product","2":"type-product","3":"status-publish","4":"has-post-thumbnail","6":"product_cat-kunstblumen","7":"product_cat-home-living","8":"product_cat-blumen-pflanzen","9":"product_tag-atelier-leutwyler","11":"first","12":"instock","13":"taxable","14":"shipping-taxable","15":"purchasable","16":"product-type-simple"},"_links":{"self":[{"href":"https:\/\/fh-staging.vengo.cloud\/fr-ch\/wp-json\/wp\/v2\/product\/45820","targetHints":{"allow":["GET"]}}],"collection":[{"href":"https:\/\/fh-staging.vengo.cloud\/fr-ch\/wp-json\/wp\/v2\/product"}],"about":[{"href":"https:\/\/fh-staging.vengo.cloud\/fr-ch\/wp-json\/wp\/v2\/types\/product"}],"wp:featuredmedia":[{"embeddable":true,"href":"https:\/\/fh-staging.vengo.cloud\/fr-ch\/wp-json\/wp\/v2\/media\/45834"}],"wp:attachment":[{"href":"https:\/\/fh-staging.vengo.cloud\/fr-ch\/wp-json\/wp\/v2\/media?parent=45820"}],"wp:term":[{"taxonomy":"product_brand","embeddable":true,"href":"https:\/\/fh-staging.vengo.cloud\/fr-ch\/wp-json\/wp\/v2\/product_brand?post=45820"},{"taxonomy":"product_cat","embeddable":true,"href":"https:\/\/fh-staging.vengo.cloud\/fr-ch\/wp-json\/wp\/v2\/product_cat?post=45820"},{"taxonomy":"product_tag","embeddable":true,"href":"https:\/\/fh-staging.vengo.cloud\/fr-ch\/wp-json\/wp\/v2\/product_tag?post=45820"},{"taxonomy":"woo-feed-brand","embeddable":true,"href":"https:\/\/fh-staging.vengo.cloud\/fr-ch\/wp-json\/wp\/v2\/woo-feed-brand?post=45820"}],"curies":[{"name":"wp","href":"https:\/\/api.w.org\/{rel}","templated":true}]}}