{"id":45609,"date":"2024-10-17T12:53:10","date_gmt":"2024-10-17T10:53:10","guid":{"rendered":"https:\/\/fh-staging.vengo.cloud\/de-ch\/?post_type=product&#038;p=45609"},"modified":"2025-10-03T08:09:08","modified_gmt":"2025-10-03T06:09:08","slug":"c-derma-by-celine-take-care-and-smile-box","status":"publish","type":"product","link":"https:\/\/fh-staging.vengo.cloud\/fr-ch\/p\/c-derma-by-celine-take-care-and-smile-box","title":{"rendered":"C-Derma by C\u00e9line Take Care and Smile Box"},"content":{"rendered":"<p>Bo\u00eete contenant 1 x dentifrice 75 ml, 1 x rince-bouche 400 ml, 1 x cr\u00e8me pour les mains 75 ml, 1 x sels de bain 350 ml<\/p>\n<p>Les produits contiennent une riche combinaison de CBD.<\/p>","protected":false},"excerpt":{"rendered":"<p>Bo\u00eete contenant 1 dentifrice, 1 bain de bouche, 1 cr\u00e8me pour les mains, 1 sel de bain<\/p>","protected":false},"featured_media":45613,"template":"","meta":[],"product_brand":[],"product_cat":[1176,1023,1003,910,797,999,909,916,48,52,53],"product_tag":[945],"woo-feed-brand":[],"class_list":{"0":"post-45609","1":"product","2":"type-product","3":"status-publish","4":"has-post-thumbnail","6":"product_cat-wohlbefinden","7":"product_cat-fuer-mama","8":"product_cat-fuer-sie","9":"product_cat-geschenkideen","10":"product_cat-muttertag","11":"product_cat-valentinstag","12":"product_cat-weihnachten","13":"product_cat-praesente","14":"product_cat-bad-wellness","15":"product_cat-geschenke","16":"product_cat-geschenksets","17":"product_tag-c-derma-by-celine","19":"first","20":"instock","21":"taxable","22":"shipping-taxable","23":"purchasable","24":"product-type-simple"},"_links":{"self":[{"href":"https:\/\/fh-staging.vengo.cloud\/fr-ch\/wp-json\/wp\/v2\/product\/45609","targetHints":{"allow":["GET"]}}],"collection":[{"href":"https:\/\/fh-staging.vengo.cloud\/fr-ch\/wp-json\/wp\/v2\/product"}],"about":[{"href":"https:\/\/fh-staging.vengo.cloud\/fr-ch\/wp-json\/wp\/v2\/types\/product"}],"wp:featuredmedia":[{"embeddable":true,"href":"https:\/\/fh-staging.vengo.cloud\/fr-ch\/wp-json\/wp\/v2\/media\/45613"}],"wp:attachment":[{"href":"https:\/\/fh-staging.vengo.cloud\/fr-ch\/wp-json\/wp\/v2\/media?parent=45609"}],"wp:term":[{"taxonomy":"product_brand","embeddable":true,"href":"https:\/\/fh-staging.vengo.cloud\/fr-ch\/wp-json\/wp\/v2\/product_brand?post=45609"},{"taxonomy":"product_cat","embeddable":true,"href":"https:\/\/fh-staging.vengo.cloud\/fr-ch\/wp-json\/wp\/v2\/product_cat?post=45609"},{"taxonomy":"product_tag","embeddable":true,"href":"https:\/\/fh-staging.vengo.cloud\/fr-ch\/wp-json\/wp\/v2\/product_tag?post=45609"},{"taxonomy":"woo-feed-brand","embeddable":true,"href":"https:\/\/fh-staging.vengo.cloud\/fr-ch\/wp-json\/wp\/v2\/woo-feed-brand?post=45609"}],"curies":[{"name":"wp","href":"https:\/\/api.w.org\/{rel}","templated":true}]}}