{"id":45608,"date":"2024-10-17T12:53:09","date_gmt":"2024-10-17T10:53:09","guid":{"rendered":"https:\/\/fh-staging.vengo.cloud\/de-ch\/?post_type=product&#038;p=45608"},"modified":"2025-10-03T08:08:51","modified_gmt":"2025-10-03T06:08:51","slug":"c-derma-by-celine-boite-de-soins-pour-le-visage","status":"publish","type":"product","link":"https:\/\/fh-staging.vengo.cloud\/fr-ch\/p\/c-derma-by-celine-facial-care-box","title":{"rendered":"C-Derma by C\u00e9line bo\u00eete de soins pour le visage"},"content":{"rendered":"<p>Bo\u00eete contenant 1 x cr\u00e8me de jour 50 ml, 1 x cr\u00e8me de nuit 50 ml, 1 x s\u00e9rum pour le visage 30 ml, 1 bandeau pour les cheveux<\/p>\n<p>Les produits contiennent une riche combinaison de CBD.<\/p>","protected":false},"excerpt":{"rendered":"<p>Coffret de soins du visage avec 1 cr\u00e8me de jour, 1 cr\u00e8me de nuit 1 s\u00e9rum pour le visage et 1 bandeau pour les cheveux<\/p>","protected":false},"featured_media":45614,"template":"","meta":[],"product_brand":[],"product_cat":[1176,1023,1003,910,797,1020,1018,999,909,916,48,52,53],"product_tag":[945],"woo-feed-brand":[],"class_list":{"0":"post-45608","1":"product","2":"type-product","3":"status-publish","4":"has-post-thumbnail","6":"product_cat-wohlbefinden","7":"product_cat-fuer-mama","8":"product_cat-fuer-sie","9":"product_cat-geschenkideen","10":"product_cat-muttertag","11":"product_cat-ostergeschenke","12":"product_cat-ostern","13":"product_cat-valentinstag","14":"product_cat-weihnachten","15":"product_cat-praesente","16":"product_cat-bad-wellness","17":"product_cat-geschenke","18":"product_cat-geschenksets","19":"product_tag-c-derma-by-celine","21":"first","22":"instock","23":"taxable","24":"shipping-taxable","25":"purchasable","26":"product-type-simple"},"_links":{"self":[{"href":"https:\/\/fh-staging.vengo.cloud\/fr-ch\/wp-json\/wp\/v2\/product\/45608","targetHints":{"allow":["GET"]}}],"collection":[{"href":"https:\/\/fh-staging.vengo.cloud\/fr-ch\/wp-json\/wp\/v2\/product"}],"about":[{"href":"https:\/\/fh-staging.vengo.cloud\/fr-ch\/wp-json\/wp\/v2\/types\/product"}],"wp:featuredmedia":[{"embeddable":true,"href":"https:\/\/fh-staging.vengo.cloud\/fr-ch\/wp-json\/wp\/v2\/media\/45614"}],"wp:attachment":[{"href":"https:\/\/fh-staging.vengo.cloud\/fr-ch\/wp-json\/wp\/v2\/media?parent=45608"}],"wp:term":[{"taxonomy":"product_brand","embeddable":true,"href":"https:\/\/fh-staging.vengo.cloud\/fr-ch\/wp-json\/wp\/v2\/product_brand?post=45608"},{"taxonomy":"product_cat","embeddable":true,"href":"https:\/\/fh-staging.vengo.cloud\/fr-ch\/wp-json\/wp\/v2\/product_cat?post=45608"},{"taxonomy":"product_tag","embeddable":true,"href":"https:\/\/fh-staging.vengo.cloud\/fr-ch\/wp-json\/wp\/v2\/product_tag?post=45608"},{"taxonomy":"woo-feed-brand","embeddable":true,"href":"https:\/\/fh-staging.vengo.cloud\/fr-ch\/wp-json\/wp\/v2\/woo-feed-brand?post=45608"}],"curies":[{"name":"wp","href":"https:\/\/api.w.org\/{rel}","templated":true}]}}