{"id":45284,"date":"2024-10-09T15:09:09","date_gmt":"2024-10-09T13:09:09","guid":{"rendered":"https:\/\/fh-staging.vengo.cloud\/?post_type=product&#038;p=45284"},"modified":"2025-05-12T13:43:00","modified_gmt":"2025-05-12T11:43:00","slug":"12x-sauce-chimichurri","status":"publish","type":"product","link":"https:\/\/fh-staging.vengo.cloud\/fr-ch\/p\/12x-chimichurri-sauce","title":{"rendered":"12x sauce chimichurri"},"content":{"rendered":"<p><strong>Ingr\u00e9dients :<br \/>\n<\/strong>Huile de tournesol, ail, oignons, basilic, persil, sel de cuisine iod\u00e9, paprika, vinaigre de cidre, poivre, sucre, acidifiant : acide citrique.<\/p>\n<p><strong>Conserver au frais apr\u00e8s ouverture.<\/strong><\/p>\n<p><strong>D\u00e9claration nutritionnelle pour 100g<\/strong><br \/>\n\u00c9nergie : 1492 kJ (362 kcal)<br \/>\nGraisse 34.9g<br \/>\n- dont acides gras satur\u00e9s 3,8g<br \/>\nHydrates de carbone 8.5g<br \/>\n- dont sucre 5.5g<br \/>\nProt\u00e9ines 2.3g<br \/>\nSel 5.5g<\/p>\n<p><strong>Quantit\u00e9 minimale de commande :<br \/>\n<\/strong>12 bocaux de chimichurri de 220 g<\/p>","protected":false},"excerpt":{"rendered":"<p>chimichu.club Chimichurri - Pr\u00e9paration d'herbes et d'\u00e9pices<\/p>\n<p>La sauce chimichurri un peu diff\u00e9rente. \u00c0 tous les amateurs de viande et de barbecue, ce chimichurri a la qualit\u00e9 d'intensifier le go\u00fbt de la viande, du poisson, des l\u00e9gumes, du vin et de bien d'autres choses encore.<\/p>","protected":false},"featured_media":45285,"template":"","meta":[],"product_brand":[],"product_cat":[111,1091,1088,42,885],"product_tag":[943],"woo-feed-brand":[],"class_list":{"0":"post-45284","1":"product","2":"type-product","3":"status-publish","4":"has-post-thumbnail","6":"product_cat-saucen","7":"product_cat-hobbykoch","8":"product_cat-vatertag","9":"product_cat-kueche","10":"product_cat-koestlichkeiten","11":"product_tag-chimichu-club-by-vengo-gmbh","13":"first","14":"instock","15":"taxable","16":"shipping-taxable","17":"purchasable","18":"product-type-simple"},"_links":{"self":[{"href":"https:\/\/fh-staging.vengo.cloud\/fr-ch\/wp-json\/wp\/v2\/product\/45284","targetHints":{"allow":["GET"]}}],"collection":[{"href":"https:\/\/fh-staging.vengo.cloud\/fr-ch\/wp-json\/wp\/v2\/product"}],"about":[{"href":"https:\/\/fh-staging.vengo.cloud\/fr-ch\/wp-json\/wp\/v2\/types\/product"}],"wp:featuredmedia":[{"embeddable":true,"href":"https:\/\/fh-staging.vengo.cloud\/fr-ch\/wp-json\/wp\/v2\/media\/45285"}],"wp:attachment":[{"href":"https:\/\/fh-staging.vengo.cloud\/fr-ch\/wp-json\/wp\/v2\/media?parent=45284"}],"wp:term":[{"taxonomy":"product_brand","embeddable":true,"href":"https:\/\/fh-staging.vengo.cloud\/fr-ch\/wp-json\/wp\/v2\/product_brand?post=45284"},{"taxonomy":"product_cat","embeddable":true,"href":"https:\/\/fh-staging.vengo.cloud\/fr-ch\/wp-json\/wp\/v2\/product_cat?post=45284"},{"taxonomy":"product_tag","embeddable":true,"href":"https:\/\/fh-staging.vengo.cloud\/fr-ch\/wp-json\/wp\/v2\/product_tag?post=45284"},{"taxonomy":"woo-feed-brand","embeddable":true,"href":"https:\/\/fh-staging.vengo.cloud\/fr-ch\/wp-json\/wp\/v2\/woo-feed-brand?post=45284"}],"curies":[{"name":"wp","href":"https:\/\/api.w.org\/{rel}","templated":true}]}}