{"id":4435,"date":"2018-12-12T07:49:56","date_gmt":"2018-12-12T07:49:56","guid":{"rendered":"https:\/\/fh-staging.vengo.cloud\/?product=schokolade-gluckskafer-von-munz"},"modified":"2025-11-04T15:07:33","modified_gmt":"2025-11-04T14:07:33","slug":"chocolat-gluckskafer-de-munz","status":"publish","type":"product","link":"https:\/\/fh-staging.vengo.cloud\/fr-ch\/p\/schokolade-gluckskafer-von-munz","title":{"rendered":"Coccinelle en chocolat de Munz"},"content":{"rendered":"<p style=\"text-align: left;\">Ce paquet original contient 32 petites coccinelles, 150g de d\u00e9licieux chocolat au lait suisse fourr\u00e9 au pralin\u00e9.<\/p>\n<table width=\"650\">\n<tbody>\n<tr>\n<td width=\"650\"><strong>Ingr\u00e9dients<\/strong><\/td>\n<\/tr>\n<tr>\n<td>Sucre, beurre de cacao, p\u00e2te de cacao, lait entier en poudre, graisse v\u00e9g\u00e9tale (palme \u00e0 huile), noisettes (8%), lait \u00e9cr\u00e9m\u00e9 en poudre, farine de soja, \u00e9mulsifiant (l\u00e9cithine de soja), extrait de vanille.<\/td>\n<\/tr>\n<tr>\n<td><strong>Informations sur les valeurs nutritives<\/strong><\/td>\n<\/tr>\n<tr>\n<td>Valeur \u00e9nerg\u00e9tique : 2340 kJ \/ 559 kcal, graisse : 36g, dont acides gras satur\u00e9s : 21g, glucides : 51g, dont sucre : 50g, prot\u00e9ines : 7,3g, sel : 0,15g d\u00fb au sodium naturellement pr\u00e9sent.<\/td>\n<\/tr>\n<tr>\n<td><strong>Conseils pour les personnes allergiques<\/strong><\/td>\n<\/tr>\n<tr>\n<td>Contient des ingr\u00e9dients : Lait, noisettes, soja. Peut contenir des amandes.<\/td>\n<\/tr>\n<tr>\n<td><strong>Pays d'origine<\/strong><\/td>\n<\/tr>\n<tr>\n<td>Suisse<\/td>\n<\/tr>\n<\/tbody>\n<\/table>\n<p style=\"text-align: left;\"><strong>Il s'agit d'un produit \"Fleurop Edition\".<\/strong><\/p>","protected":false},"excerpt":{"rendered":"<p>Coccinelle en chocolat (150g) de Munz<\/p>","protected":false},"featured_media":4436,"template":"","meta":[],"product_brand":[],"product_cat":[114,1090,910,1001,984,993,1207,999,1088,909,915,42,885,52,54],"product_tag":[282],"woo-feed-brand":[],"class_list":{"0":"post-4435","1":"product","2":"type-product","3":"status-publish","4":"has-post-thumbnail","6":"product_cat-schokolade-sweets","7":"product_cat-geniesser","8":"product_cat-geschenkideen","9":"product_cat-leckereien","10":"product_cat-silvester","11":"product_cat-silvestergeschenke","12":"product_cat-unter-25-chf","13":"product_cat-valentinstag","14":"product_cat-vatertag","15":"product_cat-weihnachten","16":"product_cat-wichteln","17":"product_cat-kueche","18":"product_cat-koestlichkeiten","19":"product_cat-geschenke","20":"product_cat-feinkost","21":"product_tag-fleurop-interflora","23":"first","24":"instock","25":"taxable","26":"shipping-taxable","27":"purchasable","28":"product-type-simple"},"_links":{"self":[{"href":"https:\/\/fh-staging.vengo.cloud\/fr-ch\/wp-json\/wp\/v2\/product\/4435","targetHints":{"allow":["GET"]}}],"collection":[{"href":"https:\/\/fh-staging.vengo.cloud\/fr-ch\/wp-json\/wp\/v2\/product"}],"about":[{"href":"https:\/\/fh-staging.vengo.cloud\/fr-ch\/wp-json\/wp\/v2\/types\/product"}],"wp:featuredmedia":[{"embeddable":true,"href":"https:\/\/fh-staging.vengo.cloud\/fr-ch\/wp-json\/wp\/v2\/media\/4436"}],"wp:attachment":[{"href":"https:\/\/fh-staging.vengo.cloud\/fr-ch\/wp-json\/wp\/v2\/media?parent=4435"}],"wp:term":[{"taxonomy":"product_brand","embeddable":true,"href":"https:\/\/fh-staging.vengo.cloud\/fr-ch\/wp-json\/wp\/v2\/product_brand?post=4435"},{"taxonomy":"product_cat","embeddable":true,"href":"https:\/\/fh-staging.vengo.cloud\/fr-ch\/wp-json\/wp\/v2\/product_cat?post=4435"},{"taxonomy":"product_tag","embeddable":true,"href":"https:\/\/fh-staging.vengo.cloud\/fr-ch\/wp-json\/wp\/v2\/product_tag?post=4435"},{"taxonomy":"woo-feed-brand","embeddable":true,"href":"https:\/\/fh-staging.vengo.cloud\/fr-ch\/wp-json\/wp\/v2\/woo-feed-brand?post=4435"}],"curies":[{"name":"wp","href":"https:\/\/api.w.org\/{rel}","templated":true}]}}