{"id":43174,"date":"2024-10-03T17:42:57","date_gmt":"2024-10-03T15:42:57","guid":{"rendered":"https:\/\/fh-staging.vengo.cloud\/?post_type=product&#038;p=43174"},"modified":"2025-11-04T09:03:06","modified_gmt":"2025-11-04T08:03:06","slug":"blooms-for-you-vera","status":"publish","type":"product","link":"https:\/\/fh-staging.vengo.cloud\/fr-ch\/p\/blooms-for-you-vera","title":{"rendered":"Blooms for you \"Vera"},"content":{"rendered":"<p>Cynorrhodons en rouge (5 tiges), dans un sac \u00e0 fleurs orange<\/p>\n<p>\"Blooms for you\" est une merveilleuse fa\u00e7on de s'offrir des fleurs fra\u00eeches aux superbes couleurs pour sa maison. Que ce soit pour des occasions sp\u00e9ciales ou simplement comme \u00e7a, \"Blooms for you\" offre un grand choix de couleurs, de formes et de parfums qui fleuriront n'importe quelle pi\u00e8ce.<\/p>","protected":false},"excerpt":{"rendered":"<p>Cynorrhodons en rouge (5 tiges), dans un sac \u00e0 fleurs orange<\/p>","protected":false},"featured_media":47127,"template":"","meta":[],"product_brand":[],"product_cat":[112,23,26,1039],"product_tag":[294],"woo-feed-brand":[],"class_list":{"0":"post-43174","1":"product","2":"type-product","3":"status-publish","4":"has-post-thumbnail","6":"product_cat-schnittblumen","7":"product_cat-home-living","8":"product_cat-blumen-pflanzen","9":"product_cat-blooms-for-you","10":"product_tag-the-bloomery","12":"first","13":"instock","14":"taxable","15":"shipping-taxable","16":"purchasable","17":"product-type-simple"},"_links":{"self":[{"href":"https:\/\/fh-staging.vengo.cloud\/fr-ch\/wp-json\/wp\/v2\/product\/43174","targetHints":{"allow":["GET"]}}],"collection":[{"href":"https:\/\/fh-staging.vengo.cloud\/fr-ch\/wp-json\/wp\/v2\/product"}],"about":[{"href":"https:\/\/fh-staging.vengo.cloud\/fr-ch\/wp-json\/wp\/v2\/types\/product"}],"wp:featuredmedia":[{"embeddable":true,"href":"https:\/\/fh-staging.vengo.cloud\/fr-ch\/wp-json\/wp\/v2\/media\/47127"}],"wp:attachment":[{"href":"https:\/\/fh-staging.vengo.cloud\/fr-ch\/wp-json\/wp\/v2\/media?parent=43174"}],"wp:term":[{"taxonomy":"product_brand","embeddable":true,"href":"https:\/\/fh-staging.vengo.cloud\/fr-ch\/wp-json\/wp\/v2\/product_brand?post=43174"},{"taxonomy":"product_cat","embeddable":true,"href":"https:\/\/fh-staging.vengo.cloud\/fr-ch\/wp-json\/wp\/v2\/product_cat?post=43174"},{"taxonomy":"product_tag","embeddable":true,"href":"https:\/\/fh-staging.vengo.cloud\/fr-ch\/wp-json\/wp\/v2\/product_tag?post=43174"},{"taxonomy":"woo-feed-brand","embeddable":true,"href":"https:\/\/fh-staging.vengo.cloud\/fr-ch\/wp-json\/wp\/v2\/woo-feed-brand?post=43174"}],"curies":[{"name":"wp","href":"https:\/\/api.w.org\/{rel}","templated":true}]}}