{"id":39869,"date":"2024-08-23T13:41:03","date_gmt":"2024-08-23T11:41:03","guid":{"rendered":"https:\/\/fh-staging.vengo.cloud\/?post_type=product&#038;p=39869"},"modified":"2026-01-28T12:57:09","modified_gmt":"2026-01-28T11:57:09","slug":"plisse","status":"publish","type":"product","link":"https:\/\/fh-staging.vengo.cloud\/fr-ch\/p\/plisse","title":{"rendered":"Pliss\u00e9"},"content":{"rendered":"<p>Bouilloire \u00e9lectrique en r\u00e9sine thermoplastique. Prise Suisse.<\/p>\n<div id=\"shopify-section-product-specifications\" class=\"shopify-section\">\n<ul class=\"product-specifications\">\n<li class=\"product-specifications__item\"><span class=\"product-specifications__title\">Capacit\u00e9 (cl) : <\/span><span class=\"product-specifications__value\">170.00 \/ 100.00<\/span><\/li>\n<li class=\"product-specifications__item\"><span class=\"product-specifications__title\">Hauteur (cm) : <\/span><span class=\"product-specifications__value\">29.00 \/ 20.00<\/span><\/li>\n<li class=\"product-specifications__item\"><span class=\"product-specifications__title\">Longueur (cm) : <\/span><span class=\"product-specifications__value\">21.00<\/span><\/li>\n<li class=\"product-specifications__item\"><span class=\"product-specifications__title\">Largeur (cm) : <\/span><span class=\"product-specifications__value\">16.00<\/span><\/li>\n<\/ul>\n<div class=\"product-specifications__bottom\"><\/div>\n<\/div>","protected":false},"excerpt":{"rendered":"<p>Bouilloire \u00e9lectrique en r\u00e9sine thermoplastique. Prise Suisse.<\/p>","protected":false},"featured_media":39889,"template":"","meta":[],"product_brand":[],"product_cat":[44,42],"product_tag":[],"woo-feed-brand":[],"class_list":{"0":"post-39869","1":"product","2":"type-product","3":"status-publish","4":"has-post-thumbnail","6":"product_cat-kuechenhelfer","7":"product_cat-kueche","9":"first","10":"instock","11":"taxable","12":"shipping-taxable","13":"purchasable","14":"product-type-variable","15":"has-default-attributes"},"_links":{"self":[{"href":"https:\/\/fh-staging.vengo.cloud\/fr-ch\/wp-json\/wp\/v2\/product\/39869","targetHints":{"allow":["GET"]}}],"collection":[{"href":"https:\/\/fh-staging.vengo.cloud\/fr-ch\/wp-json\/wp\/v2\/product"}],"about":[{"href":"https:\/\/fh-staging.vengo.cloud\/fr-ch\/wp-json\/wp\/v2\/types\/product"}],"wp:featuredmedia":[{"embeddable":true,"href":"https:\/\/fh-staging.vengo.cloud\/fr-ch\/wp-json\/wp\/v2\/media\/39889"}],"wp:attachment":[{"href":"https:\/\/fh-staging.vengo.cloud\/fr-ch\/wp-json\/wp\/v2\/media?parent=39869"}],"wp:term":[{"taxonomy":"product_brand","embeddable":true,"href":"https:\/\/fh-staging.vengo.cloud\/fr-ch\/wp-json\/wp\/v2\/product_brand?post=39869"},{"taxonomy":"product_cat","embeddable":true,"href":"https:\/\/fh-staging.vengo.cloud\/fr-ch\/wp-json\/wp\/v2\/product_cat?post=39869"},{"taxonomy":"product_tag","embeddable":true,"href":"https:\/\/fh-staging.vengo.cloud\/fr-ch\/wp-json\/wp\/v2\/product_tag?post=39869"},{"taxonomy":"woo-feed-brand","embeddable":true,"href":"https:\/\/fh-staging.vengo.cloud\/fr-ch\/wp-json\/wp\/v2\/woo-feed-brand?post=39869"}],"curies":[{"name":"wp","href":"https:\/\/api.w.org\/{rel}","templated":true}]}}