{"id":37307,"date":"2024-07-23T21:07:44","date_gmt":"2024-07-23T19:07:44","guid":{"rendered":"https:\/\/fh-staging.vengo.cloud\/de-ch\/?post_type=product&#038;p=37307"},"modified":"2025-10-22T08:54:59","modified_gmt":"2025-10-22T06:54:59","slug":"plateau-hexagonal-blanc-cuivre","status":"publish","type":"product","link":"https:\/\/fh-staging.vengo.cloud\/fr-ch\/p\/hexagon-tablett-weiss-kupfer","title":{"rendered":"Plateau hexagonal, blanc cuivre"},"content":{"rendered":"<p><b>Mat\u00e9riel :<\/b> Jesmonite<\/p>\n<p><b>Fait \u00e0 la main :<\/b> Chaque pi\u00e8ce est unique<\/p>\n<p><b>Parfait pour : <\/b>Bijoux, cl\u00e9s, pi\u00e8ces de monnaie et petits accessoires ou comme dessous de plat<\/p>\n<p><b>La masse :<\/b> environ 97 x 110 mm<\/p>\n<p><b>Conseil d'entretien : <\/b>Tous les produits sont hydrofuges, mais pas \u00e9tanches. Pour le nettoyer, essuie-le l\u00e9g\u00e8rement avec un chiffon humide, ne le frotte pas.<\/p>\n<p><b>Bon \u00e0 savoir <\/b>Comme chaque produit est fabriqu\u00e9 \u00e0 la main, les couleurs et les motifs peuvent varier l\u00e9g\u00e8rement. En raison de la nature du mat\u00e9riau, quelques bulles d'air sont in\u00e9vitables.<\/p>","protected":false},"excerpt":{"rendered":"<p>Le plateau de rangement Hexagon est un accessoire \u00e9l\u00e9gant et polyvalent pour la maison ou le bureau. Fabriqu\u00e9 en Jesmonite de haute qualit\u00e9, il offre une esth\u00e9tique moderne et est id\u00e9al pour organiser de petits objets comme des cl\u00e9s ou des bijoux.<\/p>","protected":false},"featured_media":37301,"template":"","meta":[],"product_brand":[],"product_cat":[30,23,1190],"product_tag":[333],"woo-feed-brand":[],"class_list":{"0":"post-37307","1":"product","2":"type-product","3":"status-publish","4":"has-post-thumbnail","6":"product_cat-deko-accessoires","7":"product_cat-home-living","8":"product_cat-dekoobjekte","9":"product_tag-kiwi-deko","11":"first","12":"instock","13":"taxable","14":"shipping-taxable","15":"purchasable","16":"product-type-simple"},"_links":{"self":[{"href":"https:\/\/fh-staging.vengo.cloud\/fr-ch\/wp-json\/wp\/v2\/product\/37307","targetHints":{"allow":["GET"]}}],"collection":[{"href":"https:\/\/fh-staging.vengo.cloud\/fr-ch\/wp-json\/wp\/v2\/product"}],"about":[{"href":"https:\/\/fh-staging.vengo.cloud\/fr-ch\/wp-json\/wp\/v2\/types\/product"}],"wp:featuredmedia":[{"embeddable":true,"href":"https:\/\/fh-staging.vengo.cloud\/fr-ch\/wp-json\/wp\/v2\/media\/37301"}],"wp:attachment":[{"href":"https:\/\/fh-staging.vengo.cloud\/fr-ch\/wp-json\/wp\/v2\/media?parent=37307"}],"wp:term":[{"taxonomy":"product_brand","embeddable":true,"href":"https:\/\/fh-staging.vengo.cloud\/fr-ch\/wp-json\/wp\/v2\/product_brand?post=37307"},{"taxonomy":"product_cat","embeddable":true,"href":"https:\/\/fh-staging.vengo.cloud\/fr-ch\/wp-json\/wp\/v2\/product_cat?post=37307"},{"taxonomy":"product_tag","embeddable":true,"href":"https:\/\/fh-staging.vengo.cloud\/fr-ch\/wp-json\/wp\/v2\/product_tag?post=37307"},{"taxonomy":"woo-feed-brand","embeddable":true,"href":"https:\/\/fh-staging.vengo.cloud\/fr-ch\/wp-json\/wp\/v2\/woo-feed-brand?post=37307"}],"curies":[{"name":"wp","href":"https:\/\/api.w.org\/{rel}","templated":true}]}}