{"id":37217,"date":"2024-07-19T21:41:34","date_gmt":"2024-07-19T19:41:34","guid":{"rendered":"https:\/\/fh-staging.vengo.cloud\/de-ch\/?post_type=product&#038;p=37217"},"modified":"2025-10-22T08:55:06","modified_gmt":"2025-10-22T06:55:06","slug":"plateau-carre-vert-avec-terrazzo-multicolore","status":"publish","type":"product","link":"https:\/\/fh-staging.vengo.cloud\/fr-ch\/p\/quadratisches-tablett-gruen-mit-bunten-terrazzo","title":{"rendered":"Plateau carr\u00e9 vert avec terrazzo multicolore"},"content":{"rendered":"<p><b>Mat\u00e9riel :<\/b> Jesmonite<\/p>\n<p><b>Fait \u00e0 la main :<\/b> Chaque pi\u00e8ce est unique<\/p>\n<p><b>Parfait pour : <\/b>Bijoux, cl\u00e9s, pi\u00e8ces de monnaie et petits accessoires ou comme dessous de plat<\/p>\n<p><b>La masse :<\/b> environ 101 x 101 mm<\/p>\n<p><b>Conseil d'entretien : <\/b>Tous les produits sont hydrofuges, mais pas \u00e9tanches. Pour le nettoyer, essuie-le l\u00e9g\u00e8rement avec un chiffon humide, ne le frotte pas.<\/p>\n<p><b>Bon \u00e0 savoir <\/b>Comme chaque produit est fabriqu\u00e9 \u00e0 la main, les couleurs et les motifs peuvent varier l\u00e9g\u00e8rement. En raison de la nature du mat\u00e9riau, quelques bulles d'air sont in\u00e9vitables.<\/p>","protected":false},"excerpt":{"rendered":"<p>Cet \u00e9l\u00e9gant plateau de rangement en jesmonite de haute qualit\u00e9 allie style et fonctionnalit\u00e9. Le plateau se distingue par ses multiples couleurs et motifs qui ajoutent une touche de luxe \u00e0 n'importe quelle pi\u00e8ce. Id\u00e9al pour ranger des bijoux, des cl\u00e9s ou de petits objets de d\u00e9coration, ce plateau de rangement n'est pas seulement pratique, il attire aussi l'attention.<\/p>","protected":false},"featured_media":37208,"template":"","meta":[],"product_brand":[],"product_cat":[30,23,1190],"product_tag":[333],"woo-feed-brand":[],"class_list":{"0":"post-37217","1":"product","2":"type-product","3":"status-publish","4":"has-post-thumbnail","6":"product_cat-deko-accessoires","7":"product_cat-home-living","8":"product_cat-dekoobjekte","9":"product_tag-kiwi-deko","11":"first","12":"instock","13":"taxable","14":"shipping-taxable","15":"purchasable","16":"product-type-simple"},"_links":{"self":[{"href":"https:\/\/fh-staging.vengo.cloud\/fr-ch\/wp-json\/wp\/v2\/product\/37217","targetHints":{"allow":["GET"]}}],"collection":[{"href":"https:\/\/fh-staging.vengo.cloud\/fr-ch\/wp-json\/wp\/v2\/product"}],"about":[{"href":"https:\/\/fh-staging.vengo.cloud\/fr-ch\/wp-json\/wp\/v2\/types\/product"}],"wp:featuredmedia":[{"embeddable":true,"href":"https:\/\/fh-staging.vengo.cloud\/fr-ch\/wp-json\/wp\/v2\/media\/37208"}],"wp:attachment":[{"href":"https:\/\/fh-staging.vengo.cloud\/fr-ch\/wp-json\/wp\/v2\/media?parent=37217"}],"wp:term":[{"taxonomy":"product_brand","embeddable":true,"href":"https:\/\/fh-staging.vengo.cloud\/fr-ch\/wp-json\/wp\/v2\/product_brand?post=37217"},{"taxonomy":"product_cat","embeddable":true,"href":"https:\/\/fh-staging.vengo.cloud\/fr-ch\/wp-json\/wp\/v2\/product_cat?post=37217"},{"taxonomy":"product_tag","embeddable":true,"href":"https:\/\/fh-staging.vengo.cloud\/fr-ch\/wp-json\/wp\/v2\/product_tag?post=37217"},{"taxonomy":"woo-feed-brand","embeddable":true,"href":"https:\/\/fh-staging.vengo.cloud\/fr-ch\/wp-json\/wp\/v2\/woo-feed-brand?post=37217"}],"curies":[{"name":"wp","href":"https:\/\/api.w.org\/{rel}","templated":true}]}}