{"id":37176,"date":"2024-07-19T19:53:29","date_gmt":"2024-07-19T17:53:29","guid":{"rendered":"https:\/\/fh-staging.vengo.cloud\/de-ch\/?post_type=product&#038;p=37176"},"modified":"2025-10-22T08:55:10","modified_gmt":"2025-10-22T06:55:10","slug":"coquille-decorative-noire","status":"publish","type":"product","link":"https:\/\/fh-staging.vengo.cloud\/fr-ch\/p\/muschel-dekoschale-schwarz","title":{"rendered":"Coquillage d\u00e9coratif, noir"},"content":{"rendered":"<p><strong>Mat\u00e9riel :<\/strong>\u00a0Jesmonite<\/p>\n<p><strong>Fait \u00e0 la main :<\/strong> Chaque pi\u00e8ce est unique<\/p>\n<p><strong>Parfait pour : <\/strong>Bijoux, cl\u00e9s, pi\u00e8ces de monnaie et petits accessoires<\/p>\n<p><strong>La masse :<\/strong> environ 110 mm<\/p>\n<p><strong>Conseil d'entretien : <\/strong>Tous les produits sont hydrofuges, mais pas \u00e9tanches. Pour le nettoyer, essuie-le l\u00e9g\u00e8rement avec un chiffon humide, ne le frotte pas.<\/p>\n<p><strong>Bon \u00e0 savoir <\/strong>Comme chaque produit est fabriqu\u00e9 \u00e0 la main, les couleurs et les motifs peuvent varier l\u00e9g\u00e8rement. En raison de la nature du mat\u00e9riau, quelques bulles d'air sont in\u00e9vitables.<\/p>\n<p>Ajoute une touche d'\u00e9l\u00e9gance \u00e0 ta maison et organise tes bijoux avec style gr\u00e2ce \u00e0 cette magnifique coquille jesmonite.<\/p>","protected":false},"excerpt":{"rendered":"<p>D\u00e9couvre notre coquillage en jesmonite fabriqu\u00e9 \u00e0 la main, parfait pour ranger avec style tes bijoux et petits objets pr\u00e9cieux. Avec son design d\u00e9taill\u00e9, il n'est pas seulement pratique, mais il attire aussi l'attention sur ta table de nuit ou ta coiffeuse. Id\u00e9al pour les bagues, les colliers, les bracelets et autres accessoires pr\u00e9cieux.<\/p>","protected":false},"featured_media":37177,"template":"","meta":[],"product_brand":[],"product_cat":[30,23,1190],"product_tag":[333],"woo-feed-brand":[],"class_list":{"0":"post-37176","1":"product","2":"type-product","3":"status-publish","4":"has-post-thumbnail","6":"product_cat-deko-accessoires","7":"product_cat-home-living","8":"product_cat-dekoobjekte","9":"product_tag-kiwi-deko","11":"first","12":"instock","13":"taxable","14":"shipping-taxable","15":"purchasable","16":"product-type-simple"},"_links":{"self":[{"href":"https:\/\/fh-staging.vengo.cloud\/fr-ch\/wp-json\/wp\/v2\/product\/37176","targetHints":{"allow":["GET"]}}],"collection":[{"href":"https:\/\/fh-staging.vengo.cloud\/fr-ch\/wp-json\/wp\/v2\/product"}],"about":[{"href":"https:\/\/fh-staging.vengo.cloud\/fr-ch\/wp-json\/wp\/v2\/types\/product"}],"wp:featuredmedia":[{"embeddable":true,"href":"https:\/\/fh-staging.vengo.cloud\/fr-ch\/wp-json\/wp\/v2\/media\/37177"}],"wp:attachment":[{"href":"https:\/\/fh-staging.vengo.cloud\/fr-ch\/wp-json\/wp\/v2\/media?parent=37176"}],"wp:term":[{"taxonomy":"product_brand","embeddable":true,"href":"https:\/\/fh-staging.vengo.cloud\/fr-ch\/wp-json\/wp\/v2\/product_brand?post=37176"},{"taxonomy":"product_cat","embeddable":true,"href":"https:\/\/fh-staging.vengo.cloud\/fr-ch\/wp-json\/wp\/v2\/product_cat?post=37176"},{"taxonomy":"product_tag","embeddable":true,"href":"https:\/\/fh-staging.vengo.cloud\/fr-ch\/wp-json\/wp\/v2\/product_tag?post=37176"},{"taxonomy":"woo-feed-brand","embeddable":true,"href":"https:\/\/fh-staging.vengo.cloud\/fr-ch\/wp-json\/wp\/v2\/woo-feed-brand?post=37176"}],"curies":[{"name":"wp","href":"https:\/\/api.w.org\/{rel}","templated":true}]}}