{"id":37022,"date":"2024-07-16T10:06:39","date_gmt":"2024-07-16T08:06:39","guid":{"rendered":"https:\/\/fh-staging.vengo.cloud\/?post_type=product&#038;p=37022"},"modified":"2025-10-22T11:20:57","modified_gmt":"2025-10-22T09:20:57","slug":"perles-deco-blanches-avec-trou-10-mm","status":"publish","type":"product","link":"https:\/\/fh-staging.vengo.cloud\/fr-ch\/p\/deko-perlen-weiss-mit-loch-10-mm","title":{"rendered":"Perles d\u00e9coratives blanches avec trou, 10 mm"},"content":{"rendered":"<p>Les perles sont des classiques ... mais aussi tr\u00e8s tendance. C'est aussi le cas des perles d\u00e9coratives. Elles font de tes cr\u00e9ations personnelles quelque chose de tr\u00e8s sp\u00e9cial.<\/p>","protected":false},"excerpt":{"rendered":"<p>Perles d\u00e9coratives blanches avec trou, 10 mm<\/p>","protected":false},"featured_media":37024,"template":"","meta":[],"product_brand":[],"product_cat":[29,23,1196],"product_tag":[282],"woo-feed-brand":[],"class_list":{"0":"post-37022","1":"product","2":"type-product","3":"status-publish","4":"has-post-thumbnail","6":"product_cat-do-it-yourself","7":"product_cat-home-living","8":"product_cat-natur-deko","9":"product_tag-fleurop-interflora","11":"first","12":"instock","13":"taxable","14":"shipping-taxable","15":"purchasable","16":"product-type-simple"},"_links":{"self":[{"href":"https:\/\/fh-staging.vengo.cloud\/fr-ch\/wp-json\/wp\/v2\/product\/37022","targetHints":{"allow":["GET"]}}],"collection":[{"href":"https:\/\/fh-staging.vengo.cloud\/fr-ch\/wp-json\/wp\/v2\/product"}],"about":[{"href":"https:\/\/fh-staging.vengo.cloud\/fr-ch\/wp-json\/wp\/v2\/types\/product"}],"wp:featuredmedia":[{"embeddable":true,"href":"https:\/\/fh-staging.vengo.cloud\/fr-ch\/wp-json\/wp\/v2\/media\/37024"}],"wp:attachment":[{"href":"https:\/\/fh-staging.vengo.cloud\/fr-ch\/wp-json\/wp\/v2\/media?parent=37022"}],"wp:term":[{"taxonomy":"product_brand","embeddable":true,"href":"https:\/\/fh-staging.vengo.cloud\/fr-ch\/wp-json\/wp\/v2\/product_brand?post=37022"},{"taxonomy":"product_cat","embeddable":true,"href":"https:\/\/fh-staging.vengo.cloud\/fr-ch\/wp-json\/wp\/v2\/product_cat?post=37022"},{"taxonomy":"product_tag","embeddable":true,"href":"https:\/\/fh-staging.vengo.cloud\/fr-ch\/wp-json\/wp\/v2\/product_tag?post=37022"},{"taxonomy":"woo-feed-brand","embeddable":true,"href":"https:\/\/fh-staging.vengo.cloud\/fr-ch\/wp-json\/wp\/v2\/woo-feed-brand?post=37022"}],"curies":[{"name":"wp","href":"https:\/\/api.w.org\/{rel}","templated":true}]}}