{"id":35752,"date":"2024-06-14T17:13:09","date_gmt":"2024-06-14T15:13:09","guid":{"rendered":"https:\/\/fh-staging.vengo.cloud\/de-ch\/?post_type=product&#038;p=35752"},"modified":"2025-11-28T08:46:31","modified_gmt":"2025-11-28T07:46:31","slug":"vase-en-tissu-pour-bouteilles-de-75cl-couleur-abricot","status":"publish","type":"product","link":"https:\/\/fh-staging.vengo.cloud\/fr-ch\/p\/vase-aus-stoff-fuer-75cl-flaschen-farbe-apricot","title":{"rendered":"Vase en tissu pour bouteilles de 75cl, couleur abricot"},"content":{"rendered":"<p><strong>De la bouteille vide \u00e0 la beaut\u00e9 durable<\/strong><\/p>\n<p>Le Re-Vase de HappyTrays est un vase en tissu qui transforme les bouteilles en verre utilis\u00e9es\/vides en magnifiques compositions florales. Il prend ainsi le pouls de la consommation durable et de l'id\u00e9e d'upcycling. Ces \u00e9l\u00e9gantes housses de vase s'adaptent sur la plupart des bouteilles standard de 75cl et permettent de profiter de la bouteille longtemps apr\u00e8s la derni\u00e8re goutte. Chaque vase est fabriqu\u00e9 \u00e0 la main dans les montagnes du Portugal \u00e0 partir de laine vierge obtenue de mani\u00e8re \u00e9thique, combine la durabilit\u00e9 avec un design fonctionnel et constitue un ajout \u00e9l\u00e9gant \u00e0 tout int\u00e9rieur.<\/p>","protected":false},"excerpt":{"rendered":"<p>Housse en tissu en laine vierge durable qui transforme les bouteilles en verre usag\u00e9es\/vides en magnifiques compositions florales. Fabriqu\u00e9 \u00e0 la main dans les montagnes du Portugal<\/p>","protected":false},"featured_media":49160,"template":"","meta":[],"product_brand":[],"product_cat":[27,23,1000,797,1024,1021,1018,999,1197,31],"product_tag":[314],"woo-feed-brand":[],"class_list":{"0":"post-35752","1":"product","2":"type-product","3":"status-publish","4":"has-post-thumbnail","6":"product_cat-vasen-gefaesse","7":"product_cat-home-living","8":"product_cat-valentinstagsdeko","9":"product_cat-muttertag","10":"product_cat-muttertagsdeko","11":"product_cat-osterdeko","12":"product_cat-ostern","13":"product_cat-valentinstag","14":"product_cat-vasen","15":"product_cat-heimtextilien","16":"product_tag-happytrays","18":"first","19":"instock","20":"taxable","21":"shipping-taxable","22":"purchasable","23":"product-type-simple"},"_links":{"self":[{"href":"https:\/\/fh-staging.vengo.cloud\/fr-ch\/wp-json\/wp\/v2\/product\/35752","targetHints":{"allow":["GET"]}}],"collection":[{"href":"https:\/\/fh-staging.vengo.cloud\/fr-ch\/wp-json\/wp\/v2\/product"}],"about":[{"href":"https:\/\/fh-staging.vengo.cloud\/fr-ch\/wp-json\/wp\/v2\/types\/product"}],"wp:featuredmedia":[{"embeddable":true,"href":"https:\/\/fh-staging.vengo.cloud\/fr-ch\/wp-json\/wp\/v2\/media\/49160"}],"wp:attachment":[{"href":"https:\/\/fh-staging.vengo.cloud\/fr-ch\/wp-json\/wp\/v2\/media?parent=35752"}],"wp:term":[{"taxonomy":"product_brand","embeddable":true,"href":"https:\/\/fh-staging.vengo.cloud\/fr-ch\/wp-json\/wp\/v2\/product_brand?post=35752"},{"taxonomy":"product_cat","embeddable":true,"href":"https:\/\/fh-staging.vengo.cloud\/fr-ch\/wp-json\/wp\/v2\/product_cat?post=35752"},{"taxonomy":"product_tag","embeddable":true,"href":"https:\/\/fh-staging.vengo.cloud\/fr-ch\/wp-json\/wp\/v2\/product_tag?post=35752"},{"taxonomy":"woo-feed-brand","embeddable":true,"href":"https:\/\/fh-staging.vengo.cloud\/fr-ch\/wp-json\/wp\/v2\/woo-feed-brand?post=35752"}],"curies":[{"name":"wp","href":"https:\/\/api.w.org\/{rel}","templated":true}]}}