{"id":35503,"date":"2024-06-10T21:29:58","date_gmt":"2024-06-10T19:29:58","guid":{"rendered":"https:\/\/fh-staging.vengo.cloud\/de-ch\/?post_type=product&#038;p=35503"},"modified":"2025-05-22T13:01:28","modified_gmt":"2025-05-22T11:01:28","slug":"dessous-de-verre-en-set-de-4-bleu","status":"publish","type":"product","link":"https:\/\/fh-staging.vengo.cloud\/fr-ch\/p\/untersetzer-im-4er-set-blau","title":{"rendered":"Dessous de verre en set de 4, bleu"},"content":{"rendered":"<p><b>Mat\u00e9riel :<\/b>\u00a0Jesmonite<\/p>\n<p><b>Fait \u00e0 la main :<\/b> Chaque pi\u00e8ce est unique<\/p>\n<p><b>La masse :<\/b> environ 85 mm \u00d8<\/p>\n<p><b>Conseil d'entretien : <\/b>Tous les produits sont hydrofuges, mais pas \u00e9tanches. Pour le nettoyer, essuie-le l\u00e9g\u00e8rement avec un chiffon humide, ne le frotte pas.<\/p>\n<p><b>Bon \u00e0 savoir <\/b>Comme chaque produit est fabriqu\u00e9 \u00e0 la main, les couleurs et les motifs peuvent varier l\u00e9g\u00e8rement. En raison de la nature du mat\u00e9riau, quelques bulles d'air sont in\u00e9vitables.<\/p>\n<p>Parfait comme cadeau ou pour toi-m\u00eame !<\/p>","protected":false},"excerpt":{"rendered":"<p>Mets des accents \u00e9l\u00e9gants dans ta maison avec nos dessous de verre Jesmonite fabriqu\u00e9s \u00e0 la main. Chaque pi\u00e8ce est unique et fabriqu\u00e9e avec amour et prot\u00e8ge tes surfaces des rayures et des taches.<\/p>","protected":false},"featured_media":35488,"template":"","meta":[],"product_brand":[],"product_cat":[1106,42,1104,43],"product_tag":[333],"woo-feed-brand":[],"class_list":{"0":"post-35503","1":"product","2":"type-product","3":"status-publish","4":"has-post-thumbnail","6":"product_cat-untersetzer","7":"product_cat-kueche","8":"product_cat-tischakzente","9":"product_cat-gedeckter-tisch","10":"product_tag-kiwi-deko","12":"first","13":"instock","14":"taxable","15":"shipping-taxable","16":"purchasable","17":"product-type-simple"},"_links":{"self":[{"href":"https:\/\/fh-staging.vengo.cloud\/fr-ch\/wp-json\/wp\/v2\/product\/35503","targetHints":{"allow":["GET"]}}],"collection":[{"href":"https:\/\/fh-staging.vengo.cloud\/fr-ch\/wp-json\/wp\/v2\/product"}],"about":[{"href":"https:\/\/fh-staging.vengo.cloud\/fr-ch\/wp-json\/wp\/v2\/types\/product"}],"wp:featuredmedia":[{"embeddable":true,"href":"https:\/\/fh-staging.vengo.cloud\/fr-ch\/wp-json\/wp\/v2\/media\/35488"}],"wp:attachment":[{"href":"https:\/\/fh-staging.vengo.cloud\/fr-ch\/wp-json\/wp\/v2\/media?parent=35503"}],"wp:term":[{"taxonomy":"product_brand","embeddable":true,"href":"https:\/\/fh-staging.vengo.cloud\/fr-ch\/wp-json\/wp\/v2\/product_brand?post=35503"},{"taxonomy":"product_cat","embeddable":true,"href":"https:\/\/fh-staging.vengo.cloud\/fr-ch\/wp-json\/wp\/v2\/product_cat?post=35503"},{"taxonomy":"product_tag","embeddable":true,"href":"https:\/\/fh-staging.vengo.cloud\/fr-ch\/wp-json\/wp\/v2\/product_tag?post=35503"},{"taxonomy":"woo-feed-brand","embeddable":true,"href":"https:\/\/fh-staging.vengo.cloud\/fr-ch\/wp-json\/wp\/v2\/woo-feed-brand?post=35503"}],"curies":[{"name":"wp","href":"https:\/\/api.w.org\/{rel}","templated":true}]}}