{"id":34591,"date":"2024-05-28T08:37:21","date_gmt":"2024-05-28T06:37:21","guid":{"rendered":"https:\/\/fh-staging.vengo.cloud\/?post_type=product&#038;p=34591"},"modified":"2025-04-01T04:40:25","modified_gmt":"2025-04-01T02:40:25","slug":"set-cadeau-2-pieces-elephant","status":"publish","type":"product","link":"https:\/\/fh-staging.vengo.cloud\/fr-ch\/p\/2er-geschenkset-elefant","title":{"rendered":"Set cadeau 2 pi\u00e8ces \u00e9l\u00e9phant"},"content":{"rendered":"<p style=\"text-align: left;\"><strong>Le coffret cadeau comprend<br \/>\n<\/strong><\/p>\n<ul style=\"list-style-type: disc;\">\n<li style=\"text-align: left;\">une cha\u00eene de t\u00e9tine<\/li>\n<li style=\"text-align: left;\">un mini \u00e9l\u00e9phant au crochet d'environ 12cm<\/li>\n<\/ul>\n<p><strong>Couleur : Beige<\/strong><\/p>\n<ul style=\"list-style-type: disc;\">\n<li>Colliers en perles de bois\/silicone<\/li>\n<li>Sans personnalisation<\/li>\n<li>Attache-sucette clip en bois<\/li>\n<\/ul>\n<p><strong>ATTENTION !<\/strong><\/p>\n<ul>\n<li>Nettoie l'attache-sucette et avant la premi\u00e8re utilisation<\/li>\n<li>V\u00e9rifie l'attache-sucette avant chaque utilisation<\/li>\n<li>L'utilisation m\u00e9canique peut entra\u00eener une usure<\/li>\n<li>D\u00e8s les premiers signes de d\u00e9fauts sur la cha\u00eene, jette-la imm\u00e9diatement.<\/li>\n<li>Ne jamais rallonger la cha\u00eene de la t\u00e9tine et l'attacher uniquement aux v\u00eatements.<\/li>\n<li>Utiliser la cha\u00eene et le lapin uniquement sous la surveillance d'un adulte<\/li>\n<li>Pour le nettoyer, rince-le \u00e0 l'eau chaude et laisse-le s\u00e9cher.<\/li>\n<li>Le crochet ne convient pas au lave-linge\/tumbler<\/li>\n<li>Aucune responsabilit\u00e9 en cas de mauvaise utilisation<\/li>\n<\/ul>\n<p><em>La forme et la couleur des produits peuvent varier l\u00e9g\u00e8rement par rapport aux images des produits.<\/em><\/p>","protected":false},"excerpt":{"rendered":"<p>Notre set de 2 \u00e9l\u00e9phants est le cadeau id\u00e9al pour une naissance, un bapt\u00eame ou une baby shower. Il contient une attache-t\u00e9tine et un mini \u00e9l\u00e9phant au crochet.<\/p>","protected":false},"featured_media":34593,"template":"","meta":[],"product_brand":[],"product_cat":[939,1018,1026,59],"product_tag":[336],"woo-feed-brand":[],"class_list":{"0":"post-34591","1":"product","2":"type-product","3":"status-publish","4":"has-post-thumbnail","6":"product_cat-kindergeschenke","7":"product_cat-ostern","8":"product_cat-osternest","9":"product_cat-kids","10":"product_tag-teddi-bebe","12":"first","13":"instock","14":"taxable","15":"shipping-taxable","16":"purchasable","17":"product-type-simple"},"_links":{"self":[{"href":"https:\/\/fh-staging.vengo.cloud\/fr-ch\/wp-json\/wp\/v2\/product\/34591","targetHints":{"allow":["GET"]}}],"collection":[{"href":"https:\/\/fh-staging.vengo.cloud\/fr-ch\/wp-json\/wp\/v2\/product"}],"about":[{"href":"https:\/\/fh-staging.vengo.cloud\/fr-ch\/wp-json\/wp\/v2\/types\/product"}],"wp:featuredmedia":[{"embeddable":true,"href":"https:\/\/fh-staging.vengo.cloud\/fr-ch\/wp-json\/wp\/v2\/media\/34593"}],"wp:attachment":[{"href":"https:\/\/fh-staging.vengo.cloud\/fr-ch\/wp-json\/wp\/v2\/media?parent=34591"}],"wp:term":[{"taxonomy":"product_brand","embeddable":true,"href":"https:\/\/fh-staging.vengo.cloud\/fr-ch\/wp-json\/wp\/v2\/product_brand?post=34591"},{"taxonomy":"product_cat","embeddable":true,"href":"https:\/\/fh-staging.vengo.cloud\/fr-ch\/wp-json\/wp\/v2\/product_cat?post=34591"},{"taxonomy":"product_tag","embeddable":true,"href":"https:\/\/fh-staging.vengo.cloud\/fr-ch\/wp-json\/wp\/v2\/product_tag?post=34591"},{"taxonomy":"woo-feed-brand","embeddable":true,"href":"https:\/\/fh-staging.vengo.cloud\/fr-ch\/wp-json\/wp\/v2\/woo-feed-brand?post=34591"}],"curies":[{"name":"wp","href":"https:\/\/api.w.org\/{rel}","templated":true}]}}