{"id":33187,"date":"2024-04-24T11:52:45","date_gmt":"2024-04-24T09:52:45","guid":{"rendered":"https:\/\/fh-staging.vengo.cloud\/de-ch\/?post_type=product&#038;p=33187"},"modified":"2025-04-01T04:47:09","modified_gmt":"2025-04-01T02:47:09","slug":"kit-dirrigation-goutte-a-goutte-smart-blanc","status":"publish","type":"product","link":"https:\/\/fh-staging.vengo.cloud\/fr-ch\/p\/smart-tropf-bewaesserung-kit-weiss","title":{"rendered":"Kit d'arrosage goutte \u00e0 goutte Smart, blanc"},"content":{"rendered":"<p style=\"text-align: left\">Arrosage automatique goutte \u00e0 goutte CitySens ; r\u00e9servoir d'eau en blanc ; pour 12 plantes ; programmateur d'arrosage avec WiFi.<br \/>\nSyst\u00e8me d'arrosage goutte \u00e0 goutte automatique. R\u00e9servoir d'eau de 7 litres inclus. Composants de haute qualit\u00e9. Les goutteurs \u00e0 pression compens\u00e9e fournissent le m\u00eame d\u00e9bit, quelle que soit la hauteur ou la position du goutteur. Fabriqu\u00e9 en Espagne par des personnes aux comp\u00e9tences diff\u00e9rentes. En choisissant ce produit, tu nous aides \u00e0 promouvoir leur inclusion sociale.<\/p>\n<p style=\"text-align: left\">En 2 variantes de couleurs :<br \/>\n- Blanc<br \/>\n- Anthracite<\/p>\n<p style=\"text-align: left\">- Un must pour l'arrosage de tes plantes pendant les f\u00eates.<br \/>\n- Un syst\u00e8me d'arrosage id\u00e9al pour l'arrosage quotidien des plantes d'int\u00e9rieur tout au long de l'ann\u00e9e - Il permet d'adapter les directives d'arrosage aux besoins des plantes \u00e0 chaque saison.<br \/>\n- Il comprend un r\u00e9servoir d'eau de 7 litres<br \/>\n- Il comprend 10 m\u00e8tres de tuyau en PVC transparent de haute qualit\u00e9<br \/>\n- Il comprend 12 goutteurs \u00e0 pression compens\u00e9e : ces goutteurs fournissent le m\u00eame d\u00e9bit, quelle que soit la hauteur.<br \/>\n- Dimensions du produit (LxlxH) : 22x22x20<\/p>","protected":false},"excerpt":{"rendered":"<p>Arrosage automatique goutte \u00e0 goutte CitySens ; r\u00e9servoir d'eau en blanc ; pour 12 plantes ; programmateur d'arrosage avec WiFi.<br \/>\nDimensions du produit (LxlxH) : 22x22x20<\/p>","protected":false},"featured_media":35028,"template":"","meta":[],"product_brand":[],"product_cat":[521,23],"product_tag":[906],"woo-feed-brand":[],"class_list":{"0":"post-33187","1":"product","2":"type-product","3":"status-publish","4":"has-post-thumbnail","6":"product_cat-bewaesserung","7":"product_cat-home-living","8":"product_tag-surs-ag","10":"first","11":"instock","12":"taxable","13":"shipping-taxable","14":"purchasable","15":"product-type-simple"},"_links":{"self":[{"href":"https:\/\/fh-staging.vengo.cloud\/fr-ch\/wp-json\/wp\/v2\/product\/33187","targetHints":{"allow":["GET"]}}],"collection":[{"href":"https:\/\/fh-staging.vengo.cloud\/fr-ch\/wp-json\/wp\/v2\/product"}],"about":[{"href":"https:\/\/fh-staging.vengo.cloud\/fr-ch\/wp-json\/wp\/v2\/types\/product"}],"wp:featuredmedia":[{"embeddable":true,"href":"https:\/\/fh-staging.vengo.cloud\/fr-ch\/wp-json\/wp\/v2\/media\/35028"}],"wp:attachment":[{"href":"https:\/\/fh-staging.vengo.cloud\/fr-ch\/wp-json\/wp\/v2\/media?parent=33187"}],"wp:term":[{"taxonomy":"product_brand","embeddable":true,"href":"https:\/\/fh-staging.vengo.cloud\/fr-ch\/wp-json\/wp\/v2\/product_brand?post=33187"},{"taxonomy":"product_cat","embeddable":true,"href":"https:\/\/fh-staging.vengo.cloud\/fr-ch\/wp-json\/wp\/v2\/product_cat?post=33187"},{"taxonomy":"product_tag","embeddable":true,"href":"https:\/\/fh-staging.vengo.cloud\/fr-ch\/wp-json\/wp\/v2\/product_tag?post=33187"},{"taxonomy":"woo-feed-brand","embeddable":true,"href":"https:\/\/fh-staging.vengo.cloud\/fr-ch\/wp-json\/wp\/v2\/woo-feed-brand?post=33187"}],"curies":[{"name":"wp","href":"https:\/\/api.w.org\/{rel}","templated":true}]}}