{"id":33162,"date":"2024-04-24T11:52:13","date_gmt":"2024-04-24T09:52:13","guid":{"rendered":"https:\/\/fh-staging.vengo.cloud\/de-ch\/?post_type=product&#038;p=33162"},"modified":"2025-04-01T04:47:37","modified_gmt":"2025-04-01T02:47:37","slug":"etagere-a-fleurs-modele-4-plateaux-blanc-mat","status":"publish","type":"product","link":"https:\/\/fh-staging.vengo.cloud\/fr-ch\/p\/blumenregal-modell-4-tabletts-matt-weiss","title":{"rendered":"\u00c9tag\u00e8re \u00e0 fleurs mod\u00e8le 4 plateaux, blanc mat"},"content":{"rendered":"<ul>\n<li>\n<p style=\"text-align: left\">L'\u00e9tag\u00e8re pour plantes CitySens est un support pour plantes modulaire et adaptable. Mod\u00e8le avec 8 plateaux en blanc mat. Fabriqu\u00e9 en Espagne avec 100% de polypropyl\u00e8ne recycl\u00e9 et de bois \u00e9cologique certifi\u00e9 PEFC.<\/p>\n<p style=\"text-align: left\">Personnalisable : compose la structure selon tes envies. Plantes non incluses. Fabriqu\u00e9 par des personnes aux capacit\u00e9s diff\u00e9rentes. En choisissant ce produit, tu nous aides \u00e0 promouvoir leur inclusion sociale.<\/p>\n<p style=\"text-align: left\">- Design modulaire et adaptable : modifie la structure pour l'adapter compl\u00e8tement \u00e0 tous les espaces comme les coins, les murs, les cuisines, les bureaux et les balcons.<br \/>\n- Facile \u00e0 monter et \u00e0 d\u00e9monter : r\u00e9ajuste la forme ou place-la dans un autre espace, selon ce qui convient \u00e0 toi ou \u00e0 tes plantes.<br \/>\n- On n'a jamais assez de plantes : Au fur et \u00e0 mesure que les plantes poussent ou que tu ajoutes de nouvelles plantes, modifie la forme de tes \u00e9tag\u00e8res ou ajoute des \u00e9tag\u00e8res suppl\u00e9mentaires pour qu'elles aient une apparence optimale.<br \/>\n- Joue avec les angles des plateaux pour donner \u00e0 ton \u00e9tag\u00e8re une structure originale et stable.<br \/>\n- Si tu le fais pousser verticalement, n'oublie pas de le fixer au mur \u00e0 l'aide de pinces adh\u00e9sives ou de crochets.<br \/>\n- Si tu utilises les plateaux comme plateaux d'arrosage, place les plantes ayant des besoins d'arrosage similaires ensemble et utilise le bord du plateau pour placer des plantes avec des suspensions.<br \/>\n- \u00c9conomise du temps et de l'eau gr\u00e2ce \u00e0 l'arrosage goutte \u00e0 goutte invisible et tire le meilleur parti de ton \u00e9tag\u00e8re.<\/p>\n<\/li>\n<\/ul>","protected":false},"excerpt":{"rendered":"<p>L'\u00e9tag\u00e8re pour plantes CitySens est un support pour plantes modulaire et adaptable. Mod\u00e8le avec 4 plateaux en blanc mat.<\/p>","protected":false},"featured_media":33161,"template":"","meta":[],"product_brand":[],"product_cat":[862,23,895],"product_tag":[906],"woo-feed-brand":[],"class_list":{"0":"post-33162","1":"product","2":"type-product","3":"status-publish","4":"has-post-thumbnail","6":"product_cat-innenbegruenung","7":"product_cat-home-living","8":"product_cat-regale","9":"product_tag-surs-ag","11":"first","12":"instock","13":"taxable","14":"shipping-taxable","15":"purchasable","16":"product-type-simple"},"_links":{"self":[{"href":"https:\/\/fh-staging.vengo.cloud\/fr-ch\/wp-json\/wp\/v2\/product\/33162","targetHints":{"allow":["GET"]}}],"collection":[{"href":"https:\/\/fh-staging.vengo.cloud\/fr-ch\/wp-json\/wp\/v2\/product"}],"about":[{"href":"https:\/\/fh-staging.vengo.cloud\/fr-ch\/wp-json\/wp\/v2\/types\/product"}],"wp:featuredmedia":[{"embeddable":true,"href":"https:\/\/fh-staging.vengo.cloud\/fr-ch\/wp-json\/wp\/v2\/media\/33161"}],"wp:attachment":[{"href":"https:\/\/fh-staging.vengo.cloud\/fr-ch\/wp-json\/wp\/v2\/media?parent=33162"}],"wp:term":[{"taxonomy":"product_brand","embeddable":true,"href":"https:\/\/fh-staging.vengo.cloud\/fr-ch\/wp-json\/wp\/v2\/product_brand?post=33162"},{"taxonomy":"product_cat","embeddable":true,"href":"https:\/\/fh-staging.vengo.cloud\/fr-ch\/wp-json\/wp\/v2\/product_cat?post=33162"},{"taxonomy":"product_tag","embeddable":true,"href":"https:\/\/fh-staging.vengo.cloud\/fr-ch\/wp-json\/wp\/v2\/product_tag?post=33162"},{"taxonomy":"woo-feed-brand","embeddable":true,"href":"https:\/\/fh-staging.vengo.cloud\/fr-ch\/wp-json\/wp\/v2\/woo-feed-brand?post=33162"}],"curies":[{"name":"wp","href":"https:\/\/api.w.org\/{rel}","templated":true}]}}