{"id":33156,"date":"2024-04-24T11:52:10","date_gmt":"2024-04-24T09:52:10","guid":{"rendered":"https:\/\/fh-staging.vengo.cloud\/de-ch\/?post_type=product&#038;p=33156"},"modified":"2025-10-27T09:24:46","modified_gmt":"2025-10-27T08:24:46","slug":"bac-a-plantes-vertical-modulaire-3-bacs-couleur-ecorce-de-pin","status":"publish","type":"product","link":"https:\/\/fh-staging.vengo.cloud\/fr-ch\/p\/modularer-vertikaler-pflanzengefaess-3-toepfe-farbe-kiefernrinde","title":{"rendered":"Jardini\u00e8re verticale modulaire, 4 pots, couleur \u00e9corce de pin"},"content":{"rendered":"<p style=\"text-align: left;\">Jardini\u00e8re verticale de couleur \u00e9corce de pin et couvercle en teck. Modulaire et adaptable. Mod\u00e8le avec 4 pots. Place les pots dans diff\u00e9rentes positions. Hauteur 148 cm. Diam\u00e8tre des pots 13 cm.<\/p>\n<p>Fabriqu\u00e9 en Espagne \u00e0 partir de polypropyl\u00e8ne recycl\u00e9 100%. Assembl\u00e9 par des personnes aux capacit\u00e9s diff\u00e9rentes. En choisissant ce produit, tu nous aides \u00e0 promouvoir leur inclusion sociale.<\/p>\n<p style=\"text-align: left;\">- Jardini\u00e8re au design vertical. Disponible en deux tailles : 3 ou 4 pots ; et quatre couleurs : Gris, \u00e9corce de pin, noir ou blanc.<br \/>\n- Place les pots dans diff\u00e9rentes positions en fonction des besoins des plantes.<br \/>\n- Son design en tant que pot \u00e0 plantes d\u00e9coratif pour l'int\u00e9rieur a \u00e9t\u00e9 r\u00e9compens\u00e9 par des prix internationaux : IF Award, European Design Award, German Design Award.<br \/>\n- L'\u00e9quipe technique de CitySens offre un service client imm\u00e9diat et personnalis\u00e9 par t\u00e9l\u00e9phone ou par e-mail.<br \/>\n- Impact social : Le produit a \u00e9t\u00e9 con\u00e7u en Espagne et est fabriqu\u00e9 et assembl\u00e9 en Espagne par une \u00e9quipe de personnes handicap\u00e9es. En choisissant ce produit, tu nous aides \u00e0 promouvoir leur int\u00e9gration sociale.<br \/>\n- Dimensions du produit (LxlxH) : 29x29x115<\/p>","protected":false},"excerpt":{"rendered":"<p>Jardini\u00e8re verticale de couleur \u00e9corce de pin et couvercle en teck. Modulaire et adaptable. Mod\u00e8le avec 3 pots.<br \/>\nDimensions du produit (LxlxH) : 29x29x115<\/p>","protected":false},"featured_media":33155,"template":"","meta":[],"product_brand":[],"product_cat":[27,23,1200],"product_tag":[906],"woo-feed-brand":[],"class_list":{"0":"post-33156","1":"product","2":"type-product","3":"status-publish","4":"has-post-thumbnail","6":"product_cat-vasen-gefaesse","7":"product_cat-home-living","8":"product_cat-gefaesse","9":"product_tag-surs-ag","11":"first","12":"instock","13":"taxable","14":"shipping-taxable","15":"purchasable","16":"product-type-simple"},"_links":{"self":[{"href":"https:\/\/fh-staging.vengo.cloud\/fr-ch\/wp-json\/wp\/v2\/product\/33156","targetHints":{"allow":["GET"]}}],"collection":[{"href":"https:\/\/fh-staging.vengo.cloud\/fr-ch\/wp-json\/wp\/v2\/product"}],"about":[{"href":"https:\/\/fh-staging.vengo.cloud\/fr-ch\/wp-json\/wp\/v2\/types\/product"}],"wp:featuredmedia":[{"embeddable":true,"href":"https:\/\/fh-staging.vengo.cloud\/fr-ch\/wp-json\/wp\/v2\/media\/33155"}],"wp:attachment":[{"href":"https:\/\/fh-staging.vengo.cloud\/fr-ch\/wp-json\/wp\/v2\/media?parent=33156"}],"wp:term":[{"taxonomy":"product_brand","embeddable":true,"href":"https:\/\/fh-staging.vengo.cloud\/fr-ch\/wp-json\/wp\/v2\/product_brand?post=33156"},{"taxonomy":"product_cat","embeddable":true,"href":"https:\/\/fh-staging.vengo.cloud\/fr-ch\/wp-json\/wp\/v2\/product_cat?post=33156"},{"taxonomy":"product_tag","embeddable":true,"href":"https:\/\/fh-staging.vengo.cloud\/fr-ch\/wp-json\/wp\/v2\/product_tag?post=33156"},{"taxonomy":"woo-feed-brand","embeddable":true,"href":"https:\/\/fh-staging.vengo.cloud\/fr-ch\/wp-json\/wp\/v2\/woo-feed-brand?post=33156"}],"curies":[{"name":"wp","href":"https:\/\/api.w.org\/{rel}","templated":true}]}}