{"id":33044,"date":"2024-05-10T15:07:32","date_gmt":"2024-05-10T13:07:32","guid":{"rendered":"https:\/\/fh-staging.vengo.cloud\/?post_type=product&#038;p=33044"},"modified":"2025-12-24T14:15:55","modified_gmt":"2025-12-24T13:15:55","slug":"lis-vert","status":"publish","type":"product","link":"https:\/\/fh-staging.vengo.cloud\/fr-ch\/p\/gruenlilie","title":{"rendered":"Lis vert"},"content":{"rendered":"<p style=\"text-align: left\"><span lang=\"DE\">\"Livraison sans cache-pot\"<\/span><\/p>\n<p style=\"text-align: left\"><span lang=\"DE\">Le lys vert est l'une des plantes les plus faciles \u00e0 entretenir.<\/span><\/p>\n<table border=\"1\">\n<tbody>\n<tr>\n<td style=\"width: 302px;text-align: left\" width=\"302\">Hauteur de la plante :<\/td>\n<td style=\"width: 302px;text-align: left\" width=\"302\">Environ 25 \u00e0 35 cm<\/td>\n<\/tr>\n<tr>\n<td style=\"width: 302px;text-align: left\" width=\"302\">Dimensions du pot \u00e0 plantes (D x H) :<\/td>\n<td style=\"width: 302px;text-align: left\" width=\"302\">Environ 12 x 10.5 cm<\/td>\n<\/tr>\n<tr>\n<td style=\"width: 302px;text-align: left\" width=\"302\">Conditions de lumi\u00e8re :<\/td>\n<td style=\"width: 302px;text-align: left\" width=\"302\">- Clair<\/p>\n<p>- Pas de lumi\u00e8re directe du soleil<\/td>\n<\/tr>\n<tr>\n<td style=\"width: 302px;text-align: left\" width=\"302\">Prendre soin de soi :<\/td>\n<td style=\"width: 302px;text-align: left\" width=\"302\">- L\u00e9ger<\/p>\n<p>- Du printemps \u00e0 l'\u00e9t\u00e9, fertiliser l\u00e9g\u00e8rement toutes les 2 semaines<\/td>\n<\/tr>\n<tr>\n<td style=\"width: 302px;text-align: left\" width=\"302\">Irrigation :<\/td>\n<td style=\"width: 302px;text-align: left\" width=\"302\">- Tous les 7 \u00e0 14 jours, d\u00e8s que la partie sup\u00e9rieure de la terre est s\u00e8che<\/p>\n<p>- Si les feuilles deviennent plus p\u00e2les, elle a soif<\/p>\n<p>- Vaporise la plante de temps en temps avec de l'eau<\/td>\n<\/tr>\n<tr>\n<td style=\"width: 302px;text-align: left\" width=\"302\">Accepte les animaux domestiques et les enfants :<\/td>\n<td style=\"width: 302px;text-align: left\" width=\"302\">Oui<\/td>\n<\/tr>\n<tr>\n<td style=\"width: 302px;text-align: left\" width=\"302\">Des indices :<\/td>\n<td style=\"width: 302px;text-align: left\" width=\"302\">- Filtre les toxines de l'air<\/p>\n<p>- Peut aussi \u00eatre plac\u00e9 \u00e0 l'ext\u00e9rieur en \u00e9t\u00e9<\/td>\n<\/tr>\n<\/tbody>\n<\/table>\n<p style=\"text-align: left\">","protected":false},"excerpt":{"rendered":"<p>Lis vert, chlorophytum comosum<\/p>","protected":false},"featured_media":33046,"template":"","meta":[],"product_brand":[],"product_cat":[118,23,26],"product_tag":[325],"woo-feed-brand":[],"class_list":{"0":"post-33044","1":"product","2":"type-product","3":"status-publish","4":"has-post-thumbnail","6":"product_cat-zimmerpflanzen","7":"product_cat-home-living","8":"product_cat-blumen-pflanzen","9":"product_tag-veg-and-the-city","11":"first","12":"instock","13":"taxable","14":"shipping-taxable","15":"purchasable","16":"product-type-simple"},"_links":{"self":[{"href":"https:\/\/fh-staging.vengo.cloud\/fr-ch\/wp-json\/wp\/v2\/product\/33044","targetHints":{"allow":["GET"]}}],"collection":[{"href":"https:\/\/fh-staging.vengo.cloud\/fr-ch\/wp-json\/wp\/v2\/product"}],"about":[{"href":"https:\/\/fh-staging.vengo.cloud\/fr-ch\/wp-json\/wp\/v2\/types\/product"}],"wp:featuredmedia":[{"embeddable":true,"href":"https:\/\/fh-staging.vengo.cloud\/fr-ch\/wp-json\/wp\/v2\/media\/33046"}],"wp:attachment":[{"href":"https:\/\/fh-staging.vengo.cloud\/fr-ch\/wp-json\/wp\/v2\/media?parent=33044"}],"wp:term":[{"taxonomy":"product_brand","embeddable":true,"href":"https:\/\/fh-staging.vengo.cloud\/fr-ch\/wp-json\/wp\/v2\/product_brand?post=33044"},{"taxonomy":"product_cat","embeddable":true,"href":"https:\/\/fh-staging.vengo.cloud\/fr-ch\/wp-json\/wp\/v2\/product_cat?post=33044"},{"taxonomy":"product_tag","embeddable":true,"href":"https:\/\/fh-staging.vengo.cloud\/fr-ch\/wp-json\/wp\/v2\/product_tag?post=33044"},{"taxonomy":"woo-feed-brand","embeddable":true,"href":"https:\/\/fh-staging.vengo.cloud\/fr-ch\/wp-json\/wp\/v2\/woo-feed-brand?post=33044"}],"curies":[{"name":"wp","href":"https:\/\/api.w.org\/{rel}","templated":true}]}}