{"id":32243,"date":"2024-05-28T08:37:27","date_gmt":"2024-05-28T06:37:27","guid":{"rendered":"https:\/\/fh-staging.vengo.cloud\/?post_type=product&#038;p=32243"},"modified":"2025-04-01T04:39:12","modified_gmt":"2025-04-01T02:39:12","slug":"mobile-pour-bebe-petit-renard-nature","status":"publish","type":"product","link":"https:\/\/fh-staging.vengo.cloud\/fr-ch\/p\/baby-mobile-kleiner-fuchs-natur","title":{"rendered":"Mobile pour b\u00e9b\u00e9 petit renard naturel"},"content":{"rendered":"<p style=\"text-align: left\"><strong>Mobile pour b\u00e9b\u00e9 avec petit renard<\/strong><\/p>\n<p style=\"text-align: left\"><strong>Mat\u00e9riaux : bois, coton, feutre<\/strong><\/p>\n<p style=\"text-align: left\"><strong>Les couleurs : Beige<\/strong><strong>, blanc<\/strong><\/p>\n<ul style=\"list-style-type: disc\">\n<li style=\"text-align: left\">Diam\u00e8tre du cerceau en bois : environ 28cm<\/li>\n<li style=\"text-align: left\">100% fait \u00e0 la main<\/li>\n<li style=\"text-align: left\">Magnifique motif de renard avec des nuages et des \u00e9toiles<\/li>\n<li style=\"text-align: left\">Le crochet de suspension n'est pas inclus dans la livraison<\/li>\n<\/ul>\n<p style=\"text-align: left\"><strong><br \/>\nATTENTION !<br \/>\n<\/strong>Veuillez noter qu'il ne s'agit pas d'un jouet et qu'il doit donc \u00eatre plac\u00e9 hors de port\u00e9e des enfants. Nous d\u00e9clinons toute responsabilit\u00e9 en cas d'utilisation inappropri\u00e9e.<\/p>\n<p style=\"text-align: left\"><strong>La couleur des produits peut varier l\u00e9g\u00e8rement par rapport aux images des produits.<\/strong><\/p>\n<p style=\"text-align: left\"><strong>\u00a0<\/strong><\/p>","protected":false},"excerpt":{"rendered":"<p>D\u00e9couvre notre adorable mobile pour b\u00e9b\u00e9 !<\/p>\n<p>D\u00e9couvre notre adorable mobile pour b\u00e9b\u00e9 ! Notre mobile pour b\u00e9b\u00e9 est plus qu'un joli accessoire - c'est une \u0153uvre d'art interactive qui stimule les sens de ton b\u00e9b\u00e9. Les formes color\u00e9es stimulent les capacit\u00e9s motrices et il cr\u00e9e un environnement s\u00fbr et stimulant pour ton petit tr\u00e9sor. Facile \u00e0 installer et fabriqu\u00e9 \u00e0 partir de mat\u00e9riaux non toxiques de haute qualit\u00e9, notre mobile offre des moments inoubliables d'amusement et de d\u00e9couverte \u00e0 ton b\u00e9b\u00e9 !<\/p>","protected":false},"featured_media":32244,"template":"","meta":[],"product_brand":[],"product_cat":[64,59],"product_tag":[336],"woo-feed-brand":[],"class_list":{"0":"post-32243","1":"product","2":"type-product","3":"status-publish","4":"has-post-thumbnail","6":"product_cat-kinderzimmer-deko","7":"product_cat-kids","8":"product_tag-teddi-bebe","10":"first","11":"instock","12":"taxable","13":"shipping-taxable","14":"purchasable","15":"product-type-simple"},"_links":{"self":[{"href":"https:\/\/fh-staging.vengo.cloud\/fr-ch\/wp-json\/wp\/v2\/product\/32243","targetHints":{"allow":["GET"]}}],"collection":[{"href":"https:\/\/fh-staging.vengo.cloud\/fr-ch\/wp-json\/wp\/v2\/product"}],"about":[{"href":"https:\/\/fh-staging.vengo.cloud\/fr-ch\/wp-json\/wp\/v2\/types\/product"}],"wp:featuredmedia":[{"embeddable":true,"href":"https:\/\/fh-staging.vengo.cloud\/fr-ch\/wp-json\/wp\/v2\/media\/32244"}],"wp:attachment":[{"href":"https:\/\/fh-staging.vengo.cloud\/fr-ch\/wp-json\/wp\/v2\/media?parent=32243"}],"wp:term":[{"taxonomy":"product_brand","embeddable":true,"href":"https:\/\/fh-staging.vengo.cloud\/fr-ch\/wp-json\/wp\/v2\/product_brand?post=32243"},{"taxonomy":"product_cat","embeddable":true,"href":"https:\/\/fh-staging.vengo.cloud\/fr-ch\/wp-json\/wp\/v2\/product_cat?post=32243"},{"taxonomy":"product_tag","embeddable":true,"href":"https:\/\/fh-staging.vengo.cloud\/fr-ch\/wp-json\/wp\/v2\/product_tag?post=32243"},{"taxonomy":"woo-feed-brand","embeddable":true,"href":"https:\/\/fh-staging.vengo.cloud\/fr-ch\/wp-json\/wp\/v2\/woo-feed-brand?post=32243"}],"curies":[{"name":"wp","href":"https:\/\/api.w.org\/{rel}","templated":true}]}}