{"id":32194,"date":"2024-05-28T08:37:25","date_gmt":"2024-05-28T06:37:25","guid":{"rendered":"https:\/\/fh-staging.vengo.cloud\/?post_type=product&#038;p=32194"},"modified":"2025-04-01T04:39:30","modified_gmt":"2025-04-01T02:39:30","slug":"chaine-maxi-cosi-petit-ours-avec-clochette","status":"publish","type":"product","link":"https:\/\/fh-staging.vengo.cloud\/fr-ch\/p\/maxi-cosi-kette-kleiner-baer-mit-glocke","title":{"rendered":"Cha\u00eene Maxi Cosi petit ours avec clochette"},"content":{"rendered":"<p style=\"text-align: left\"><strong>Cha\u00eene Maxi Cosi<br \/>\n<\/strong><\/p>\n<p style=\"text-align: left\"><strong>couleur : marron, beige<br \/>\n<\/strong><\/p>\n<div class=\"product__description rte\">\n<ul style=\"text-align: left\">\n<li>Perles en silicone\/bois<\/li>\n<li>Avec des perles \u00e0 crocheter, des oursons \u00e0 crocheter et des clochettes \u00e0 crocheter<\/li>\n<li>La ficelle r\u00e9pond aux normes \u00e9cologiques et est extr\u00eamement r\u00e9sistante \u00e0 la d\u00e9chirure.<\/li>\n<li>Les couleurs sont inalt\u00e9rables, r\u00e9sistantes \u00e0 la salive et \u00e0 la sueur<\/li>\n<li>La cha\u00eene fait environ 28cm de long<\/li>\n<\/ul>\n<p style=\"text-align: left\"><strong>Pour la s\u00e9curit\u00e9 de ton enfant, tiens compte de ce qui suit :<\/strong><\/p>\n<p style=\"text-align: left\"><strong>ATTENTION !<\/strong><\/p>\n<ul style=\"text-align: left\">\n<li>Nettoie l'article avant la premi\u00e8re utilisation<\/li>\n<li>V\u00e9rifie l'article avant chaque utilisation<\/li>\n<li>D\u00e8s les premiers signes de d\u00e9fauts, \u00e9limine-les imm\u00e9diatement<\/li>\n<li>A utiliser uniquement sous la surveillance d'un adulte<\/li>\n<li>Pour le nettoyer, rince-le \u00e0 l'eau chaude et laisse-le s\u00e9cher.<\/li>\n<li>Aucune responsabilit\u00e9 en cas de mauvaise utilisation<\/li>\n<\/ul>\n<p style=\"text-align: left\"><em>La forme et la couleur des produits peuvent varier l\u00e9g\u00e8rement par rapport aux images des produits.<\/em><\/p>\n<\/div>\n<p style=\"text-align: left\"><strong>\u00a0<\/strong><\/p>\n<p>&nbsp;<\/p>","protected":false},"excerpt":{"rendered":"<p>Gr\u00e2ce \u00e0 la cha\u00eene pratique Maxi Cosi, ton petit ch\u00e9ri ne s'ennuiera jamais, m\u00eame en d\u00e9placement. La cha\u00eene peut \u00eatre facilement retir\u00e9e et fix\u00e9e \u00e0 d'autres objets, comme un babygym en bois par exemple.<\/p>","protected":false},"featured_media":32195,"template":"","meta":[],"product_brand":[],"product_cat":[62,59],"product_tag":[336],"woo-feed-brand":[],"class_list":{"0":"post-32194","1":"product","2":"type-product","3":"status-publish","4":"has-post-thumbnail","6":"product_cat-spielzeug","7":"product_cat-kids","8":"product_tag-teddi-bebe","10":"first","11":"instock","12":"taxable","13":"shipping-taxable","14":"purchasable","15":"product-type-simple"},"_links":{"self":[{"href":"https:\/\/fh-staging.vengo.cloud\/fr-ch\/wp-json\/wp\/v2\/product\/32194","targetHints":{"allow":["GET"]}}],"collection":[{"href":"https:\/\/fh-staging.vengo.cloud\/fr-ch\/wp-json\/wp\/v2\/product"}],"about":[{"href":"https:\/\/fh-staging.vengo.cloud\/fr-ch\/wp-json\/wp\/v2\/types\/product"}],"wp:featuredmedia":[{"embeddable":true,"href":"https:\/\/fh-staging.vengo.cloud\/fr-ch\/wp-json\/wp\/v2\/media\/32195"}],"wp:attachment":[{"href":"https:\/\/fh-staging.vengo.cloud\/fr-ch\/wp-json\/wp\/v2\/media?parent=32194"}],"wp:term":[{"taxonomy":"product_brand","embeddable":true,"href":"https:\/\/fh-staging.vengo.cloud\/fr-ch\/wp-json\/wp\/v2\/product_brand?post=32194"},{"taxonomy":"product_cat","embeddable":true,"href":"https:\/\/fh-staging.vengo.cloud\/fr-ch\/wp-json\/wp\/v2\/product_cat?post=32194"},{"taxonomy":"product_tag","embeddable":true,"href":"https:\/\/fh-staging.vengo.cloud\/fr-ch\/wp-json\/wp\/v2\/product_tag?post=32194"},{"taxonomy":"woo-feed-brand","embeddable":true,"href":"https:\/\/fh-staging.vengo.cloud\/fr-ch\/wp-json\/wp\/v2\/woo-feed-brand?post=32194"}],"curies":[{"name":"wp","href":"https:\/\/api.w.org\/{rel}","templated":true}]}}