{"id":15613,"date":"2024-05-28T08:37:29","date_gmt":"2024-05-28T06:37:29","guid":{"rendered":"https:\/\/fh-staging.vengo.cloud\/?product=mini-hakel-kuh"},"modified":"2025-04-01T04:38:49","modified_gmt":"2025-04-01T02:38:49","slug":"mini-vache-hakel","status":"publish","type":"product","link":"https:\/\/fh-staging.vengo.cloud\/fr-ch\/p\/mini-hakel-kuh","title":{"rendered":"Mini vache au crochet"},"content":{"rendered":"<p style=\"text-align: left;\" data-mce-fragment=\"1\"><strong data-mce-fragment=\"1\">Mini-vache<\/strong><\/p>\n<p style=\"text-align: left;\" data-mce-fragment=\"1\"><strong data-mce-fragment=\"1\">Mat\u00e9riaux : fil bio<\/strong><\/p>\n<p style=\"text-align: left;\" data-mce-fragment=\"1\"><strong data-mce-fragment=\"1\">Couleurs : Blanc, noir<br \/>\n<\/strong><\/p>\n<ul style=\"text-align: left;\" data-mce-fragment=\"1\">\n<li data-mce-fragment=\"1\">Taille : environ 12cm<\/li>\n<li data-mce-fragment=\"1\">Magnifique vache<\/li>\n<li data-mce-fragment=\"1\">Lavage \u00e0 la main uniquement<\/li>\n<\/ul>\n<p style=\"text-align: left;\" data-mce-fragment=\"1\">Nous d\u00e9clinons toute responsabilit\u00e9 en cas de mauvaise utilisation.<\/p>","protected":false},"excerpt":{"rendered":"<p>La mini-vache Crochet est fabriqu\u00e9e \u00e0 la main avec amour. Gr\u00e2ce \u00e0 sa petite taille pratique, ton b\u00e9b\u00e9 peut facilement tenir le mini-animal et la joie dans la chambre d'enfant et en d\u00e9placement est toujours assur\u00e9e.<\/p>","protected":false},"featured_media":32046,"template":"","meta":[],"product_brand":[],"product_cat":[62,1018,1026,59],"product_tag":[336],"woo-feed-brand":[],"class_list":{"0":"post-15613","1":"product","2":"type-product","3":"status-publish","4":"has-post-thumbnail","6":"product_cat-spielzeug","7":"product_cat-ostern","8":"product_cat-osternest","9":"product_cat-kids","10":"product_tag-teddi-bebe","12":"first","13":"instock","14":"taxable","15":"shipping-taxable","16":"purchasable","17":"product-type-simple"},"_links":{"self":[{"href":"https:\/\/fh-staging.vengo.cloud\/fr-ch\/wp-json\/wp\/v2\/product\/15613","targetHints":{"allow":["GET"]}}],"collection":[{"href":"https:\/\/fh-staging.vengo.cloud\/fr-ch\/wp-json\/wp\/v2\/product"}],"about":[{"href":"https:\/\/fh-staging.vengo.cloud\/fr-ch\/wp-json\/wp\/v2\/types\/product"}],"wp:featuredmedia":[{"embeddable":true,"href":"https:\/\/fh-staging.vengo.cloud\/fr-ch\/wp-json\/wp\/v2\/media\/32046"}],"wp:attachment":[{"href":"https:\/\/fh-staging.vengo.cloud\/fr-ch\/wp-json\/wp\/v2\/media?parent=15613"}],"wp:term":[{"taxonomy":"product_brand","embeddable":true,"href":"https:\/\/fh-staging.vengo.cloud\/fr-ch\/wp-json\/wp\/v2\/product_brand?post=15613"},{"taxonomy":"product_cat","embeddable":true,"href":"https:\/\/fh-staging.vengo.cloud\/fr-ch\/wp-json\/wp\/v2\/product_cat?post=15613"},{"taxonomy":"product_tag","embeddable":true,"href":"https:\/\/fh-staging.vengo.cloud\/fr-ch\/wp-json\/wp\/v2\/product_tag?post=15613"},{"taxonomy":"woo-feed-brand","embeddable":true,"href":"https:\/\/fh-staging.vengo.cloud\/fr-ch\/wp-json\/wp\/v2\/woo-feed-brand?post=15613"}],"curies":[{"name":"wp","href":"https:\/\/api.w.org\/{rel}","templated":true}]}}