{"id":15431,"date":"2024-01-17T11:57:44","date_gmt":"2024-01-17T10:57:44","guid":{"rendered":"https:\/\/fh-staging.vengo.cloud\/?product=makramee-schnullerkette-blau-stern"},"modified":"2025-04-01T04:55:59","modified_gmt":"2025-04-01T02:55:59","slug":"chaine-pour-tetine-makramee-bleue-etoile","status":"publish","type":"product","link":"https:\/\/fh-staging.vengo.cloud\/fr-ch\/p\/makramee-schnullerkette-blau-stern","title":{"rendered":"Attache-sucette en macram\u00e9 bleu \u00e9toile"},"content":{"rendered":"<p style=\"text-align: left;\">Cha\u00eene pour t\u00e9tines nou\u00e9e \u00e0 la main en fil de macram\u00e9.<\/p>\n<p style=\"text-align: left;\">Mat\u00e9riel :<\/p>\n<p style=\"text-align: left;\">- Fil en coton recycl\u00e9 et certifi\u00e9 Oeko Tex Standard 100<\/p>\n<p style=\"text-align: left;\">- Clip en bois de h\u00eatre<\/p>","protected":false},"excerpt":{"rendered":"<p>Attache-sucette en macram\u00e9 bleu \u00e9toile<\/p>","protected":false},"featured_media":15432,"template":"","meta":[],"product_brand":[],"product_cat":[62,910,1018,1026,909,916,59],"product_tag":[331],"woo-feed-brand":[],"class_list":{"0":"post-15431","1":"product","2":"type-product","3":"status-publish","4":"has-post-thumbnail","6":"product_cat-spielzeug","7":"product_cat-geschenkideen","8":"product_cat-ostern","9":"product_cat-osternest","10":"product_cat-weihnachten","11":"product_cat-praesente","12":"product_cat-kids","13":"product_tag-blush-couture-gmbh","15":"first","16":"instock","17":"taxable","18":"shipping-taxable","19":"purchasable","20":"product-type-simple"},"_links":{"self":[{"href":"https:\/\/fh-staging.vengo.cloud\/fr-ch\/wp-json\/wp\/v2\/product\/15431","targetHints":{"allow":["GET"]}}],"collection":[{"href":"https:\/\/fh-staging.vengo.cloud\/fr-ch\/wp-json\/wp\/v2\/product"}],"about":[{"href":"https:\/\/fh-staging.vengo.cloud\/fr-ch\/wp-json\/wp\/v2\/types\/product"}],"wp:featuredmedia":[{"embeddable":true,"href":"https:\/\/fh-staging.vengo.cloud\/fr-ch\/wp-json\/wp\/v2\/media\/15432"}],"wp:attachment":[{"href":"https:\/\/fh-staging.vengo.cloud\/fr-ch\/wp-json\/wp\/v2\/media?parent=15431"}],"wp:term":[{"taxonomy":"product_brand","embeddable":true,"href":"https:\/\/fh-staging.vengo.cloud\/fr-ch\/wp-json\/wp\/v2\/product_brand?post=15431"},{"taxonomy":"product_cat","embeddable":true,"href":"https:\/\/fh-staging.vengo.cloud\/fr-ch\/wp-json\/wp\/v2\/product_cat?post=15431"},{"taxonomy":"product_tag","embeddable":true,"href":"https:\/\/fh-staging.vengo.cloud\/fr-ch\/wp-json\/wp\/v2\/product_tag?post=15431"},{"taxonomy":"woo-feed-brand","embeddable":true,"href":"https:\/\/fh-staging.vengo.cloud\/fr-ch\/wp-json\/wp\/v2\/woo-feed-brand?post=15431"}],"curies":[{"name":"wp","href":"https:\/\/api.w.org\/{rel}","templated":true}]}}