{"id":15410,"date":"2024-01-17T11:24:18","date_gmt":"2024-01-17T10:24:18","guid":{"rendered":"https:\/\/fh-staging.vengo.cloud\/?product=sabberlatz-onesize-dunkelblau"},"modified":"2025-04-01T04:56:14","modified_gmt":"2025-04-01T02:56:14","slug":"bavoir-onesize-bleu-fonce","status":"publish","type":"product","link":"https:\/\/fh-staging.vengo.cloud\/fr-ch\/p\/sabberlatz-onesize-dunkelblau","title":{"rendered":"bavoir onesize bleu fonc\u00e9"},"content":{"rendered":"<p style=\"text-align: left;\">Quels parents ne connaissent pas cela ? Quand les nouvelles dents de ton pauvre enfant poussent, qu'il apprend \u00e0 mettre ses mains dans sa bouche ou qu'il fait ses premiers pas en mangeant et que son beau pull est constamment tremp\u00e9 ou tach\u00e9. Pour cela, il existe de superbes bavoirs en deux tailles diff\u00e9rentes. Ils servent aussi d'accessoire sympa.<\/p>\n<p style=\"text-align: left;\">Mati\u00e8re : 100% coton (mousseline)<br \/>\nTaille : Onesize (\u00e0 partir de 9 mois)<\/p>\n<p style=\"text-align: left;\">Instruction de lavage :<\/p>\n<p style=\"text-align: left;\">- lavable jusqu'\u00e0 40 degr\u00e9s<br \/>\n- utiliser un adoucissant si n\u00e9cessaire<br \/>\n- peut \u00eatre s\u00e9ch\u00e9 \u00e0 la machine<br \/>\n- V\u00e9rifier que le tambour de lavage ne pr\u00e9sente pas de zones rugueuses<\/p>\n<p style=\"text-align: left;\">La couleur peut diff\u00e9rer de l'original !<\/p>","protected":false},"excerpt":{"rendered":"<p>bavoir onesize bleu fonc\u00e9 (9 mois et +)<\/p>","protected":false},"featured_media":15411,"template":"","meta":[],"product_brand":[],"product_cat":[60,1018,1026,59],"product_tag":[331],"woo-feed-brand":[],"class_list":{"0":"post-15410","1":"product","2":"type-product","3":"status-publish","4":"has-post-thumbnail","6":"product_cat-kindertextilien","7":"product_cat-ostern","8":"product_cat-osternest","9":"product_cat-kids","10":"product_tag-blush-couture-gmbh","12":"first","13":"instock","14":"taxable","15":"shipping-taxable","16":"purchasable","17":"product-type-simple"},"_links":{"self":[{"href":"https:\/\/fh-staging.vengo.cloud\/fr-ch\/wp-json\/wp\/v2\/product\/15410","targetHints":{"allow":["GET"]}}],"collection":[{"href":"https:\/\/fh-staging.vengo.cloud\/fr-ch\/wp-json\/wp\/v2\/product"}],"about":[{"href":"https:\/\/fh-staging.vengo.cloud\/fr-ch\/wp-json\/wp\/v2\/types\/product"}],"wp:featuredmedia":[{"embeddable":true,"href":"https:\/\/fh-staging.vengo.cloud\/fr-ch\/wp-json\/wp\/v2\/media\/15411"}],"wp:attachment":[{"href":"https:\/\/fh-staging.vengo.cloud\/fr-ch\/wp-json\/wp\/v2\/media?parent=15410"}],"wp:term":[{"taxonomy":"product_brand","embeddable":true,"href":"https:\/\/fh-staging.vengo.cloud\/fr-ch\/wp-json\/wp\/v2\/product_brand?post=15410"},{"taxonomy":"product_cat","embeddable":true,"href":"https:\/\/fh-staging.vengo.cloud\/fr-ch\/wp-json\/wp\/v2\/product_cat?post=15410"},{"taxonomy":"product_tag","embeddable":true,"href":"https:\/\/fh-staging.vengo.cloud\/fr-ch\/wp-json\/wp\/v2\/product_tag?post=15410"},{"taxonomy":"woo-feed-brand","embeddable":true,"href":"https:\/\/fh-staging.vengo.cloud\/fr-ch\/wp-json\/wp\/v2\/woo-feed-brand?post=15410"}],"curies":[{"name":"wp","href":"https:\/\/api.w.org\/{rel}","templated":true}]}}