{"id":15014,"date":"2024-01-04T16:38:44","date_gmt":"2024-01-04T16:38:44","guid":{"rendered":"https:\/\/fh-staging.vengo.cloud\/?product=blumen-herz-mit-roter-rose"},"modified":"2025-04-01T05:05:04","modified_gmt":"2025-04-01T03:05:04","slug":"fleur-coeur-avec-rose-rouge","status":"publish","type":"product","link":"https:\/\/fh-staging.vengo.cloud\/fr-ch\/p\/blumen-herz-mit-roter-rose","title":{"rendered":"Fleurs coeur avec rose rouge"},"content":{"rendered":"<p style=\"text-align: left\">Avec ce cadeau tendance, la surprise sera inoubliable. Notre sac \u00e0 fleurs est con\u00e7u avec des fleurs s\u00e9ch\u00e9es et des fleurs textiles tr\u00e8s tendance.<\/p>\n<p style=\"text-align: left\">Dimensions du c\u0153ur de fleur : longueur d'environ 20cm\/largeur d'environ 18cm\/hauteur d'environ 17cm, fleurs incluses.<\/p>\n<p style=\"text-align: left\"><strong><br \/>\nPourquoi notre c\u0153ur de fleurs s\u00e9ch\u00e9es et de fleurs textiles ?<\/strong><\/p>\n<p>&nbsp;<\/p>\n<p><strong>Une beaut\u00e9 imp\u00e9rissable :<\/strong> Les fleurs s\u00e8ches et textiles conservent leur beaut\u00e9 pour toujours. Un symbole de ton amour qui ne se fane jamais.<\/p>\n<p><strong>Des souvenirs parfum\u00e9s :<\/strong> Ajoute une touche de romantisme au c\u0153ur en y ajoutant un parfum discret. Chaque fois que ton partenaire regarde le c\u0153ur, de doux souvenirs de vous deux reviennent \u00e0 l'esprit. Commande le c\u0153ur personnalis\u00e9 pour conqu\u00e9rir le c\u0153ur de ton \/ ta bien-aim\u00e9(e).<\/p>\n<p style=\"text-align: left\">Le c\u0153ur de fleurs peut \u00eatre utilis\u00e9 comme cadeau pour la Saint-Valentin, la f\u00eate des m\u00e8res, simplement comme accessoire d'int\u00e9rieur ou comme d\u00e9coration de table. Les fleurs s\u00e9ch\u00e9es et les fleurs textiles se conservent longtemps, et le c\u0153ur de fleur peut donc \u00eatre r\u00e9utilis\u00e9 pour la d\u00e9coration tout au long de l'ann\u00e9e.<\/p>\n<p>- Les c\u0153urs de fleurs avec des fleurs s\u00e9ch\u00e9es, des fleurs textiles &amp; des mat\u00e9riaux artificiels sont compos\u00e9s individuellement par nos soins et peuvent donc varier en termes de disposition et de couleur.<br \/>\n- Pour la cr\u00e9ation, on utilise en partie des mat\u00e9riaux de d\u00e9coration mont\u00e9s ainsi que des aides techniques en bois, fil de fer, colle, raphia et autres, qui peuvent \u00e9galement \u00eatre visibles. Le c\u0153ur est con\u00e7u en carton\/papier et peut pr\u00e9senter des ombres\/restes de colle et des points de pression en raison du processus de collage.<\/p>\n<p style=\"text-align: left\">- Il y a aussi en partie des fleurs\/branches stabilis\u00e9es. En raison de la stabilisation et de la coloration, les branches ont une humidit\u00e9 r\u00e9siduelle dans les feuilles et peuvent transmettre de la couleur aux mains, aux v\u00eatements, etc. Fais attention s'il te pla\u00eet ! Veuillez d\u00e9baller les fleurs avec pr\u00e9caution et, le cas \u00e9ch\u00e9ant, r\u00e9ajuster l\u00e9g\u00e8rement les fleurs et le ruban dans le panier \u00e0 fleurs.<\/p>\n<p style=\"text-align: left\"><strong><br \/>\nImportant \u00e0 savoir<\/strong> Les p\u00e9tales de rose dispers\u00e9s sur la photo ne font pas partie du produit. Mais tu peux les commander en compl\u00e9ment. Voir la rubrique \"A assortir<strong>&#187; &#8211;<\/strong>De v\u00e9ritables p\u00e9tales de roses rouges stabilis\u00e9es - des p\u00e9tales de roses \u00e0 saupoudrer.<\/p>\n<p style=\"text-align: left\"><strong><br \/>\nAttention !<\/strong><br \/>\nIl peut y avoir des diff\u00e9rences entre la couleur illustr\u00e9e sur le site web et la couleur r\u00e9elle. Cela en raison de l'incidence de la lumi\u00e8re, de la luminosit\u00e9 du moniteur, du r\u00e9glage du contraste, etc. De m\u00eame dans la disposition \/ composition des mat\u00e9riaux et des articles de d\u00e9coration.<\/p>","protected":false},"excerpt":{"rendered":"<p>Offr\u00e9 en cadeau ou achet\u00e9 pour soi-m\u00eame, le c\u0153ur floral \u00e0 la rose rouge compos\u00e9 de fleurs s\u00e9ch\u00e9es tendance et de fleurs textiles artistiques est plus qu'une simple d\u00e9coration - c'est une d\u00e9claration d'amour sous forme de fleurs.<\/p>","protected":false},"featured_media":15015,"template":"","meta":[],"product_brand":[],"product_cat":[107,23,26],"product_tag":[290],"woo-feed-brand":[],"class_list":{"0":"post-15014","1":"product","2":"type-product","3":"status-publish","4":"has-post-thumbnail","6":"product_cat-kunstblumen","7":"product_cat-home-living","8":"product_cat-blumen-pflanzen","9":"product_tag-atelier-leutwyler","11":"first","12":"instock","13":"taxable","14":"shipping-taxable","15":"purchasable","16":"product-type-simple"},"_links":{"self":[{"href":"https:\/\/fh-staging.vengo.cloud\/fr-ch\/wp-json\/wp\/v2\/product\/15014","targetHints":{"allow":["GET"]}}],"collection":[{"href":"https:\/\/fh-staging.vengo.cloud\/fr-ch\/wp-json\/wp\/v2\/product"}],"about":[{"href":"https:\/\/fh-staging.vengo.cloud\/fr-ch\/wp-json\/wp\/v2\/types\/product"}],"wp:featuredmedia":[{"embeddable":true,"href":"https:\/\/fh-staging.vengo.cloud\/fr-ch\/wp-json\/wp\/v2\/media\/15015"}],"wp:attachment":[{"href":"https:\/\/fh-staging.vengo.cloud\/fr-ch\/wp-json\/wp\/v2\/media?parent=15014"}],"wp:term":[{"taxonomy":"product_brand","embeddable":true,"href":"https:\/\/fh-staging.vengo.cloud\/fr-ch\/wp-json\/wp\/v2\/product_brand?post=15014"},{"taxonomy":"product_cat","embeddable":true,"href":"https:\/\/fh-staging.vengo.cloud\/fr-ch\/wp-json\/wp\/v2\/product_cat?post=15014"},{"taxonomy":"product_tag","embeddable":true,"href":"https:\/\/fh-staging.vengo.cloud\/fr-ch\/wp-json\/wp\/v2\/product_tag?post=15014"},{"taxonomy":"woo-feed-brand","embeddable":true,"href":"https:\/\/fh-staging.vengo.cloud\/fr-ch\/wp-json\/wp\/v2\/woo-feed-brand?post=15014"}],"curies":[{"name":"wp","href":"https:\/\/api.w.org\/{rel}","templated":true}]}}